{"id":1658,"date":"2025-04-18T07:36:05","date_gmt":"2025-04-18T05:36:05","guid":{"rendered":"https:\/\/www.regionalis.shop\/ricardart\/product\/circle-doppelarmband-bergkristall-lavastein-8mm-edelstahl\/"},"modified":"2025-04-18T07:36:05","modified_gmt":"2025-04-18T05:36:05","slug":"circle-doppelarmband-bergkristall-lavastein-8mm-edelstahl","status":"publish","type":"product","link":"https:\/\/www.regionalis.shop\/ricardart\/shop\/circle-doppelarmband-bergkristall-lavastein-8mm-edelstahl\/","title":{"rendered":"CIRCLE Doppelarmband *Bergkristall\/Lavastein 8mm Edelstahl"},"content":{"rendered":"<p>Wasserfeste Doppelarmb\u00e4nder aus strapazierf\u00e4higem Makrameegarn, mit 8mm Verbinder aus hochwertigem Edelstahl &#038;  nat\u00fcrlichen Edelsteinen nach Wahl (Bergkristall oder 4mm Lavaperle)<br \/>\nMit l\u00e4ngenverstellbarem Schiebeverschluss zum individuellen anpassen an (fast) jedes Handgelenk.<br \/>\n*Du bekommst dein Armband h\u00fcbsch verpackt &#038; mit pers\u00f6nlichem Steckbrief beigelegt auf dem du die wichtigsten Infos zu deinem neuen Begleiter nachlesen kannst<\/p>\n","protected":false},"excerpt":{"rendered":"<p>Wasserfeste Doppelarmb\u00e4nder aus strapazierf\u00e4higem Makrameegarn, mit 8mm Verbinder aus hochwertigem Edelstahl &#038; nat\u00fcrlichen Edelsteinen nach Wahl (Bergkristall oder 4mm Lavaperle) Mit l\u00e4ngenverstellbarem Schiebeverschluss zum individuellen anpassen an (fast) jedes Handgelenk. *Du bekommst dein Armband h\u00fcbsch verpackt &#038; mit pers\u00f6nlichem Steckbrief beigelegt auf dem du die wichtigsten Infos zu deinem neuen Begleiter nachlesen kannst<\/p>\n","protected":false},"featured_media":1659,"template":"","meta":{"_acf_changed":false},"product_brand":[],"product_cat":[110,70],"product_tag":[],"class_list":{"0":"post-1658","1":"product","2":"type-product","3":"status-publish","4":"has-post-thumbnail","6":"product_cat-armbaender","7":"product_cat-schmuck","9":"first","10":"instock","11":"purchasable","12":"product-type-simple"},"acf":[],"_links":{"self":[{"href":"https:\/\/www.regionalis.shop\/ricardart\/wp-json\/wp\/v2\/product\/1658","targetHints":{"allow":["GET"]}}],"collection":[{"href":"https:\/\/www.regionalis.shop\/ricardart\/wp-json\/wp\/v2\/product"}],"about":[{"href":"https:\/\/www.regionalis.shop\/ricardart\/wp-json\/wp\/v2\/types\/product"}],"wp:featuredmedia":[{"embeddable":true,"href":"https:\/\/www.regionalis.shop\/ricardart\/wp-json\/wp\/v2\/media\/1659"}],"wp:attachment":[{"href":"https:\/\/www.regionalis.shop\/ricardart\/wp-json\/wp\/v2\/media?parent=1658"}],"wp:term":[{"taxonomy":"product_brand","embeddable":true,"href":"https:\/\/www.regionalis.shop\/ricardart\/wp-json\/wp\/v2\/product_brand?post=1658"},{"taxonomy":"product_cat","embeddable":true,"href":"https:\/\/www.regionalis.shop\/ricardart\/wp-json\/wp\/v2\/product_cat?post=1658"},{"taxonomy":"product_tag","embeddable":true,"href":"https:\/\/www.regionalis.shop\/ricardart\/wp-json\/wp\/v2\/product_tag?post=1658"}],"curies":[{"name":"wp","href":"https:\/\/api.w.org\/{rel}","templated":true}]}}