{"id":1661,"date":"2025-04-18T07:35:29","date_gmt":"2025-04-18T05:35:29","guid":{"rendered":"https:\/\/www.regionalis.shop\/ricardart\/product\/circle-doppelarmband-obsidian-perlmutt-12mm-edelstahl\/"},"modified":"2025-04-18T07:35:29","modified_gmt":"2025-04-18T05:35:29","slug":"circle-doppelarmband-obsidian-perlmutt-12mm-edelstahl","status":"publish","type":"product","link":"https:\/\/www.regionalis.shop\/ricardart\/shop\/circle-doppelarmband-obsidian-perlmutt-12mm-edelstahl\/","title":{"rendered":"CIRCLE Doppelarmband *Obsidian\/Perlmutt  12mm Edelstahl"},"content":{"rendered":"<p>Wasserfeste Doppelarmb\u00e4nder aus strapazierf\u00e4higem Makrameegarn (gewachst &#038; wasserabweisend),  12mm Verbinder aus hochwertigem Edelstahl &#038;  nat\u00fcrlichen Edelsteinen nach Wahl (Obsidian oder Perlmutt)<br \/>\nMit l\u00e4ngenverstellbarem Schiebeverschluss zum individuellen anpassen an (fast) jedes Handgelenk.<br \/>\n*Du bekommst dein Armband h\u00fcbsch verpackt &#038; mit pers\u00f6nlichem Steckbrief beigelegt auf dem du die wichtigsten Infos zu deinem neuen Begleiter nachlesen kannst<\/p>\n","protected":false},"excerpt":{"rendered":"<p>Wasserfeste Doppelarmb\u00e4nder aus strapazierf\u00e4higem Makrameegarn (gewachst &#038; wasserabweisend), 12mm Verbinder aus hochwertigem Edelstahl &#038; nat\u00fcrlichen Edelsteinen nach Wahl (Obsidian oder Perlmutt) Mit l\u00e4ngenverstellbarem Schiebeverschluss zum individuellen anpassen an (fast) jedes Handgelenk. *Du bekommst dein Armband h\u00fcbsch verpackt &#038; mit pers\u00f6nlichem Steckbrief beigelegt auf dem du die wichtigsten Infos zu deinem neuen Begleiter nachlesen kannst<\/p>\n","protected":false},"featured_media":1662,"template":"","meta":{"_acf_changed":false},"product_brand":[],"product_cat":[110,70],"product_tag":[],"class_list":{"0":"post-1661","1":"product","2":"type-product","3":"status-publish","4":"has-post-thumbnail","6":"product_cat-armbaender","7":"product_cat-schmuck","9":"first","10":"instock","11":"purchasable","12":"product-type-simple"},"acf":[],"_links":{"self":[{"href":"https:\/\/www.regionalis.shop\/ricardart\/wp-json\/wp\/v2\/product\/1661","targetHints":{"allow":["GET"]}}],"collection":[{"href":"https:\/\/www.regionalis.shop\/ricardart\/wp-json\/wp\/v2\/product"}],"about":[{"href":"https:\/\/www.regionalis.shop\/ricardart\/wp-json\/wp\/v2\/types\/product"}],"wp:featuredmedia":[{"embeddable":true,"href":"https:\/\/www.regionalis.shop\/ricardart\/wp-json\/wp\/v2\/media\/1662"}],"wp:attachment":[{"href":"https:\/\/www.regionalis.shop\/ricardart\/wp-json\/wp\/v2\/media?parent=1661"}],"wp:term":[{"taxonomy":"product_brand","embeddable":true,"href":"https:\/\/www.regionalis.shop\/ricardart\/wp-json\/wp\/v2\/product_brand?post=1661"},{"taxonomy":"product_cat","embeddable":true,"href":"https:\/\/www.regionalis.shop\/ricardart\/wp-json\/wp\/v2\/product_cat?post=1661"},{"taxonomy":"product_tag","embeddable":true,"href":"https:\/\/www.regionalis.shop\/ricardart\/wp-json\/wp\/v2\/product_tag?post=1661"}],"curies":[{"name":"wp","href":"https:\/\/api.w.org\/{rel}","templated":true}]}}