{"id":1666,"date":"2025-04-18T07:35:29","date_gmt":"2025-04-18T05:35:29","guid":{"rendered":"https:\/\/www.regionalis.shop\/ricardart\/product\/citrin-doppelarmband-mandala-raw\/"},"modified":"2025-04-18T07:35:29","modified_gmt":"2025-04-18T05:35:29","slug":"citrin-doppelarmband-mandala-raw","status":"publish","type":"product","link":"https:\/\/www.regionalis.shop\/ricardart\/shop\/citrin-doppelarmband-mandala-raw\/","title":{"rendered":"CITRIN Doppelarmband *MANDALA raw"},"content":{"rendered":"<p>CITRIN (Solarplexuschakra\/ Manip\u016bra)<br \/>\nLebensfreude ~ Energie ~ Lebensmut ~<br \/>\nEin Powerstein &#038; Energiespender \u00a0<br \/>\nDer Citrin bringt deine inneres Licht zum Strahlen  Er schenkt dir Lebensfreude &#038; Energie und ist, insbesonders auch am betr\u00fcbten Tagen, ein wahrer Sonnenspender &#038; Seelentr\u00f6ster  Ein idealer Begleiter bei psychischen Krisen, in belastenden Lebensphasen &#038; zur Findung deiner inneren Balance<br \/>\nSternzeichen: L\u00f6we<br \/>\nArmband:<br \/>\nHandgefertigt aus wasserfestem, sehr strapazierf\u00e4higem Makrameegarn (gewachst), mit nat\u00fcrlichem Citrin in unregelm\u00e4\u00dfiger, einzigartiger Form(4-8mm) &#038; l\u00e4ngenverstellbarem Schiebeverschluss zum individuellen Anpassen<br \/>\n*du bekommst dein Schmuckst\u00fcck h\u00fcbsch verpackt &#038; mit pers\u00f6nlichem Steckbrief beigelegt auf dem du die wichtigsten Infos zu deinem neuen Begleiter nachlesen kannst<\/p>\n","protected":false},"excerpt":{"rendered":"<p>CITRIN (Solarplexuschakra\/ Manip\u016bra) Lebensfreude ~ Energie ~ Lebensmut ~ Ein Powerstein &#038; Energiespender \u00a0 Der Citrin bringt deine inneres Licht zum Strahlen Er schenkt dir Lebensfreude &#038; Energie und ist, insbesonders auch am betr\u00fcbten Tagen, ein wahrer Sonnenspender &#038; Seelentr\u00f6ster Ein idealer Begleiter bei psychischen Krisen, in belastenden Lebensphasen &#038; zur Findung deiner inneren Balance &hellip; <a href=\"https:\/\/www.regionalis.shop\/ricardart\/shop\/citrin-doppelarmband-mandala-raw\/\">Continued<\/a><\/p>\n","protected":false},"featured_media":1667,"template":"","meta":{"_acf_changed":false},"product_brand":[],"product_cat":[110,70],"product_tag":[],"class_list":{"0":"post-1666","1":"product","2":"type-product","3":"status-publish","4":"has-post-thumbnail","6":"product_cat-armbaender","7":"product_cat-schmuck","9":"first","10":"instock","11":"purchasable","12":"product-type-simple"},"acf":[],"_links":{"self":[{"href":"https:\/\/www.regionalis.shop\/ricardart\/wp-json\/wp\/v2\/product\/1666","targetHints":{"allow":["GET"]}}],"collection":[{"href":"https:\/\/www.regionalis.shop\/ricardart\/wp-json\/wp\/v2\/product"}],"about":[{"href":"https:\/\/www.regionalis.shop\/ricardart\/wp-json\/wp\/v2\/types\/product"}],"wp:featuredmedia":[{"embeddable":true,"href":"https:\/\/www.regionalis.shop\/ricardart\/wp-json\/wp\/v2\/media\/1667"}],"wp:attachment":[{"href":"https:\/\/www.regionalis.shop\/ricardart\/wp-json\/wp\/v2\/media?parent=1666"}],"wp:term":[{"taxonomy":"product_brand","embeddable":true,"href":"https:\/\/www.regionalis.shop\/ricardart\/wp-json\/wp\/v2\/product_brand?post=1666"},{"taxonomy":"product_cat","embeddable":true,"href":"https:\/\/www.regionalis.shop\/ricardart\/wp-json\/wp\/v2\/product_cat?post=1666"},{"taxonomy":"product_tag","embeddable":true,"href":"https:\/\/www.regionalis.shop\/ricardart\/wp-json\/wp\/v2\/product_tag?post=1666"}],"curies":[{"name":"wp","href":"https:\/\/api.w.org\/{rel}","templated":true}]}}