{"id":1676,"date":"2025-04-18T07:32:38","date_gmt":"2025-04-18T05:32:38","guid":{"rendered":"https:\/\/www.regionalis.shop\/ricardart\/product\/mondstein-lavastein-ohrringe-tetragon\/"},"modified":"2025-04-18T07:32:38","modified_gmt":"2025-04-18T05:32:38","slug":"mondstein-lavastein-ohrringe-tetragon","status":"publish","type":"product","link":"https:\/\/www.regionalis.shop\/ricardart\/shop\/mondstein-lavastein-ohrringe-tetragon\/","title":{"rendered":"Mondstein\/Lavastein Ohrringe *TETRAGON"},"content":{"rendered":"<p>Handgefertigte Ohrsch\u00e4tze mit 8mm Edelsteinperle (Lavastein oder Pfirsichmondstein), 18k vergoldeten Kupferperlen &#038; filigranen Elementen aus vergoldetem Messing (10mm &#038; 12mm Quadrate)<br \/>\nDie Ohrstecker aus vergoldetem Edelstahl sind nickel-,&#038; bleifrei und auch f\u00fcr sensible Ohren geeignet.<br \/>\nGesamtl\u00e4nge: 45mm<\/p>\n<p>Du bekommst deine Ohrsch\u00e4tze h\u00fcbsch verpackt in einer handbedruckten Box aus recyceltem Altpapier, mit pers\u00f6nlichem Steckbrief beigelegt auf dem du die wichtigsten Infos zu deinem neuen Begleiter nachlesen kannst<\/p>\n","protected":false},"excerpt":{"rendered":"<p>Handgefertigte Ohrsch\u00e4tze mit 8mm Edelsteinperle (Lavastein oder Pfirsichmondstein), 18k vergoldeten Kupferperlen &#038; filigranen Elementen aus vergoldetem Messing (10mm &#038; 12mm Quadrate) Die Ohrstecker aus vergoldetem Edelstahl sind nickel-,&#038; bleifrei und auch f\u00fcr sensible Ohren geeignet. Gesamtl\u00e4nge: 45mm Du bekommst deine Ohrsch\u00e4tze h\u00fcbsch verpackt in einer handbedruckten Box aus recyceltem Altpapier, mit pers\u00f6nlichem Steckbrief beigelegt auf &hellip; <a href=\"https:\/\/www.regionalis.shop\/ricardart\/shop\/mondstein-lavastein-ohrringe-tetragon\/\">Continued<\/a><\/p>\n","protected":false},"featured_media":1677,"template":"","meta":{"_acf_changed":false},"product_brand":[],"product_cat":[163,70],"product_tag":[],"class_list":{"0":"post-1676","1":"product","2":"type-product","3":"status-publish","4":"has-post-thumbnail","6":"product_cat-ohrringe","7":"product_cat-schmuck","9":"first","10":"instock","11":"purchasable","12":"product-type-simple"},"acf":[],"_links":{"self":[{"href":"https:\/\/www.regionalis.shop\/ricardart\/wp-json\/wp\/v2\/product\/1676","targetHints":{"allow":["GET"]}}],"collection":[{"href":"https:\/\/www.regionalis.shop\/ricardart\/wp-json\/wp\/v2\/product"}],"about":[{"href":"https:\/\/www.regionalis.shop\/ricardart\/wp-json\/wp\/v2\/types\/product"}],"wp:featuredmedia":[{"embeddable":true,"href":"https:\/\/www.regionalis.shop\/ricardart\/wp-json\/wp\/v2\/media\/1677"}],"wp:attachment":[{"href":"https:\/\/www.regionalis.shop\/ricardart\/wp-json\/wp\/v2\/media?parent=1676"}],"wp:term":[{"taxonomy":"product_brand","embeddable":true,"href":"https:\/\/www.regionalis.shop\/ricardart\/wp-json\/wp\/v2\/product_brand?post=1676"},{"taxonomy":"product_cat","embeddable":true,"href":"https:\/\/www.regionalis.shop\/ricardart\/wp-json\/wp\/v2\/product_cat?post=1676"},{"taxonomy":"product_tag","embeddable":true,"href":"https:\/\/www.regionalis.shop\/ricardart\/wp-json\/wp\/v2\/product_tag?post=1676"}],"curies":[{"name":"wp","href":"https:\/\/api.w.org\/{rel}","templated":true}]}}