{"id":1686,"date":"2025-04-18T07:32:38","date_gmt":"2025-04-18T05:32:38","guid":{"rendered":"https:\/\/www.regionalis.shop\/ricardart\/product\/tassel-ohrringe-fancy-seashell-30mm-pink-blau\/"},"modified":"2025-04-18T07:32:38","modified_gmt":"2025-04-18T05:32:38","slug":"tassel-ohrringe-fancy-seashell-30mm-pink-blau","status":"publish","type":"product","link":"https:\/\/www.regionalis.shop\/ricardart\/shop\/tassel-ohrringe-fancy-seashell-30mm-pink-blau\/","title":{"rendered":"Tassel Ohrringe *FANCY SEASHELL* 30mm pink\/blau"},"content":{"rendered":"<p>Handgefertigte Tassel Ohrsch\u00e4tze mit 30mm Hoop aus vergoldetem Messing, Muschelpl\u00e4ttchen in kr\u00e4ftigen Farben &#038; dazu passenden 20mm Tasseln. Die Ohrhaken aus vergoldetem Edelstahl sind nickelfrei &#038; auch f\u00fcr sensible Ohren geeignet<br \/>\nGesamtl\u00e4nge (ohneOhrhaken): ~55mm<\/p>\n<p>*du bekommst deine Ohrringe h\u00fcbsch verpackt in einer handbedruckten Box aus recyceltem Altpapier- individuell &#038; umweltfreundlich<\/p>\n","protected":false},"excerpt":{"rendered":"<p>Handgefertigte Tassel Ohrsch\u00e4tze mit 30mm Hoop aus vergoldetem Messing, Muschelpl\u00e4ttchen in kr\u00e4ftigen Farben &#038; dazu passenden 20mm Tasseln. Die Ohrhaken aus vergoldetem Edelstahl sind nickelfrei &#038; auch f\u00fcr sensible Ohren geeignet Gesamtl\u00e4nge (ohneOhrhaken): ~55mm *du bekommst deine Ohrringe h\u00fcbsch verpackt in einer handbedruckten Box aus recyceltem Altpapier- individuell &#038; umweltfreundlich<\/p>\n","protected":false},"featured_media":1687,"template":"","meta":{"_acf_changed":false},"product_brand":[],"product_cat":[163,70],"product_tag":[],"class_list":{"0":"post-1686","1":"product","2":"type-product","3":"status-publish","4":"has-post-thumbnail","6":"product_cat-ohrringe","7":"product_cat-schmuck","9":"first","10":"instock","11":"purchasable","12":"product-type-simple"},"acf":[],"_links":{"self":[{"href":"https:\/\/www.regionalis.shop\/ricardart\/wp-json\/wp\/v2\/product\/1686","targetHints":{"allow":["GET"]}}],"collection":[{"href":"https:\/\/www.regionalis.shop\/ricardart\/wp-json\/wp\/v2\/product"}],"about":[{"href":"https:\/\/www.regionalis.shop\/ricardart\/wp-json\/wp\/v2\/types\/product"}],"wp:featuredmedia":[{"embeddable":true,"href":"https:\/\/www.regionalis.shop\/ricardart\/wp-json\/wp\/v2\/media\/1687"}],"wp:attachment":[{"href":"https:\/\/www.regionalis.shop\/ricardart\/wp-json\/wp\/v2\/media?parent=1686"}],"wp:term":[{"taxonomy":"product_brand","embeddable":true,"href":"https:\/\/www.regionalis.shop\/ricardart\/wp-json\/wp\/v2\/product_brand?post=1686"},{"taxonomy":"product_cat","embeddable":true,"href":"https:\/\/www.regionalis.shop\/ricardart\/wp-json\/wp\/v2\/product_cat?post=1686"},{"taxonomy":"product_tag","embeddable":true,"href":"https:\/\/www.regionalis.shop\/ricardart\/wp-json\/wp\/v2\/product_tag?post=1686"}],"curies":[{"name":"wp","href":"https:\/\/api.w.org\/{rel}","templated":true}]}}