{"id":1691,"date":"2025-04-18T07:30:04","date_gmt":"2025-04-18T05:30:04","guid":{"rendered":"https:\/\/www.regionalis.shop\/ricardart\/product\/sonnenstein-creolen-sunflower-40mm-antikbronze\/"},"modified":"2025-04-18T07:30:04","modified_gmt":"2025-04-18T05:30:04","slug":"sonnenstein-creolen-sunflower-40mm-antikbronze","status":"publish","type":"product","link":"https:\/\/www.regionalis.shop\/ricardart\/shop\/sonnenstein-creolen-sunflower-40mm-antikbronze\/","title":{"rendered":"Sonnenstein Creolen *SUNFLOWER* 40mm antikbronze"},"content":{"rendered":"<p>Handgefertigte Ohrsch\u00e4tze mit strahlenden Sonnenblumen (15mm) &#038; 40mm Hoops in antikem bronze.<br \/>\nBest\u00fcckt hab ich sie mit nat\u00fcrlichen Sonnensteinsplittern in unregelm\u00e4\u00dfiger, ungeschliffener Form (was jedes St\u00fcck   einzigartig macht). Ohrhaken: nickel-&#038; bleifreie Brisuren (verschlie\u00dfbar)<\/p>\n<p>*du bekommst deine Ohrringe h\u00fcbsch verpackt in einer handbedruckten Box aus recyceltem Altpapier, mit pers\u00f6nlichem Steckbrief beigelegt auf dem du die wichtigsten Infos zu deinem neuen Begleiter nachlesen kannst<\/p>\n<p>SONNENSTEIN\u00a0(Sakralchakra\/Sv\u00e3dhisth\u00e3na)<br \/>\nLebensfreude ~ Ausgeglichenheit &#8211; Zuversicht &#8211; Optimismus<br \/>\nWie es auch der Name vermuten l\u00e4sst ist der Sonnenstein ein richtiger Sonnenspender. Er unterstreicht die wunderbaren Seiten des Lebens und wirkt in jederlei Hinsicht positiv auf Mensch &#038; Umgebung \u00a0<\/p>\n","protected":false},"excerpt":{"rendered":"<p>Handgefertigte Ohrsch\u00e4tze mit strahlenden Sonnenblumen (15mm) &#038; 40mm Hoops in antikem bronze. Best\u00fcckt hab ich sie mit nat\u00fcrlichen Sonnensteinsplittern in unregelm\u00e4\u00dfiger, ungeschliffener Form (was jedes St\u00fcck einzigartig macht). Ohrhaken: nickel-&#038; bleifreie Brisuren (verschlie\u00dfbar) *du bekommst deine Ohrringe h\u00fcbsch verpackt in einer handbedruckten Box aus recyceltem Altpapier, mit pers\u00f6nlichem Steckbrief beigelegt auf dem du die wichtigsten &hellip; <a href=\"https:\/\/www.regionalis.shop\/ricardart\/shop\/sonnenstein-creolen-sunflower-40mm-antikbronze\/\">Continued<\/a><\/p>\n","protected":false},"featured_media":1692,"template":"","meta":{"_acf_changed":false},"product_brand":[],"product_cat":[163,70],"product_tag":[],"class_list":{"0":"post-1691","1":"product","2":"type-product","3":"status-publish","4":"has-post-thumbnail","6":"product_cat-ohrringe","7":"product_cat-schmuck","9":"first","10":"instock","11":"purchasable","12":"product-type-simple"},"acf":[],"_links":{"self":[{"href":"https:\/\/www.regionalis.shop\/ricardart\/wp-json\/wp\/v2\/product\/1691","targetHints":{"allow":["GET"]}}],"collection":[{"href":"https:\/\/www.regionalis.shop\/ricardart\/wp-json\/wp\/v2\/product"}],"about":[{"href":"https:\/\/www.regionalis.shop\/ricardart\/wp-json\/wp\/v2\/types\/product"}],"wp:featuredmedia":[{"embeddable":true,"href":"https:\/\/www.regionalis.shop\/ricardart\/wp-json\/wp\/v2\/media\/1692"}],"wp:attachment":[{"href":"https:\/\/www.regionalis.shop\/ricardart\/wp-json\/wp\/v2\/media?parent=1691"}],"wp:term":[{"taxonomy":"product_brand","embeddable":true,"href":"https:\/\/www.regionalis.shop\/ricardart\/wp-json\/wp\/v2\/product_brand?post=1691"},{"taxonomy":"product_cat","embeddable":true,"href":"https:\/\/www.regionalis.shop\/ricardart\/wp-json\/wp\/v2\/product_cat?post=1691"},{"taxonomy":"product_tag","embeddable":true,"href":"https:\/\/www.regionalis.shop\/ricardart\/wp-json\/wp\/v2\/product_tag?post=1691"}],"curies":[{"name":"wp","href":"https:\/\/api.w.org\/{rel}","templated":true}]}}