{"id":1696,"date":"2025-04-18T07:30:04","date_gmt":"2025-04-18T05:30:04","guid":{"rendered":"https:\/\/www.regionalis.shop\/ricardart\/product\/rosenquarz-rhodonit-doppelarmband-circle-14mm-18k-vergoldet\/"},"modified":"2025-04-18T07:30:04","modified_gmt":"2025-04-18T05:30:04","slug":"rosenquarz-rhodonit-doppelarmband-circle-14mm-18k-vergoldet","status":"publish","type":"product","link":"https:\/\/www.regionalis.shop\/ricardart\/shop\/rosenquarz-rhodonit-doppelarmband-circle-14mm-18k-vergoldet\/","title":{"rendered":"Rosenquarz-Rhodonit Doppelarmband *CIRCLE 14mm* 18k vergoldet"},"content":{"rendered":"<p>Hochwertiges Edelsteinarmband mit 4mm Rhodonit &#038; 6mm Rosenquarzperle.<br \/>\nVon Hand gefertigt aus wasserfestem, sehr widerstandsf\u00e4higem Makrameegarn (gewachst), mit Zwischenperlen &#038; 14mm Verbindungsst\u00fcck aus 18k vergoldetem Kupfer<br \/>\nDank l\u00e4ngenverstellbarem Schiebeverschluss individuell an fast jedes Handgelenk anpassbar<br \/>\n*Du bekommst dein Armband h\u00fcbsch verpackt in einer handbedruckten Box aus recyceltem Altpapier &#038; mit pers\u00f6nlichem Steckbrief beigelegt auf dem du die wichtigsten Infos zu deinem neuen Begleiter nachlesen kannst<\/p>\n","protected":false},"excerpt":{"rendered":"<p>Hochwertiges Edelsteinarmband mit 4mm Rhodonit &#038; 6mm Rosenquarzperle. Von Hand gefertigt aus wasserfestem, sehr widerstandsf\u00e4higem Makrameegarn (gewachst), mit Zwischenperlen &#038; 14mm Verbindungsst\u00fcck aus 18k vergoldetem Kupfer Dank l\u00e4ngenverstellbarem Schiebeverschluss individuell an fast jedes Handgelenk anpassbar *Du bekommst dein Armband h\u00fcbsch verpackt in einer handbedruckten Box aus recyceltem Altpapier &#038; mit pers\u00f6nlichem Steckbrief beigelegt auf dem &hellip; <a href=\"https:\/\/www.regionalis.shop\/ricardart\/shop\/rosenquarz-rhodonit-doppelarmband-circle-14mm-18k-vergoldet\/\">Continued<\/a><\/p>\n","protected":false},"featured_media":1697,"template":"","meta":{"_acf_changed":false},"product_brand":[],"product_cat":[110,70],"product_tag":[],"class_list":{"0":"post-1696","1":"product","2":"type-product","3":"status-publish","4":"has-post-thumbnail","6":"product_cat-armbaender","7":"product_cat-schmuck","9":"first","10":"instock","11":"purchasable","12":"product-type-simple"},"acf":[],"_links":{"self":[{"href":"https:\/\/www.regionalis.shop\/ricardart\/wp-json\/wp\/v2\/product\/1696","targetHints":{"allow":["GET"]}}],"collection":[{"href":"https:\/\/www.regionalis.shop\/ricardart\/wp-json\/wp\/v2\/product"}],"about":[{"href":"https:\/\/www.regionalis.shop\/ricardart\/wp-json\/wp\/v2\/types\/product"}],"wp:featuredmedia":[{"embeddable":true,"href":"https:\/\/www.regionalis.shop\/ricardart\/wp-json\/wp\/v2\/media\/1697"}],"wp:attachment":[{"href":"https:\/\/www.regionalis.shop\/ricardart\/wp-json\/wp\/v2\/media?parent=1696"}],"wp:term":[{"taxonomy":"product_brand","embeddable":true,"href":"https:\/\/www.regionalis.shop\/ricardart\/wp-json\/wp\/v2\/product_brand?post=1696"},{"taxonomy":"product_cat","embeddable":true,"href":"https:\/\/www.regionalis.shop\/ricardart\/wp-json\/wp\/v2\/product_cat?post=1696"},{"taxonomy":"product_tag","embeddable":true,"href":"https:\/\/www.regionalis.shop\/ricardart\/wp-json\/wp\/v2\/product_tag?post=1696"}],"curies":[{"name":"wp","href":"https:\/\/api.w.org\/{rel}","templated":true}]}}