{"id":1708,"date":"2025-04-18T07:30:04","date_gmt":"2025-04-18T05:30:04","guid":{"rendered":"https:\/\/www.regionalis.shop\/ricardart\/product\/tassel-ohrringe-tetragon\/"},"modified":"2025-04-18T07:30:04","modified_gmt":"2025-04-18T05:30:04","slug":"tassel-ohrringe-tetragon","status":"publish","type":"product","link":"https:\/\/www.regionalis.shop\/ricardart\/shop\/tassel-ohrringe-tetragon\/","title":{"rendered":"Tassel Ohrringe *TETRAGON"},"content":{"rendered":"<p>Von Hand gefertigte Ohrsch\u00e4tze<br \/>\nmit filigranen Elementen aus vergoldetem Messing (10mm &#038; 12mm Quadrate), kleiner Baumwolltassel mit 14mm L\u00e4nge &#038;<br \/>\nOhrhaken aus vergoldetem Edelstahl (nickel-,&#038; bleifrei)<br \/>\nGesamtl\u00e4nge (ohne Ohrhaken): ~ 50mm<\/p>\n<p>Du bekommst deine Ohrsch\u00e4tze h\u00fcbsch verpackt in einer handbedruckten Box aus recyceltem Altpapier &#8211; individuell &#038; umweltbewusst<\/p>\n","protected":false},"excerpt":{"rendered":"<p>Von Hand gefertigte Ohrsch\u00e4tze mit filigranen Elementen aus vergoldetem Messing (10mm &#038; 12mm Quadrate), kleiner Baumwolltassel mit 14mm L\u00e4nge &#038; Ohrhaken aus vergoldetem Edelstahl (nickel-,&#038; bleifrei) Gesamtl\u00e4nge (ohne Ohrhaken): ~ 50mm Du bekommst deine Ohrsch\u00e4tze h\u00fcbsch verpackt in einer handbedruckten Box aus recyceltem Altpapier &#8211; individuell &#038; umweltbewusst<\/p>\n","protected":false},"featured_media":1709,"template":"","meta":{"_acf_changed":false},"product_brand":[],"product_cat":[163,70],"product_tag":[],"class_list":{"0":"post-1708","1":"product","2":"type-product","3":"status-publish","4":"has-post-thumbnail","6":"product_cat-ohrringe","7":"product_cat-schmuck","9":"first","10":"instock","11":"purchasable","12":"product-type-simple"},"acf":[],"_links":{"self":[{"href":"https:\/\/www.regionalis.shop\/ricardart\/wp-json\/wp\/v2\/product\/1708","targetHints":{"allow":["GET"]}}],"collection":[{"href":"https:\/\/www.regionalis.shop\/ricardart\/wp-json\/wp\/v2\/product"}],"about":[{"href":"https:\/\/www.regionalis.shop\/ricardart\/wp-json\/wp\/v2\/types\/product"}],"wp:featuredmedia":[{"embeddable":true,"href":"https:\/\/www.regionalis.shop\/ricardart\/wp-json\/wp\/v2\/media\/1709"}],"wp:attachment":[{"href":"https:\/\/www.regionalis.shop\/ricardart\/wp-json\/wp\/v2\/media?parent=1708"}],"wp:term":[{"taxonomy":"product_brand","embeddable":true,"href":"https:\/\/www.regionalis.shop\/ricardart\/wp-json\/wp\/v2\/product_brand?post=1708"},{"taxonomy":"product_cat","embeddable":true,"href":"https:\/\/www.regionalis.shop\/ricardart\/wp-json\/wp\/v2\/product_cat?post=1708"},{"taxonomy":"product_tag","embeddable":true,"href":"https:\/\/www.regionalis.shop\/ricardart\/wp-json\/wp\/v2\/product_tag?post=1708"}],"curies":[{"name":"wp","href":"https:\/\/api.w.org\/{rel}","templated":true}]}}