{"id":1735,"date":"2025-04-18T07:27:44","date_gmt":"2025-04-18T05:27:44","guid":{"rendered":"https:\/\/www.regionalis.shop\/ricardart\/product\/lavastein-maennerarmband-8mm-rosenholz\/"},"modified":"2025-04-18T07:27:44","modified_gmt":"2025-04-18T05:27:44","slug":"lavastein-maennerarmband-8mm-rosenholz","status":"publish","type":"product","link":"https:\/\/www.regionalis.shop\/ricardart\/shop\/lavastein-maennerarmband-8mm-rosenholz\/","title":{"rendered":"Lavastein M\u00e4nnerarmband *8mm ROSENHOLZ"},"content":{"rendered":"<p>Kraftvolle Armb\u00e4nder mit Perlen aus nat\u00fcrlichem, schwarzen Lavagestein &#8211; vereint die Kraft der Elemente Feuer &#038; Erde.<br \/>\nVon Hand gefertigt aus wasserfestem Makrameegarn (gewachst &#038; strapazierf\u00e4hig), mit ca. 8-9mm gro\u00dfen Lava-&#038; Rosenholzperlen, sowie kleinen, kupferfarbenen Zwischenperlen.<br \/>\nDer l\u00e4ngenverstellbare Schiebeverschluss l\u00e4sst sich an (fast) jedes Handgelenk individuell anpassen<br \/>\n*du bekommst dein Schmuckst\u00fcck h\u00fcbsch verpackt &#038; mit pers\u00f6nlichem Steckbrief beigelegt auf dem du die wichtigsten Infos zu deinem neuen Begleiter nachlesen kannst<br \/>\n*<br \/>\nLAVA SCHWARZ (Wurzelchakra\/M\u016bl\u00e3dh\u00e3ra)<br \/>\nTatendrang- Lebenskraft &#8211; Entschlossenheit<br \/>\nDas aus den Elementen Feuer &#038; Erde entstandene Lavagestein entfacht durch seine Energie dein inneres Feuer &#038; gibt dir die Power deinen inneren Schweinehund zu \u00fcberwinden &#038; mit Entschlossenheit &#038; Tatendrang nach vorne zu blicken. Es regt dazu an deine Ideen in Taten umzusetzen &#038; hilft dir dabei neu durchzustarten<\/p>\n","protected":false},"excerpt":{"rendered":"<p>Kraftvolle Armb\u00e4nder mit Perlen aus nat\u00fcrlichem, schwarzen Lavagestein &#8211; vereint die Kraft der Elemente Feuer &#038; Erde. Von Hand gefertigt aus wasserfestem Makrameegarn (gewachst &#038; strapazierf\u00e4hig), mit ca. 8-9mm gro\u00dfen Lava-&#038; Rosenholzperlen, sowie kleinen, kupferfarbenen Zwischenperlen. Der l\u00e4ngenverstellbare Schiebeverschluss l\u00e4sst sich an (fast) jedes Handgelenk individuell anpassen *du bekommst dein Schmuckst\u00fcck h\u00fcbsch verpackt &#038; mit &hellip; <a href=\"https:\/\/www.regionalis.shop\/ricardart\/shop\/lavastein-maennerarmband-8mm-rosenholz\/\">Continued<\/a><\/p>\n","protected":false},"featured_media":1736,"template":"","meta":{"_acf_changed":false},"product_brand":[],"product_cat":[110,70],"product_tag":[],"class_list":{"0":"post-1735","1":"product","2":"type-product","3":"status-publish","4":"has-post-thumbnail","6":"product_cat-armbaender","7":"product_cat-schmuck","9":"first","10":"instock","11":"purchasable","12":"product-type-simple"},"acf":[],"_links":{"self":[{"href":"https:\/\/www.regionalis.shop\/ricardart\/wp-json\/wp\/v2\/product\/1735","targetHints":{"allow":["GET"]}}],"collection":[{"href":"https:\/\/www.regionalis.shop\/ricardart\/wp-json\/wp\/v2\/product"}],"about":[{"href":"https:\/\/www.regionalis.shop\/ricardart\/wp-json\/wp\/v2\/types\/product"}],"wp:featuredmedia":[{"embeddable":true,"href":"https:\/\/www.regionalis.shop\/ricardart\/wp-json\/wp\/v2\/media\/1736"}],"wp:attachment":[{"href":"https:\/\/www.regionalis.shop\/ricardart\/wp-json\/wp\/v2\/media?parent=1735"}],"wp:term":[{"taxonomy":"product_brand","embeddable":true,"href":"https:\/\/www.regionalis.shop\/ricardart\/wp-json\/wp\/v2\/product_brand?post=1735"},{"taxonomy":"product_cat","embeddable":true,"href":"https:\/\/www.regionalis.shop\/ricardart\/wp-json\/wp\/v2\/product_cat?post=1735"},{"taxonomy":"product_tag","embeddable":true,"href":"https:\/\/www.regionalis.shop\/ricardart\/wp-json\/wp\/v2\/product_tag?post=1735"}],"curies":[{"name":"wp","href":"https:\/\/api.w.org\/{rel}","templated":true}]}}