{"id":1740,"date":"2025-04-18T07:27:44","date_gmt":"2025-04-18T05:27:44","guid":{"rendered":"https:\/\/www.regionalis.shop\/ricardart\/product\/rosenquarz-doppelarmband-circle-18k-vergoldet\/"},"modified":"2025-04-18T07:27:44","modified_gmt":"2025-04-18T05:27:44","slug":"rosenquarz-doppelarmband-circle-18k-vergoldet","status":"publish","type":"product","link":"https:\/\/www.regionalis.shop\/ricardart\/shop\/rosenquarz-doppelarmband-circle-18k-vergoldet\/","title":{"rendered":"ROSENQUARZ Doppelarmband *CIRCLE 18k vergoldet"},"content":{"rendered":"<p>Zarte Edelsteinarmb\u00e4nder mit nat\u00fcrlichem Rosenquarz ODER Malachit &#038; Aventurin in unregelm\u00e4\u00dfiger, ungeschliffener Splitterform (jedes St\u00fcck wird so zu einem Unikat). Von Hand gefertigt aus wasserfestem Makrameegarn (gewachst &#038; strapazierf\u00e4hig), mit 18k vergoldetem Edelstahlverbinder (12mm Durchmesser), 18k vergoldeten Kupferperlen (2mm), sowie l\u00e4ngenverstellbarem Schiebeverschluss zum individuellen anpassen\u00a0<\/p>\n<p>*Du bekommst dein Armband h\u00fcbsch verpackt in einem handbedruckten Naturleinenbeutel, mit pers\u00f6nlichem Steckbrief beigelegt aufdem du die wichtigsten Infos zu deinem neuen Begleiter nachlesen kannst<\/p>\n<p>Ein wunderbarer Wegblegleiter f\u00fcr jeden Tag<\/p>\n","protected":false},"excerpt":{"rendered":"<p>Zarte Edelsteinarmb\u00e4nder mit nat\u00fcrlichem Rosenquarz ODER Malachit &#038; Aventurin in unregelm\u00e4\u00dfiger, ungeschliffener Splitterform (jedes St\u00fcck wird so zu einem Unikat). Von Hand gefertigt aus wasserfestem Makrameegarn (gewachst &#038; strapazierf\u00e4hig), mit 18k vergoldetem Edelstahlverbinder (12mm Durchmesser), 18k vergoldeten Kupferperlen (2mm), sowie l\u00e4ngenverstellbarem Schiebeverschluss zum individuellen anpassen\u00a0 *Du bekommst dein Armband h\u00fcbsch verpackt in einem handbedruckten Naturleinenbeutel, &hellip; <a href=\"https:\/\/www.regionalis.shop\/ricardart\/shop\/rosenquarz-doppelarmband-circle-18k-vergoldet\/\">Continued<\/a><\/p>\n","protected":false},"featured_media":1741,"template":"","meta":{"_acf_changed":false},"product_brand":[],"product_cat":[110,70],"product_tag":[],"class_list":{"0":"post-1740","1":"product","2":"type-product","3":"status-publish","4":"has-post-thumbnail","6":"product_cat-armbaender","7":"product_cat-schmuck","9":"first","10":"instock","11":"purchasable","12":"product-type-simple"},"acf":[],"_links":{"self":[{"href":"https:\/\/www.regionalis.shop\/ricardart\/wp-json\/wp\/v2\/product\/1740","targetHints":{"allow":["GET"]}}],"collection":[{"href":"https:\/\/www.regionalis.shop\/ricardart\/wp-json\/wp\/v2\/product"}],"about":[{"href":"https:\/\/www.regionalis.shop\/ricardart\/wp-json\/wp\/v2\/types\/product"}],"wp:featuredmedia":[{"embeddable":true,"href":"https:\/\/www.regionalis.shop\/ricardart\/wp-json\/wp\/v2\/media\/1741"}],"wp:attachment":[{"href":"https:\/\/www.regionalis.shop\/ricardart\/wp-json\/wp\/v2\/media?parent=1740"}],"wp:term":[{"taxonomy":"product_brand","embeddable":true,"href":"https:\/\/www.regionalis.shop\/ricardart\/wp-json\/wp\/v2\/product_brand?post=1740"},{"taxonomy":"product_cat","embeddable":true,"href":"https:\/\/www.regionalis.shop\/ricardart\/wp-json\/wp\/v2\/product_cat?post=1740"},{"taxonomy":"product_tag","embeddable":true,"href":"https:\/\/www.regionalis.shop\/ricardart\/wp-json\/wp\/v2\/product_tag?post=1740"}],"curies":[{"name":"wp","href":"https:\/\/api.w.org\/{rel}","templated":true}]}}