{"id":1745,"date":"2025-04-18T07:27:44","date_gmt":"2025-04-18T05:27:44","guid":{"rendered":"https:\/\/www.regionalis.shop\/ricardart\/product\/lavendel-makramee-amethyst-circles\/"},"modified":"2025-04-18T07:27:44","modified_gmt":"2025-04-18T05:27:44","slug":"lavendel-makramee-amethyst-circles","status":"publish","type":"product","link":"https:\/\/www.regionalis.shop\/ricardart\/shop\/lavendel-makramee-amethyst-circles\/","title":{"rendered":"Lavendel Makramee *AMETHYST CIRCLES*"},"content":{"rendered":"<p>Hol dir den Duft von Lavendel ins Haus <\/p>\n<p>Von Hand gefertigtes Makrameeunikat mit  Biolavendel, nat\u00fcrlichen Edelsteinen &#038; Prismaglaskristallen zur Harmonisierung der Umgebung &#038; des Raumklimas.<br \/>\nMaterialien:<br \/>\n2 Holzreifen aus Bambus (20cm \u00e4u\u00dferer Durchmesser) umkn\u00fcpft mit Makrameegarn aus recycelter Baumwolle (OEKOTEX) &#038; naturfarbenen Holzperlen. In der Mitte h\u00e4ngt ein gro\u00dfer Prismaglaskristall in Tropfenform &#038; viele kleine Amethyste &#038; Bergkristalle in ungeschliffener Form<br \/>\n***mit BioLavendel aus dem eigenen Garten<br \/>\nGesamtl\u00e4nge: ~50cm<br \/>\n&#8222;Sonnenf\u00e4nger-Effekt&#8220;: F\u00e4llt Licht auf einen Prismakristall, wird\u00a0 es gespalten &#038; reflektiert und zeigt sich so in den wundersch\u00f6nen Farben des Regenbogens (Spektralfarben) auf deinen W\u00e4nden\/ auf umgebenden Fl\u00e4chen wieder\u00a0<\/p>\n","protected":false},"excerpt":{"rendered":"<p>Hol dir den Duft von Lavendel ins Haus Von Hand gefertigtes Makrameeunikat mit Biolavendel, nat\u00fcrlichen Edelsteinen &#038; Prismaglaskristallen zur Harmonisierung der Umgebung &#038; des Raumklimas. Materialien: 2 Holzreifen aus Bambus (20cm \u00e4u\u00dferer Durchmesser) umkn\u00fcpft mit Makrameegarn aus recycelter Baumwolle (OEKOTEX) &#038; naturfarbenen Holzperlen. In der Mitte h\u00e4ngt ein gro\u00dfer Prismaglaskristall in Tropfenform &#038; viele kleine &hellip; <a href=\"https:\/\/www.regionalis.shop\/ricardart\/shop\/lavendel-makramee-amethyst-circles\/\">Continued<\/a><\/p>\n","protected":false},"featured_media":1746,"template":"","meta":{"_acf_changed":false},"product_brand":[],"product_cat":[174,103],"product_tag":[],"class_list":{"0":"post-1745","1":"product","2":"type-product","3":"status-publish","4":"has-post-thumbnail","6":"product_cat-wohndekoration","7":"product_cat-wohnen-deko","9":"first","10":"instock","11":"purchasable","12":"product-type-simple"},"acf":[],"_links":{"self":[{"href":"https:\/\/www.regionalis.shop\/ricardart\/wp-json\/wp\/v2\/product\/1745","targetHints":{"allow":["GET"]}}],"collection":[{"href":"https:\/\/www.regionalis.shop\/ricardart\/wp-json\/wp\/v2\/product"}],"about":[{"href":"https:\/\/www.regionalis.shop\/ricardart\/wp-json\/wp\/v2\/types\/product"}],"wp:featuredmedia":[{"embeddable":true,"href":"https:\/\/www.regionalis.shop\/ricardart\/wp-json\/wp\/v2\/media\/1746"}],"wp:attachment":[{"href":"https:\/\/www.regionalis.shop\/ricardart\/wp-json\/wp\/v2\/media?parent=1745"}],"wp:term":[{"taxonomy":"product_brand","embeddable":true,"href":"https:\/\/www.regionalis.shop\/ricardart\/wp-json\/wp\/v2\/product_brand?post=1745"},{"taxonomy":"product_cat","embeddable":true,"href":"https:\/\/www.regionalis.shop\/ricardart\/wp-json\/wp\/v2\/product_cat?post=1745"},{"taxonomy":"product_tag","embeddable":true,"href":"https:\/\/www.regionalis.shop\/ricardart\/wp-json\/wp\/v2\/product_tag?post=1745"}],"curies":[{"name":"wp","href":"https:\/\/api.w.org\/{rel}","templated":true}]}}