{"id":1754,"date":"2025-04-18T07:27:44","date_gmt":"2025-04-18T05:27:44","guid":{"rendered":"https:\/\/www.regionalis.shop\/ricardart\/product\/sonnenfaenger-mandala-lebensblume-circle\/"},"modified":"2025-04-18T07:27:44","modified_gmt":"2025-04-18T05:27:44","slug":"sonnenfaenger-mandala-lebensblume-circle","status":"publish","type":"product","link":"https:\/\/www.regionalis.shop\/ricardart\/shop\/sonnenfaenger-mandala-lebensblume-circle\/","title":{"rendered":"Sonnenf\u00e4nger *MANDALA\/LEBENSBLUME CIRCLE*"},"content":{"rendered":"<p>Der Sonnenf\u00e4nger liebt es besonders im Licht, vorallem in der Sonne oder vor Fenstern zu h\u00e4ngen. Die Prismaglaskristalle sorgen mit ihrem &#8222;Sonnenf\u00e4nger-Effekt&#8220; f\u00fcr ein angenehmes &#038; harmonisches Wohn-,&#038; Wohlgef\u00fchl<br \/>\nDurchmesser &#8222;Circle&#8220; 85mm<br \/>\nwahlweise mit Lebensblume oder Mandala aus Holz)<br \/>\n*Sonnenf\u00e4nger-Effekt: F\u00e4llt Licht auf ein Prisma\/ einen Prismakristall, so wird\u00a0 es gespalten &#038; in den wundersch\u00f6nen\u00a0 Farben des Regenbogens (Spektralfarben) auf deinen W\u00e4nden &#038; auf umgebenden Fl\u00e4chen reflektiert<br \/>\n*Laut Fengh Shui soll durch das Anbringen vorm Fenster verhindert werden, dass positive Energien zu schnell wieder aus den Fenstern str\u00f6men<\/p>\n","protected":false},"excerpt":{"rendered":"<p>Der Sonnenf\u00e4nger liebt es besonders im Licht, vorallem in der Sonne oder vor Fenstern zu h\u00e4ngen. Die Prismaglaskristalle sorgen mit ihrem &#8222;Sonnenf\u00e4nger-Effekt&#8220; f\u00fcr ein angenehmes &#038; harmonisches Wohn-,&#038; Wohlgef\u00fchl Durchmesser &#8222;Circle&#8220; 85mm wahlweise mit Lebensblume oder Mandala aus Holz) *Sonnenf\u00e4nger-Effekt: F\u00e4llt Licht auf ein Prisma\/ einen Prismakristall, so wird\u00a0 es gespalten &#038; in den wundersch\u00f6nen\u00a0 &hellip; <a href=\"https:\/\/www.regionalis.shop\/ricardart\/shop\/sonnenfaenger-mandala-lebensblume-circle\/\">Continued<\/a><\/p>\n","protected":false},"featured_media":1755,"template":"","meta":{"_acf_changed":false},"product_brand":[],"product_cat":[174,103],"product_tag":[],"class_list":{"0":"post-1754","1":"product","2":"type-product","3":"status-publish","4":"has-post-thumbnail","6":"product_cat-wohndekoration","7":"product_cat-wohnen-deko","9":"first","10":"instock","11":"purchasable","12":"product-type-simple"},"acf":[],"_links":{"self":[{"href":"https:\/\/www.regionalis.shop\/ricardart\/wp-json\/wp\/v2\/product\/1754","targetHints":{"allow":["GET"]}}],"collection":[{"href":"https:\/\/www.regionalis.shop\/ricardart\/wp-json\/wp\/v2\/product"}],"about":[{"href":"https:\/\/www.regionalis.shop\/ricardart\/wp-json\/wp\/v2\/types\/product"}],"wp:featuredmedia":[{"embeddable":true,"href":"https:\/\/www.regionalis.shop\/ricardart\/wp-json\/wp\/v2\/media\/1755"}],"wp:attachment":[{"href":"https:\/\/www.regionalis.shop\/ricardart\/wp-json\/wp\/v2\/media?parent=1754"}],"wp:term":[{"taxonomy":"product_brand","embeddable":true,"href":"https:\/\/www.regionalis.shop\/ricardart\/wp-json\/wp\/v2\/product_brand?post=1754"},{"taxonomy":"product_cat","embeddable":true,"href":"https:\/\/www.regionalis.shop\/ricardart\/wp-json\/wp\/v2\/product_cat?post=1754"},{"taxonomy":"product_tag","embeddable":true,"href":"https:\/\/www.regionalis.shop\/ricardart\/wp-json\/wp\/v2\/product_tag?post=1754"}],"curies":[{"name":"wp","href":"https:\/\/api.w.org\/{rel}","templated":true}]}}