{"id":1764,"date":"2025-04-18T07:26:46","date_gmt":"2025-04-18T05:26:46","guid":{"rendered":"https:\/\/www.regionalis.shop\/ricardart\/product\/amazonit-doppelarmband-trikona-raw-18k-vergoldet\/"},"modified":"2025-04-18T07:26:46","modified_gmt":"2025-04-18T05:26:46","slug":"amazonit-doppelarmband-trikona-raw-18k-vergoldet","status":"publish","type":"product","link":"https:\/\/www.regionalis.shop\/ricardart\/shop\/amazonit-doppelarmband-trikona-raw-18k-vergoldet\/","title":{"rendered":"AMAZONIT Doppelarmband *TRIKONA raw* 18k vergoldet"},"content":{"rendered":"<p>Zartes, hochwertiges Amazonitarmband, von Hand gefertigt aus wasserfestem Makrameegarn (gewachst &#038; strapazierf\u00e4hig), mit l\u00e4ngenverstellbarem Schiebeverschluss zum individuellen anpassen. Best\u00fcckt mit nat\u00fcrlichem Amazonit in ungeschliffener, unregelm\u00e4\u00dfiger Rohform (macht jedes St\u00fcck zu einem Unikat), mit 18k vergoldeten Kupferperlen. Best\u00fcckt mit nat\u00fcrlichem Amazonit in unregelm\u00e4\u00dfiger, einzigartiger Splitterform (jedes St\u00fcck ein Unikat)<\/p>\n<p>*Du bekommst dein Armband h\u00fcbsch verpackt in einer handbedruckten Box aus recyceltem Altpapier, mit pers\u00f6nlichem Steckbrief beigelegt auf dem du die wichtigsten Infos zu deinem neuen Begleiter nachlesen kannst<\/p>\n<p>*AMAZONIT \u00a0(Halschakra\/Vi\u015buddha)<br \/>\nGelassenheit ~ innere Ruhe &#038; Balance ~ Frieden<br \/>\nDer ANTI-STRESS-STEIN oder auch &#8218;\u00c4rger dich nicht Stein&#8216; genannt.\u00a0Im hektischen Berufsalltag der ideale Begleiter &#038; Ruhepol. Auch bei Wut, \u00c4rger &#038; Frust unterst\u00fctzt er dich dabei deinen Weg in die Gelassenheit zur\u00fcckzufinden -> mit K\u00f6rperkontakt tragen!<br \/>\nSternzeichen: Skorpion<\/p>\n<p>Ein kraftvoller Wegbegleiter, ob f\u00fcr dich oder eine\/n deiner Lieben<\/p>\n","protected":false},"excerpt":{"rendered":"<p>Zartes, hochwertiges Amazonitarmband, von Hand gefertigt aus wasserfestem Makrameegarn (gewachst &#038; strapazierf\u00e4hig), mit l\u00e4ngenverstellbarem Schiebeverschluss zum individuellen anpassen. Best\u00fcckt mit nat\u00fcrlichem Amazonit in ungeschliffener, unregelm\u00e4\u00dfiger Rohform (macht jedes St\u00fcck zu einem Unikat), mit 18k vergoldeten Kupferperlen. Best\u00fcckt mit nat\u00fcrlichem Amazonit in unregelm\u00e4\u00dfiger, einzigartiger Splitterform (jedes St\u00fcck ein Unikat) *Du bekommst dein Armband h\u00fcbsch verpackt in &hellip; <a href=\"https:\/\/www.regionalis.shop\/ricardart\/shop\/amazonit-doppelarmband-trikona-raw-18k-vergoldet\/\">Continued<\/a><\/p>\n","protected":false},"featured_media":1765,"template":"","meta":{"_acf_changed":false},"product_brand":[],"product_cat":[110,70],"product_tag":[],"class_list":{"0":"post-1764","1":"product","2":"type-product","3":"status-publish","4":"has-post-thumbnail","6":"product_cat-armbaender","7":"product_cat-schmuck","9":"first","10":"instock","11":"purchasable","12":"product-type-simple"},"acf":[],"_links":{"self":[{"href":"https:\/\/www.regionalis.shop\/ricardart\/wp-json\/wp\/v2\/product\/1764","targetHints":{"allow":["GET"]}}],"collection":[{"href":"https:\/\/www.regionalis.shop\/ricardart\/wp-json\/wp\/v2\/product"}],"about":[{"href":"https:\/\/www.regionalis.shop\/ricardart\/wp-json\/wp\/v2\/types\/product"}],"wp:featuredmedia":[{"embeddable":true,"href":"https:\/\/www.regionalis.shop\/ricardart\/wp-json\/wp\/v2\/media\/1765"}],"wp:attachment":[{"href":"https:\/\/www.regionalis.shop\/ricardart\/wp-json\/wp\/v2\/media?parent=1764"}],"wp:term":[{"taxonomy":"product_brand","embeddable":true,"href":"https:\/\/www.regionalis.shop\/ricardart\/wp-json\/wp\/v2\/product_brand?post=1764"},{"taxonomy":"product_cat","embeddable":true,"href":"https:\/\/www.regionalis.shop\/ricardart\/wp-json\/wp\/v2\/product_cat?post=1764"},{"taxonomy":"product_tag","embeddable":true,"href":"https:\/\/www.regionalis.shop\/ricardart\/wp-json\/wp\/v2\/product_tag?post=1764"}],"curies":[{"name":"wp","href":"https:\/\/api.w.org\/{rel}","templated":true}]}}