{"id":1769,"date":"2025-04-18T07:26:46","date_gmt":"2025-04-18T05:26:46","guid":{"rendered":"https:\/\/www.regionalis.shop\/ricardart\/product\/lebensbaum-makramee-traumfaenger-nature\/"},"modified":"2025-04-18T07:26:46","modified_gmt":"2025-04-18T05:26:46","slug":"lebensbaum-makramee-traumfaenger-nature","status":"publish","type":"product","link":"https:\/\/www.regionalis.shop\/ricardart\/shop\/lebensbaum-makramee-traumfaenger-nature\/","title":{"rendered":"LEBENSBAUM Makramee\/Traumf\u00e4nger *nature"},"content":{"rendered":"<p>Handgefertigtes Makrameeunikat mit 20cm Metallreifen in gold, umkn\u00fcpft mit Makrameegarn aus 100%iger Baumwolle, best\u00fcckt mit dunkelbraunen Holzperlen &#038; wundersch\u00f6nem Lebemsbaum aus Holz mit 14cm Durchmesser.<\/p>\n<p>*Ob \u00fcberm Bett um b\u00f6se Tr\u00e4ume zu fangen, oder als h\u00fcbscher Blickfang im Wohnbereich &#8211; ein ganz besonderes Herzensst\u00fcck, das jeden Ort zu etwas Besonderem macht <\/p>\n<p>Gesamtl\u00e4nge (ohne Schlaufe): ~55cm<\/p>\n","protected":false},"excerpt":{"rendered":"<p>Handgefertigtes Makrameeunikat mit 20cm Metallreifen in gold, umkn\u00fcpft mit Makrameegarn aus 100%iger Baumwolle, best\u00fcckt mit dunkelbraunen Holzperlen &#038; wundersch\u00f6nem Lebemsbaum aus Holz mit 14cm Durchmesser. *Ob \u00fcberm Bett um b\u00f6se Tr\u00e4ume zu fangen, oder als h\u00fcbscher Blickfang im Wohnbereich &#8211; ein ganz besonderes Herzensst\u00fcck, das jeden Ort zu etwas Besonderem macht Gesamtl\u00e4nge (ohne Schlaufe): ~55cm<\/p>\n","protected":false},"featured_media":1770,"template":"","meta":{"_acf_changed":false},"product_brand":[],"product_cat":[174,103],"product_tag":[],"class_list":{"0":"post-1769","1":"product","2":"type-product","3":"status-publish","4":"has-post-thumbnail","6":"product_cat-wohndekoration","7":"product_cat-wohnen-deko","9":"first","10":"instock","11":"purchasable","12":"product-type-simple"},"acf":[],"_links":{"self":[{"href":"https:\/\/www.regionalis.shop\/ricardart\/wp-json\/wp\/v2\/product\/1769","targetHints":{"allow":["GET"]}}],"collection":[{"href":"https:\/\/www.regionalis.shop\/ricardart\/wp-json\/wp\/v2\/product"}],"about":[{"href":"https:\/\/www.regionalis.shop\/ricardart\/wp-json\/wp\/v2\/types\/product"}],"wp:featuredmedia":[{"embeddable":true,"href":"https:\/\/www.regionalis.shop\/ricardart\/wp-json\/wp\/v2\/media\/1770"}],"wp:attachment":[{"href":"https:\/\/www.regionalis.shop\/ricardart\/wp-json\/wp\/v2\/media?parent=1769"}],"wp:term":[{"taxonomy":"product_brand","embeddable":true,"href":"https:\/\/www.regionalis.shop\/ricardart\/wp-json\/wp\/v2\/product_brand?post=1769"},{"taxonomy":"product_cat","embeddable":true,"href":"https:\/\/www.regionalis.shop\/ricardart\/wp-json\/wp\/v2\/product_cat?post=1769"},{"taxonomy":"product_tag","embeddable":true,"href":"https:\/\/www.regionalis.shop\/ricardart\/wp-json\/wp\/v2\/product_tag?post=1769"}],"curies":[{"name":"wp","href":"https:\/\/api.w.org\/{rel}","templated":true}]}}