{"id":1779,"date":"2025-04-18T07:25:54","date_gmt":"2025-04-18T05:25:54","guid":{"rendered":"https:\/\/www.regionalis.shop\/ricardart\/product\/chakra-fussband-spirale\/"},"modified":"2025-04-18T07:25:54","modified_gmt":"2025-04-18T05:25:54","slug":"chakra-fussband-spirale","status":"publish","type":"product","link":"https:\/\/www.regionalis.shop\/ricardart\/shop\/chakra-fussband-spirale\/","title":{"rendered":"CHAKRA Fu\u00dfband *SPIRALE*"},"content":{"rendered":"<p>Kraftvolles Schmuckst\u00fcck aus wasserfestem Makrameegarn (gewachst &#038; strapazierf\u00e4hig), mit 7 nat\u00fcrlichen Edelsteinen in ungeschliffener &#038; somit einzigartiger Form (jedes St\u00fcck ein Unikat) nickelfreier Anh\u00e4nger in gold, bronze oder silber &#038; l\u00e4ngenverstellbarer Schiebeverschluss zum individuellen anpassen<\/p>\n<p>*du bekommst dein Schmuckst\u00fcck h\u00fcbsch verpackt in einem handbedruckten Naturleinenbeutel- individuell &#038; umweltbewusst<\/p>\n","protected":false},"excerpt":{"rendered":"<p>Kraftvolles Schmuckst\u00fcck aus wasserfestem Makrameegarn (gewachst &#038; strapazierf\u00e4hig), mit 7 nat\u00fcrlichen Edelsteinen in ungeschliffener &#038; somit einzigartiger Form (jedes St\u00fcck ein Unikat) nickelfreier Anh\u00e4nger in gold, bronze oder silber &#038; l\u00e4ngenverstellbarer Schiebeverschluss zum individuellen anpassen *du bekommst dein Schmuckst\u00fcck h\u00fcbsch verpackt in einem handbedruckten Naturleinenbeutel- individuell &#038; umweltbewusst<\/p>\n","protected":false},"featured_media":1780,"template":"","meta":{"_acf_changed":false},"product_brand":[],"product_cat":[154,70],"product_tag":[],"class_list":{"0":"post-1779","1":"product","2":"type-product","3":"status-publish","4":"has-post-thumbnail","6":"product_cat-koerperschmuck","7":"product_cat-schmuck","9":"first","10":"instock","11":"purchasable","12":"product-type-simple"},"acf":[],"_links":{"self":[{"href":"https:\/\/www.regionalis.shop\/ricardart\/wp-json\/wp\/v2\/product\/1779","targetHints":{"allow":["GET"]}}],"collection":[{"href":"https:\/\/www.regionalis.shop\/ricardart\/wp-json\/wp\/v2\/product"}],"about":[{"href":"https:\/\/www.regionalis.shop\/ricardart\/wp-json\/wp\/v2\/types\/product"}],"wp:featuredmedia":[{"embeddable":true,"href":"https:\/\/www.regionalis.shop\/ricardart\/wp-json\/wp\/v2\/media\/1780"}],"wp:attachment":[{"href":"https:\/\/www.regionalis.shop\/ricardart\/wp-json\/wp\/v2\/media?parent=1779"}],"wp:term":[{"taxonomy":"product_brand","embeddable":true,"href":"https:\/\/www.regionalis.shop\/ricardart\/wp-json\/wp\/v2\/product_brand?post=1779"},{"taxonomy":"product_cat","embeddable":true,"href":"https:\/\/www.regionalis.shop\/ricardart\/wp-json\/wp\/v2\/product_cat?post=1779"},{"taxonomy":"product_tag","embeddable":true,"href":"https:\/\/www.regionalis.shop\/ricardart\/wp-json\/wp\/v2\/product_tag?post=1779"}],"curies":[{"name":"wp","href":"https:\/\/api.w.org\/{rel}","templated":true}]}}