{"id":1784,"date":"2025-04-18T07:25:54","date_gmt":"2025-04-18T05:25:54","guid":{"rendered":"https:\/\/www.regionalis.shop\/ricardart\/product\/chakra-doppelarmband-lebensblume\/"},"modified":"2025-04-18T07:25:54","modified_gmt":"2025-04-18T05:25:54","slug":"chakra-doppelarmband-lebensblume","status":"publish","type":"product","link":"https:\/\/www.regionalis.shop\/ricardart\/shop\/chakra-doppelarmband-lebensblume\/","title":{"rendered":"CHAKRA Doppelarmband *LEBENSBLUME*"},"content":{"rendered":"<p>Kraftvolles Chakraarmband aus wasserfestem Makrameegarn (gewachst &#038; strapazierf\u00e4hig), mit 7 nat\u00fcrlichen Edelsteinen in ungeschliffener, einzigartiger Form (jedes St\u00fcck ein Unikat), 20mm Lebensblume in antikem silber &#038; l\u00e4ngenverstellbarem Schiebeverschluss zum individuellen anpassen<\/p>\n<p>*du bekommst dein Armband h\u00fcbsch verpackt &#038; mit pers\u00f6nlichem Steckbrief beigelegt auf dem du die wichtigsten Infos zu deinem neuen Begleiter nachlesen kannst<\/p>\n","protected":false},"excerpt":{"rendered":"<p>Kraftvolles Chakraarmband aus wasserfestem Makrameegarn (gewachst &#038; strapazierf\u00e4hig), mit 7 nat\u00fcrlichen Edelsteinen in ungeschliffener, einzigartiger Form (jedes St\u00fcck ein Unikat), 20mm Lebensblume in antikem silber &#038; l\u00e4ngenverstellbarem Schiebeverschluss zum individuellen anpassen *du bekommst dein Armband h\u00fcbsch verpackt &#038; mit pers\u00f6nlichem Steckbrief beigelegt auf dem du die wichtigsten Infos zu deinem neuen Begleiter nachlesen kannst<\/p>\n","protected":false},"featured_media":1785,"template":"","meta":{"_acf_changed":false},"product_brand":[],"product_cat":[110,70],"product_tag":[],"class_list":{"0":"post-1784","1":"product","2":"type-product","3":"status-publish","4":"has-post-thumbnail","6":"product_cat-armbaender","7":"product_cat-schmuck","9":"first","10":"instock","11":"purchasable","12":"product-type-simple"},"acf":[],"_links":{"self":[{"href":"https:\/\/www.regionalis.shop\/ricardart\/wp-json\/wp\/v2\/product\/1784","targetHints":{"allow":["GET"]}}],"collection":[{"href":"https:\/\/www.regionalis.shop\/ricardart\/wp-json\/wp\/v2\/product"}],"about":[{"href":"https:\/\/www.regionalis.shop\/ricardart\/wp-json\/wp\/v2\/types\/product"}],"wp:featuredmedia":[{"embeddable":true,"href":"https:\/\/www.regionalis.shop\/ricardart\/wp-json\/wp\/v2\/media\/1785"}],"wp:attachment":[{"href":"https:\/\/www.regionalis.shop\/ricardart\/wp-json\/wp\/v2\/media?parent=1784"}],"wp:term":[{"taxonomy":"product_brand","embeddable":true,"href":"https:\/\/www.regionalis.shop\/ricardart\/wp-json\/wp\/v2\/product_brand?post=1784"},{"taxonomy":"product_cat","embeddable":true,"href":"https:\/\/www.regionalis.shop\/ricardart\/wp-json\/wp\/v2\/product_cat?post=1784"},{"taxonomy":"product_tag","embeddable":true,"href":"https:\/\/www.regionalis.shop\/ricardart\/wp-json\/wp\/v2\/product_tag?post=1784"}],"curies":[{"name":"wp","href":"https:\/\/api.w.org\/{rel}","templated":true}]}}