{"id":1788,"date":"2025-04-18T07:25:54","date_gmt":"2025-04-18T05:25:54","guid":{"rendered":"https:\/\/www.regionalis.shop\/ricardart\/product\/traumfaenger-flower-of-life-17cm\/"},"modified":"2025-04-18T07:25:54","modified_gmt":"2025-04-18T05:25:54","slug":"traumfaenger-flower-of-life-17cm","status":"publish","type":"product","link":"https:\/\/www.regionalis.shop\/ricardart\/shop\/traumfaenger-flower-of-life-17cm\/","title":{"rendered":"Traumf\u00e4nger *FLOWER OF LIFE* 17cm"},"content":{"rendered":"<p>Ein einzigartiges &#038; harmonisierendes Wohnaccessoire, von Hand gefertigt aus feinen Naturmaterialien (Holz, Baumwolle (recycelt &#038; Federn<br \/>\nOb im Schlafzimmer, um b\u00f6se Tr\u00e4ume zu fangen, oder als harmonisierende Wand\/H\u00e4ngedeko im Wohnbereich- ein energetischer Blickfang f\u00fcr jeden Ort deiner Wahl<br \/>\nDer Holzreifen hat einen Durchmesser von 17cm, die Lebensblume (ebenfalls aus Holz) mit 10cm. Umkn\u00fcpft wurde dieses Herzst\u00fcck  mit Makrameegarn aus recycelter Baumwolle (OEKOTEX), best\u00fcckt mit naturfarbenen Holzperlen (die mittlere mit einem Herz eingebrannt ) &#038; wundersch\u00f6nen, zarten Fasanfedern<br \/>\nGesamtl\u00e4nge: ~40cm<\/p>\n","protected":false},"excerpt":{"rendered":"<p>Ein einzigartiges &#038; harmonisierendes Wohnaccessoire, von Hand gefertigt aus feinen Naturmaterialien (Holz, Baumwolle (recycelt &#038; Federn Ob im Schlafzimmer, um b\u00f6se Tr\u00e4ume zu fangen, oder als harmonisierende Wand\/H\u00e4ngedeko im Wohnbereich- ein energetischer Blickfang f\u00fcr jeden Ort deiner Wahl Der Holzreifen hat einen Durchmesser von 17cm, die Lebensblume (ebenfalls aus Holz) mit 10cm. Umkn\u00fcpft wurde dieses &hellip; <a href=\"https:\/\/www.regionalis.shop\/ricardart\/shop\/traumfaenger-flower-of-life-17cm\/\">Continued<\/a><\/p>\n","protected":false},"featured_media":1789,"template":"","meta":{"_acf_changed":false},"product_brand":[],"product_cat":[174,103],"product_tag":[],"class_list":{"0":"post-1788","1":"product","2":"type-product","3":"status-publish","4":"has-post-thumbnail","6":"product_cat-wohndekoration","7":"product_cat-wohnen-deko","9":"first","10":"instock","11":"purchasable","12":"product-type-simple"},"acf":[],"_links":{"self":[{"href":"https:\/\/www.regionalis.shop\/ricardart\/wp-json\/wp\/v2\/product\/1788","targetHints":{"allow":["GET"]}}],"collection":[{"href":"https:\/\/www.regionalis.shop\/ricardart\/wp-json\/wp\/v2\/product"}],"about":[{"href":"https:\/\/www.regionalis.shop\/ricardart\/wp-json\/wp\/v2\/types\/product"}],"wp:featuredmedia":[{"embeddable":true,"href":"https:\/\/www.regionalis.shop\/ricardart\/wp-json\/wp\/v2\/media\/1789"}],"wp:attachment":[{"href":"https:\/\/www.regionalis.shop\/ricardart\/wp-json\/wp\/v2\/media?parent=1788"}],"wp:term":[{"taxonomy":"product_brand","embeddable":true,"href":"https:\/\/www.regionalis.shop\/ricardart\/wp-json\/wp\/v2\/product_brand?post=1788"},{"taxonomy":"product_cat","embeddable":true,"href":"https:\/\/www.regionalis.shop\/ricardart\/wp-json\/wp\/v2\/product_cat?post=1788"},{"taxonomy":"product_tag","embeddable":true,"href":"https:\/\/www.regionalis.shop\/ricardart\/wp-json\/wp\/v2\/product_tag?post=1788"}],"curies":[{"name":"wp","href":"https:\/\/api.w.org\/{rel}","templated":true}]}}