{"id":1801,"date":"2025-04-18T07:25:20","date_gmt":"2025-04-18T05:25:20","guid":{"rendered":"https:\/\/www.regionalis.shop\/ricardart\/product\/chakra-lavastein-armband-sparkle-6mm\/"},"modified":"2025-04-18T07:25:20","modified_gmt":"2025-04-18T05:25:20","slug":"chakra-lavastein-armband-sparkle-6mm","status":"publish","type":"product","link":"https:\/\/www.regionalis.shop\/ricardart\/shop\/chakra-lavastein-armband-sparkle-6mm\/","title":{"rendered":"CHAKRA LAVASTEIN Armband *SPARKLE* 6mm"},"content":{"rendered":"<p>Kraftvolle Chakraarmb\u00e4nder mit schwarzen Lavasteinperlen &#038; 7 sorgf\u00e4ltig ausgew\u00e4hlten Edelsteinen mit ca. 6mm Durchmesser (den jeweiligen Chakren zugeordnet): Amethyst, Lapislazuli, T\u00fcrkis\/Amazonit, Aventurin, Lemonjade, Karneol &#038; Granat)<br \/>\nDie strassbesetzten Zwischenperlen (6*3mm) gibt&#8217;s in zartem ros\u00e9 oder dunklem anthrazit.<br \/>\nDank l\u00e4ngenverstellbarem Schiebeverschluss  ist jedes Armband individuell in der Gr\u00f6\u00dfe anpassbar.<\/p>\n<p>*du bekommst dein Armband h\u00fcbsch verpackt in einer handbedruckten Box aus recyceltem Altpapier &#038; mit pers\u00f6nlichem Steckbrief beigelegt auf dem du die wichtigsten Infos zu deinem neuen Begleiter nachlesen kannst<\/p>\n","protected":false},"excerpt":{"rendered":"<p>Kraftvolle Chakraarmb\u00e4nder mit schwarzen Lavasteinperlen &#038; 7 sorgf\u00e4ltig ausgew\u00e4hlten Edelsteinen mit ca. 6mm Durchmesser (den jeweiligen Chakren zugeordnet): Amethyst, Lapislazuli, T\u00fcrkis\/Amazonit, Aventurin, Lemonjade, Karneol &#038; Granat) Die strassbesetzten Zwischenperlen (6*3mm) gibt&#8217;s in zartem ros\u00e9 oder dunklem anthrazit. Dank l\u00e4ngenverstellbarem Schiebeverschluss ist jedes Armband individuell in der Gr\u00f6\u00dfe anpassbar. *du bekommst dein Armband h\u00fcbsch verpackt in &hellip; <a href=\"https:\/\/www.regionalis.shop\/ricardart\/shop\/chakra-lavastein-armband-sparkle-6mm\/\">Continued<\/a><\/p>\n","protected":false},"featured_media":1802,"template":"","meta":{"_acf_changed":false},"product_brand":[],"product_cat":[110,70],"product_tag":[],"class_list":{"0":"post-1801","1":"product","2":"type-product","3":"status-publish","4":"has-post-thumbnail","6":"product_cat-armbaender","7":"product_cat-schmuck","9":"first","10":"instock","11":"purchasable","12":"product-type-simple"},"acf":[],"_links":{"self":[{"href":"https:\/\/www.regionalis.shop\/ricardart\/wp-json\/wp\/v2\/product\/1801","targetHints":{"allow":["GET"]}}],"collection":[{"href":"https:\/\/www.regionalis.shop\/ricardart\/wp-json\/wp\/v2\/product"}],"about":[{"href":"https:\/\/www.regionalis.shop\/ricardart\/wp-json\/wp\/v2\/types\/product"}],"wp:featuredmedia":[{"embeddable":true,"href":"https:\/\/www.regionalis.shop\/ricardart\/wp-json\/wp\/v2\/media\/1802"}],"wp:attachment":[{"href":"https:\/\/www.regionalis.shop\/ricardart\/wp-json\/wp\/v2\/media?parent=1801"}],"wp:term":[{"taxonomy":"product_brand","embeddable":true,"href":"https:\/\/www.regionalis.shop\/ricardart\/wp-json\/wp\/v2\/product_brand?post=1801"},{"taxonomy":"product_cat","embeddable":true,"href":"https:\/\/www.regionalis.shop\/ricardart\/wp-json\/wp\/v2\/product_cat?post=1801"},{"taxonomy":"product_tag","embeddable":true,"href":"https:\/\/www.regionalis.shop\/ricardart\/wp-json\/wp\/v2\/product_tag?post=1801"}],"curies":[{"name":"wp","href":"https:\/\/api.w.org\/{rel}","templated":true}]}}