{"id":1811,"date":"2025-04-18T07:24:03","date_gmt":"2025-04-18T05:24:03","guid":{"rendered":"https:\/\/www.regionalis.shop\/ricardart\/product\/rhodonit-kette-lotus-edelstahl\/"},"modified":"2025-04-18T07:24:03","modified_gmt":"2025-04-18T05:24:03","slug":"rhodonit-kette-lotus-edelstahl","status":"publish","type":"product","link":"https:\/\/www.regionalis.shop\/ricardart\/shop\/rhodonit-kette-lotus-edelstahl\/","title":{"rendered":"RHODONIT Kette *LOTUS* Edelstahl"},"content":{"rendered":"<p>Feine, doppelreihige Halskette mit nat\u00fcrlichen Rhodonitperlen (4mm), zartem Lotusanh\u00e4nger aus hochwertigem, antiallergenem Edelstahl &#038; l\u00e4ngenverstellbarem Schiebeverschluss zum individuellen anpassen.<br \/>\nDas verwendete Makrameegarn ist gewachst, somit wasserfest &#038; strapazierf\u00e4hig<\/p>\n<p>*du bekommst dein Schmuckst\u00fcck h\u00fcbsch verpackt in einer handbedruckten Box aus recyceltem Altpapier, mit pers\u00f6nlichem Steckbrief beigelegt auf dem du die wichtigsten Infos zu deinem neuen Begleiter nachlesen kannst<\/p>\n","protected":false},"excerpt":{"rendered":"<p>Feine, doppelreihige Halskette mit nat\u00fcrlichen Rhodonitperlen (4mm), zartem Lotusanh\u00e4nger aus hochwertigem, antiallergenem Edelstahl &#038; l\u00e4ngenverstellbarem Schiebeverschluss zum individuellen anpassen. Das verwendete Makrameegarn ist gewachst, somit wasserfest &#038; strapazierf\u00e4hig *du bekommst dein Schmuckst\u00fcck h\u00fcbsch verpackt in einer handbedruckten Box aus recyceltem Altpapier, mit pers\u00f6nlichem Steckbrief beigelegt auf dem du die wichtigsten Infos zu deinem neuen Begleiter &hellip; <a href=\"https:\/\/www.regionalis.shop\/ricardart\/shop\/rhodonit-kette-lotus-edelstahl\/\">Continued<\/a><\/p>\n","protected":false},"featured_media":1812,"template":"","meta":{"_acf_changed":false},"product_brand":[],"product_cat":[141,70],"product_tag":[],"class_list":{"0":"post-1811","1":"product","2":"type-product","3":"status-publish","4":"has-post-thumbnail","6":"product_cat-halsketten","7":"product_cat-schmuck","9":"first","10":"instock","11":"purchasable","12":"product-type-simple"},"acf":[],"_links":{"self":[{"href":"https:\/\/www.regionalis.shop\/ricardart\/wp-json\/wp\/v2\/product\/1811","targetHints":{"allow":["GET"]}}],"collection":[{"href":"https:\/\/www.regionalis.shop\/ricardart\/wp-json\/wp\/v2\/product"}],"about":[{"href":"https:\/\/www.regionalis.shop\/ricardart\/wp-json\/wp\/v2\/types\/product"}],"wp:featuredmedia":[{"embeddable":true,"href":"https:\/\/www.regionalis.shop\/ricardart\/wp-json\/wp\/v2\/media\/1812"}],"wp:attachment":[{"href":"https:\/\/www.regionalis.shop\/ricardart\/wp-json\/wp\/v2\/media?parent=1811"}],"wp:term":[{"taxonomy":"product_brand","embeddable":true,"href":"https:\/\/www.regionalis.shop\/ricardart\/wp-json\/wp\/v2\/product_brand?post=1811"},{"taxonomy":"product_cat","embeddable":true,"href":"https:\/\/www.regionalis.shop\/ricardart\/wp-json\/wp\/v2\/product_cat?post=1811"},{"taxonomy":"product_tag","embeddable":true,"href":"https:\/\/www.regionalis.shop\/ricardart\/wp-json\/wp\/v2\/product_tag?post=1811"}],"curies":[{"name":"wp","href":"https:\/\/api.w.org\/{rel}","templated":true}]}}