{"id":1816,"date":"2025-04-18T07:23:23","date_gmt":"2025-04-18T05:23:23","guid":{"rendered":"https:\/\/www.regionalis.shop\/ricardart\/product\/lavastein-fussband-seestern-silber\/"},"modified":"2025-04-18T07:23:23","modified_gmt":"2025-04-18T05:23:23","slug":"lavastein-fussband-seestern-silber","status":"publish","type":"product","link":"https:\/\/www.regionalis.shop\/ricardart\/shop\/lavastein-fussband-seestern-silber\/","title":{"rendered":"Lavastein Fu\u00dfband *SEESTERN* silber"},"content":{"rendered":"<p>Zartes, doppelreihiges Fu\u00dfband aus wasserfestem Makrameegarn (gewachst &#038; strapazierf\u00e4hig), mit schwarzen Lavaperlen (4-6mm) &#038; Seesternanh\u00e4nger in antikem silber mit 13x16mm (nickelfrei). Dank \u00e4ngenverstellbarem Schiebeverschluss l\u00e4sst sich jedes Schmuckst\u00fcck individuell anpassen. <\/p>\n<p>*du bekommst dein Fu\u00dfband h\u00fcbsch verpackt in einem handbedruckten Naturleinenbeutel, mit pers\u00f6nlichem Steckbrief beigelegt, auf dem du die wichtigsten Infos zu deinem neuen Begleiter nachlesen kannst<\/p>\n<p>LAVA SCHWARZ (Wurzelchakra\/M\u016bl\u00e3dh\u00e3ra)<br \/>\nTatendrang- Lebenskraft &#8211; Entschlossenheit<br \/>\nDas aus den Elementen Feuer &#038; Erde entstandene Lavagestein entfacht durch seine Energie dein inneres Feuer &#038; gibt dir die Power neu durchzustarten &#038; deine Ideen in Taten umzusetzen. Er unterst\u00fctzt dich dabei deinen inneren Schweinehund zu \u00fcberwinden &#038; mit Entschlossenheit &#038; Tatendrang neue H\u00fcrden zu meistern<\/p>\n","protected":false},"excerpt":{"rendered":"<p>Zartes, doppelreihiges Fu\u00dfband aus wasserfestem Makrameegarn (gewachst &#038; strapazierf\u00e4hig), mit schwarzen Lavaperlen (4-6mm) &#038; Seesternanh\u00e4nger in antikem silber mit 13x16mm (nickelfrei). Dank \u00e4ngenverstellbarem Schiebeverschluss l\u00e4sst sich jedes Schmuckst\u00fcck individuell anpassen. *du bekommst dein Fu\u00dfband h\u00fcbsch verpackt in einem handbedruckten Naturleinenbeutel, mit pers\u00f6nlichem Steckbrief beigelegt, auf dem du die wichtigsten Infos zu deinem neuen Begleiter nachlesen &hellip; <a href=\"https:\/\/www.regionalis.shop\/ricardart\/shop\/lavastein-fussband-seestern-silber\/\">Continued<\/a><\/p>\n","protected":false},"featured_media":1817,"template":"","meta":{"_acf_changed":false},"product_brand":[],"product_cat":[154,70],"product_tag":[],"class_list":{"0":"post-1816","1":"product","2":"type-product","3":"status-publish","4":"has-post-thumbnail","6":"product_cat-koerperschmuck","7":"product_cat-schmuck","9":"first","10":"instock","11":"purchasable","12":"product-type-simple"},"acf":[],"_links":{"self":[{"href":"https:\/\/www.regionalis.shop\/ricardart\/wp-json\/wp\/v2\/product\/1816","targetHints":{"allow":["GET"]}}],"collection":[{"href":"https:\/\/www.regionalis.shop\/ricardart\/wp-json\/wp\/v2\/product"}],"about":[{"href":"https:\/\/www.regionalis.shop\/ricardart\/wp-json\/wp\/v2\/types\/product"}],"wp:featuredmedia":[{"embeddable":true,"href":"https:\/\/www.regionalis.shop\/ricardart\/wp-json\/wp\/v2\/media\/1817"}],"wp:attachment":[{"href":"https:\/\/www.regionalis.shop\/ricardart\/wp-json\/wp\/v2\/media?parent=1816"}],"wp:term":[{"taxonomy":"product_brand","embeddable":true,"href":"https:\/\/www.regionalis.shop\/ricardart\/wp-json\/wp\/v2\/product_brand?post=1816"},{"taxonomy":"product_cat","embeddable":true,"href":"https:\/\/www.regionalis.shop\/ricardart\/wp-json\/wp\/v2\/product_cat?post=1816"},{"taxonomy":"product_tag","embeddable":true,"href":"https:\/\/www.regionalis.shop\/ricardart\/wp-json\/wp\/v2\/product_tag?post=1816"}],"curies":[{"name":"wp","href":"https:\/\/api.w.org\/{rel}","templated":true}]}}