{"id":1826,"date":"2025-04-18T07:22:29","date_gmt":"2025-04-18T05:22:29","guid":{"rendered":"https:\/\/www.regionalis.shop\/ricardart\/product\/fussband-lapislazuli-antikgold\/"},"modified":"2025-04-18T07:22:29","modified_gmt":"2025-04-18T05:22:29","slug":"fussband-lapislazuli-antikgold","status":"publish","type":"product","link":"https:\/\/www.regionalis.shop\/ricardart\/shop\/fussband-lapislazuli-antikgold\/","title":{"rendered":"Fu\u00dfband *LAPISLAZULI antikgold"},"content":{"rendered":"<p>Doppelreihiges Edelsteinfu\u00dfband aus wasserfestem, sehr strapazierf\u00e4higem Makrameegarn, mit nat\u00fcrlichem Lapislazuli (4mm), Zwischenperlen aus nickelfreiem Messing (2,5mm) &#038; l\u00e4ngenverstellbarem Schiebeverschluss zum individuellen anpassen<\/p>\n<p>*du bekommst dein Schmuckst\u00fcck h\u00fcbsch verpackt in einem handbedruckten Naturleinenbeutel, mit pers\u00f6nlichem Steckbrief beigelegt auf dem du die wichtigsten Infos zu deinem neuen Begleiter nachlesen kannst <\/p>\n<p>LAPISLAZULI \u00a0(Stirnchakra\/\u0100jn\u00e3)<br \/>\nSelbstvertrauen ~ Aufrichtigkeit ~ Optimismus ~ Wahrnehmung\u00a0<br \/>\nDer Lapislazuli st\u00e4rkt Ehrlichkeit &#038; Aufrichtigkeit. Er ist die beste Basis f\u00fcr zwischenmenschliche Beziehungen &#8211; daher oft auch als &#8218;Stein der Freundschaft&#8216; bekannt. Ein wohlwollender &#038; unterst\u00fctzender Begleiter in Freundschaft, Liebe &#038; Beziehung<br \/>\nSternzeichen: Sch\u00fctze<\/p>\n","protected":false},"excerpt":{"rendered":"<p>Doppelreihiges Edelsteinfu\u00dfband aus wasserfestem, sehr strapazierf\u00e4higem Makrameegarn, mit nat\u00fcrlichem Lapislazuli (4mm), Zwischenperlen aus nickelfreiem Messing (2,5mm) &#038; l\u00e4ngenverstellbarem Schiebeverschluss zum individuellen anpassen *du bekommst dein Schmuckst\u00fcck h\u00fcbsch verpackt in einem handbedruckten Naturleinenbeutel, mit pers\u00f6nlichem Steckbrief beigelegt auf dem du die wichtigsten Infos zu deinem neuen Begleiter nachlesen kannst LAPISLAZULI \u00a0(Stirnchakra\/\u0100jn\u00e3) Selbstvertrauen ~ Aufrichtigkeit ~ Optimismus &hellip; <a href=\"https:\/\/www.regionalis.shop\/ricardart\/shop\/fussband-lapislazuli-antikgold\/\">Continued<\/a><\/p>\n","protected":false},"featured_media":1827,"template":"","meta":{"_acf_changed":false},"product_brand":[],"product_cat":[154,70],"product_tag":[],"class_list":{"0":"post-1826","1":"product","2":"type-product","3":"status-publish","4":"has-post-thumbnail","6":"product_cat-koerperschmuck","7":"product_cat-schmuck","9":"first","10":"instock","11":"purchasable","12":"product-type-simple"},"acf":[],"_links":{"self":[{"href":"https:\/\/www.regionalis.shop\/ricardart\/wp-json\/wp\/v2\/product\/1826","targetHints":{"allow":["GET"]}}],"collection":[{"href":"https:\/\/www.regionalis.shop\/ricardart\/wp-json\/wp\/v2\/product"}],"about":[{"href":"https:\/\/www.regionalis.shop\/ricardart\/wp-json\/wp\/v2\/types\/product"}],"wp:featuredmedia":[{"embeddable":true,"href":"https:\/\/www.regionalis.shop\/ricardart\/wp-json\/wp\/v2\/media\/1827"}],"wp:attachment":[{"href":"https:\/\/www.regionalis.shop\/ricardart\/wp-json\/wp\/v2\/media?parent=1826"}],"wp:term":[{"taxonomy":"product_brand","embeddable":true,"href":"https:\/\/www.regionalis.shop\/ricardart\/wp-json\/wp\/v2\/product_brand?post=1826"},{"taxonomy":"product_cat","embeddable":true,"href":"https:\/\/www.regionalis.shop\/ricardart\/wp-json\/wp\/v2\/product_cat?post=1826"},{"taxonomy":"product_tag","embeddable":true,"href":"https:\/\/www.regionalis.shop\/ricardart\/wp-json\/wp\/v2\/product_tag?post=1826"}],"curies":[{"name":"wp","href":"https:\/\/api.w.org\/{rel}","templated":true}]}}