{"id":1830,"date":"2025-04-18T07:22:29","date_gmt":"2025-04-18T05:22:29","guid":{"rendered":"https:\/\/www.regionalis.shop\/ricardart\/product\/rosenquarz-creolen-summer-25mm-rosevergoldet-edelstahl\/"},"modified":"2025-04-18T07:22:29","modified_gmt":"2025-04-18T05:22:29","slug":"rosenquarz-creolen-summer-25mm-rosevergoldet-edelstahl","status":"publish","type":"product","link":"https:\/\/www.regionalis.shop\/ricardart\/shop\/rosenquarz-creolen-summer-25mm-rosevergoldet-edelstahl\/","title":{"rendered":"Rosenquarz Creolen *SUMMER* 25mm ros\u00e9vergoldet\/Edelstahl"},"content":{"rendered":"<p>Hochwertig ros\u00e9vergoldete Edelstahl Hoops (25mm Durchmesser) mit nat\u00fcrlichem Rosenquarz in unregelm\u00e4\u00dfiger &#038; somit einzigartiger Rohform, ros\u00e9vergoldeten Messinganh\u00e4ngern &#038; Zwischenperlen<br \/>\n(nickelfrei &#038; wasserfest)<\/p>\n<p>*du bekommst deine Ohrsch\u00e4tze h\u00fcbsch verpackt in einer handbedruckten Box aus recyceltem Altpapier, mit beigelegtem Steckbrief auf dem du die wichtigsten Infos zu deinem neuen Begleiter nachlesen kannst<\/p>\n<p>ROSENQUARZ \u00a0(Herzchakra\/An\u00e3hata)<br \/>\nSinnlichkeit ~ Liebe ~ Empathie ~ Beziehung ~ Vertrauen<br \/>\nDer Rosenquarz ist ein wunderbarer &#038; f\u00fcr mich sehr wertvoller Begleiter, der mir schon durch so manche Herzenskrise geholfen hat. Mit direktem Hautkontakt (am Besten in Herzn\u00e4he) ein idealer Stein um zu Meditieren &#038; das Herz ganz bewusst zu \u00f6ffnen &#8211; sowohl f\u00fcr dich,\u00a0 als auch f\u00fcr deine Mitmenschen  Mit verschlossenem Herzen verschlie\u00dfen sich auch die wunderbarsten Dinge des Lebens.\u00a0<br \/>\nSternzeichen: Stier<\/p>\n<p>*aufgrund der Einzigartigkeit der einzelnen Edelsteine wird auch jedes Schmuckst\u00fcck zu einem Unikat &#038; somit einzigartig &#8211; so einzigartig wie du<\/p>\n","protected":false},"excerpt":{"rendered":"<p>Hochwertig ros\u00e9vergoldete Edelstahl Hoops (25mm Durchmesser) mit nat\u00fcrlichem Rosenquarz in unregelm\u00e4\u00dfiger &#038; somit einzigartiger Rohform, ros\u00e9vergoldeten Messinganh\u00e4ngern &#038; Zwischenperlen (nickelfrei &#038; wasserfest) *du bekommst deine Ohrsch\u00e4tze h\u00fcbsch verpackt in einer handbedruckten Box aus recyceltem Altpapier, mit beigelegtem Steckbrief auf dem du die wichtigsten Infos zu deinem neuen Begleiter nachlesen kannst ROSENQUARZ \u00a0(Herzchakra\/An\u00e3hata) Sinnlichkeit ~ Liebe &hellip; <a href=\"https:\/\/www.regionalis.shop\/ricardart\/shop\/rosenquarz-creolen-summer-25mm-rosevergoldet-edelstahl\/\">Continued<\/a><\/p>\n","protected":false},"featured_media":1831,"template":"","meta":{"_acf_changed":false},"product_brand":[],"product_cat":[163,70],"product_tag":[],"class_list":{"0":"post-1830","1":"product","2":"type-product","3":"status-publish","4":"has-post-thumbnail","6":"product_cat-ohrringe","7":"product_cat-schmuck","9":"first","10":"instock","11":"purchasable","12":"product-type-simple"},"acf":[],"_links":{"self":[{"href":"https:\/\/www.regionalis.shop\/ricardart\/wp-json\/wp\/v2\/product\/1830","targetHints":{"allow":["GET"]}}],"collection":[{"href":"https:\/\/www.regionalis.shop\/ricardart\/wp-json\/wp\/v2\/product"}],"about":[{"href":"https:\/\/www.regionalis.shop\/ricardart\/wp-json\/wp\/v2\/types\/product"}],"wp:featuredmedia":[{"embeddable":true,"href":"https:\/\/www.regionalis.shop\/ricardart\/wp-json\/wp\/v2\/media\/1831"}],"wp:attachment":[{"href":"https:\/\/www.regionalis.shop\/ricardart\/wp-json\/wp\/v2\/media?parent=1830"}],"wp:term":[{"taxonomy":"product_brand","embeddable":true,"href":"https:\/\/www.regionalis.shop\/ricardart\/wp-json\/wp\/v2\/product_brand?post=1830"},{"taxonomy":"product_cat","embeddable":true,"href":"https:\/\/www.regionalis.shop\/ricardart\/wp-json\/wp\/v2\/product_cat?post=1830"},{"taxonomy":"product_tag","embeddable":true,"href":"https:\/\/www.regionalis.shop\/ricardart\/wp-json\/wp\/v2\/product_tag?post=1830"}],"curies":[{"name":"wp","href":"https:\/\/api.w.org\/{rel}","templated":true}]}}