{"id":1844,"date":"2025-04-18T07:22:29","date_gmt":"2025-04-18T05:22:29","guid":{"rendered":"https:\/\/www.regionalis.shop\/ricardart\/product\/lebensbaum-dopppelarmband-aventurin-amethyst-rosenquarz\/"},"modified":"2025-04-18T07:22:29","modified_gmt":"2025-04-18T05:22:29","slug":"lebensbaum-dopppelarmband-aventurin-amethyst-rosenquarz","status":"publish","type":"product","link":"https:\/\/www.regionalis.shop\/ricardart\/shop\/lebensbaum-dopppelarmband-aventurin-amethyst-rosenquarz\/","title":{"rendered":"LEBENSBAUM Dopppelarmband Aventurin\/Amethyst\/Rosenquarz"},"content":{"rendered":"<p>Handgefertigte Doppelarmb\u00e4nder aus gewachstem Makrameegarn, mit nat\u00fcrlichen Edelsteinen, nickelfreiem Lebensbaum Verbinder (15mm) &#038; l\u00e4ngenverstellbarem Schiebeverschluss zum individuellen anpassen.<br \/>\nLebensbaum in gold, silber oder ros\u00e9 aus nickelfreiem DQ-Metall (15mm Durchmesser)<\/p>\n<p>*du bekommst dein Armband h\u00fcbsch verpackt in einer handbedruckten Box aus recyceltem Altpapier, mit beigelegtem Steckbrief auf dem du die wichtigsten Infos zu deinem neuen Begleiter nachlesen kannst<\/p>\n","protected":false},"excerpt":{"rendered":"<p>Handgefertigte Doppelarmb\u00e4nder aus gewachstem Makrameegarn, mit nat\u00fcrlichen Edelsteinen, nickelfreiem Lebensbaum Verbinder (15mm) &#038; l\u00e4ngenverstellbarem Schiebeverschluss zum individuellen anpassen. Lebensbaum in gold, silber oder ros\u00e9 aus nickelfreiem DQ-Metall (15mm Durchmesser) *du bekommst dein Armband h\u00fcbsch verpackt in einer handbedruckten Box aus recyceltem Altpapier, mit beigelegtem Steckbrief auf dem du die wichtigsten Infos zu deinem neuen Begleiter &hellip; <a href=\"https:\/\/www.regionalis.shop\/ricardart\/shop\/lebensbaum-dopppelarmband-aventurin-amethyst-rosenquarz\/\">Continued<\/a><\/p>\n","protected":false},"featured_media":1845,"template":"","meta":{"_acf_changed":false},"product_brand":[],"product_cat":[110,70],"product_tag":[],"class_list":{"0":"post-1844","1":"product","2":"type-product","3":"status-publish","4":"has-post-thumbnail","6":"product_cat-armbaender","7":"product_cat-schmuck","9":"first","10":"instock","11":"purchasable","12":"product-type-simple"},"acf":[],"_links":{"self":[{"href":"https:\/\/www.regionalis.shop\/ricardart\/wp-json\/wp\/v2\/product\/1844","targetHints":{"allow":["GET"]}}],"collection":[{"href":"https:\/\/www.regionalis.shop\/ricardart\/wp-json\/wp\/v2\/product"}],"about":[{"href":"https:\/\/www.regionalis.shop\/ricardart\/wp-json\/wp\/v2\/types\/product"}],"wp:featuredmedia":[{"embeddable":true,"href":"https:\/\/www.regionalis.shop\/ricardart\/wp-json\/wp\/v2\/media\/1845"}],"wp:attachment":[{"href":"https:\/\/www.regionalis.shop\/ricardart\/wp-json\/wp\/v2\/media?parent=1844"}],"wp:term":[{"taxonomy":"product_brand","embeddable":true,"href":"https:\/\/www.regionalis.shop\/ricardart\/wp-json\/wp\/v2\/product_brand?post=1844"},{"taxonomy":"product_cat","embeddable":true,"href":"https:\/\/www.regionalis.shop\/ricardart\/wp-json\/wp\/v2\/product_cat?post=1844"},{"taxonomy":"product_tag","embeddable":true,"href":"https:\/\/www.regionalis.shop\/ricardart\/wp-json\/wp\/v2\/product_tag?post=1844"}],"curies":[{"name":"wp","href":"https:\/\/api.w.org\/{rel}","templated":true}]}}