{"id":1849,"date":"2025-04-18T07:21:46","date_gmt":"2025-04-18T05:21:46","guid":{"rendered":"https:\/\/www.regionalis.shop\/ricardart\/product\/citrin-fusskettchen-seed-of-life-gold-oliv\/"},"modified":"2025-04-18T07:21:46","modified_gmt":"2025-04-18T05:21:46","slug":"citrin-fusskettchen-seed-of-life-gold-oliv","status":"publish","type":"product","link":"https:\/\/www.regionalis.shop\/ricardart\/shop\/citrin-fusskettchen-seed-of-life-gold-oliv\/","title":{"rendered":"CITRIN Fu\u00dfkettchen *SEED OF LIFE gold\/oliv"},"content":{"rendered":"<p>Zartes, wasserfestes Fu\u00dfband mit nat\u00fcrlichen Citrinperlen (4mm), 18k vergoldeten Kupferperlen, nickelfreiem, vergoldetem Messinganh\u00e4nger (~8mm) &#038; l\u00e4ngenverstellbarem Schiebeverschluss zum individuellen anpassen.<br \/>\nVon Hand gefertigt aus gewachstem, sehr strapazierf\u00e4higem &#038; wasserfestem Makrameegarn  &#8211; ideal also f\u00fcr den Sommer &#038; die Badesaison <\/p>\n<p>*du bekommst dein Schmuckst\u00fcck h\u00fcbsch verpackt in einem handbedruckten Naturleinenbeutel, mit pers\u00f6nlichem Steckbrief beigelegt, auf dem du die wichtigsten Infos zu deinem neuen Begleiter nachlesen kannst<\/p>\n","protected":false},"excerpt":{"rendered":"<p>Zartes, wasserfestes Fu\u00dfband mit nat\u00fcrlichen Citrinperlen (4mm), 18k vergoldeten Kupferperlen, nickelfreiem, vergoldetem Messinganh\u00e4nger (~8mm) &#038; l\u00e4ngenverstellbarem Schiebeverschluss zum individuellen anpassen. Von Hand gefertigt aus gewachstem, sehr strapazierf\u00e4higem &#038; wasserfestem Makrameegarn &#8211; ideal also f\u00fcr den Sommer &#038; die Badesaison *du bekommst dein Schmuckst\u00fcck h\u00fcbsch verpackt in einem handbedruckten Naturleinenbeutel, mit pers\u00f6nlichem Steckbrief beigelegt, auf dem &hellip; <a href=\"https:\/\/www.regionalis.shop\/ricardart\/shop\/citrin-fusskettchen-seed-of-life-gold-oliv\/\">Continued<\/a><\/p>\n","protected":false},"featured_media":1850,"template":"","meta":{"_acf_changed":false},"product_brand":[],"product_cat":[154,70],"product_tag":[],"class_list":{"0":"post-1849","1":"product","2":"type-product","3":"status-publish","4":"has-post-thumbnail","6":"product_cat-koerperschmuck","7":"product_cat-schmuck","9":"first","10":"instock","11":"purchasable","12":"product-type-simple"},"acf":[],"_links":{"self":[{"href":"https:\/\/www.regionalis.shop\/ricardart\/wp-json\/wp\/v2\/product\/1849","targetHints":{"allow":["GET"]}}],"collection":[{"href":"https:\/\/www.regionalis.shop\/ricardart\/wp-json\/wp\/v2\/product"}],"about":[{"href":"https:\/\/www.regionalis.shop\/ricardart\/wp-json\/wp\/v2\/types\/product"}],"wp:featuredmedia":[{"embeddable":true,"href":"https:\/\/www.regionalis.shop\/ricardart\/wp-json\/wp\/v2\/media\/1850"}],"wp:attachment":[{"href":"https:\/\/www.regionalis.shop\/ricardart\/wp-json\/wp\/v2\/media?parent=1849"}],"wp:term":[{"taxonomy":"product_brand","embeddable":true,"href":"https:\/\/www.regionalis.shop\/ricardart\/wp-json\/wp\/v2\/product_brand?post=1849"},{"taxonomy":"product_cat","embeddable":true,"href":"https:\/\/www.regionalis.shop\/ricardart\/wp-json\/wp\/v2\/product_cat?post=1849"},{"taxonomy":"product_tag","embeddable":true,"href":"https:\/\/www.regionalis.shop\/ricardart\/wp-json\/wp\/v2\/product_tag?post=1849"}],"curies":[{"name":"wp","href":"https:\/\/api.w.org\/{rel}","templated":true}]}}