{"id":1854,"date":"2025-04-18T07:21:46","date_gmt":"2025-04-18T05:21:46","guid":{"rendered":"https:\/\/www.regionalis.shop\/ricardart\/product\/citrin-fussband-sun-bronze\/"},"modified":"2025-04-18T07:21:46","modified_gmt":"2025-04-18T05:21:46","slug":"citrin-fussband-sun-bronze","status":"publish","type":"product","link":"https:\/\/www.regionalis.shop\/ricardart\/shop\/citrin-fussband-sun-bronze\/","title":{"rendered":"CITRIN Fu\u00dfband *SUN bronze"},"content":{"rendered":"<p>Doppelreihiges Fu\u00dfband aus wasserfestem, sehr strapazierf\u00e4higem Makrameegarn (gewachst), mit nat\u00fcrlichen Citrinperlen (4mm) &#038; nickelfreiem Sonne-Anh\u00e4nger in bronze (14mm). Der l\u00e4ngenverstellbare Schiebeverschluss l\u00e4sst sich in der Gr\u00f6\u00dfe individuell anpassen <\/p>\n<p>*du bekommst dein Schmuckst\u00fcck h\u00fcbsch verpackt in einem handbedruckten Naturleinenbeutel, mit pers\u00f6nlichem Steckbrief beigelegt auf dem du die wichtigsten Infos zu deinem neuen Begleiter nachlesen kannst <\/p>\n<p>CITRIN (Solarplexuschakra\/ Manip\u016bra)<br \/>\nLebensfreude ~ Energie ~ Lebensmut ~<br \/>\nEin Powerstein &#038; Energiespender \u00a0<br \/>\nDer Citrin bringt deine inneres Licht zum Strahlen  Er schenkt dir Lebensfreude und ist ein wahrer Sonnenspender  Besonders f\u00fcr dein inneres Gleichgewicht kann er von positiver Bedeutung sein &#8211; Ein idealer Begleiter in psychischen Krisen &#038; belastenden Lebensphasen<br \/>\nSternzeichen: L\u00f6we<\/p>\n","protected":false},"excerpt":{"rendered":"<p>Doppelreihiges Fu\u00dfband aus wasserfestem, sehr strapazierf\u00e4higem Makrameegarn (gewachst), mit nat\u00fcrlichen Citrinperlen (4mm) &#038; nickelfreiem Sonne-Anh\u00e4nger in bronze (14mm). Der l\u00e4ngenverstellbare Schiebeverschluss l\u00e4sst sich in der Gr\u00f6\u00dfe individuell anpassen *du bekommst dein Schmuckst\u00fcck h\u00fcbsch verpackt in einem handbedruckten Naturleinenbeutel, mit pers\u00f6nlichem Steckbrief beigelegt auf dem du die wichtigsten Infos zu deinem neuen Begleiter nachlesen kannst CITRIN &hellip; <a href=\"https:\/\/www.regionalis.shop\/ricardart\/shop\/citrin-fussband-sun-bronze\/\">Continued<\/a><\/p>\n","protected":false},"featured_media":1855,"template":"","meta":{"_acf_changed":false},"product_brand":[],"product_cat":[154,70],"product_tag":[],"class_list":{"0":"post-1854","1":"product","2":"type-product","3":"status-publish","4":"has-post-thumbnail","6":"product_cat-koerperschmuck","7":"product_cat-schmuck","9":"first","10":"instock","11":"purchasable","12":"product-type-simple"},"acf":[],"_links":{"self":[{"href":"https:\/\/www.regionalis.shop\/ricardart\/wp-json\/wp\/v2\/product\/1854","targetHints":{"allow":["GET"]}}],"collection":[{"href":"https:\/\/www.regionalis.shop\/ricardart\/wp-json\/wp\/v2\/product"}],"about":[{"href":"https:\/\/www.regionalis.shop\/ricardart\/wp-json\/wp\/v2\/types\/product"}],"wp:featuredmedia":[{"embeddable":true,"href":"https:\/\/www.regionalis.shop\/ricardart\/wp-json\/wp\/v2\/media\/1855"}],"wp:attachment":[{"href":"https:\/\/www.regionalis.shop\/ricardart\/wp-json\/wp\/v2\/media?parent=1854"}],"wp:term":[{"taxonomy":"product_brand","embeddable":true,"href":"https:\/\/www.regionalis.shop\/ricardart\/wp-json\/wp\/v2\/product_brand?post=1854"},{"taxonomy":"product_cat","embeddable":true,"href":"https:\/\/www.regionalis.shop\/ricardart\/wp-json\/wp\/v2\/product_cat?post=1854"},{"taxonomy":"product_tag","embeddable":true,"href":"https:\/\/www.regionalis.shop\/ricardart\/wp-json\/wp\/v2\/product_tag?post=1854"}],"curies":[{"name":"wp","href":"https:\/\/api.w.org\/{rel}","templated":true}]}}