{"id":1859,"date":"2025-04-18T07:21:46","date_gmt":"2025-04-18T05:21:46","guid":{"rendered":"https:\/\/www.regionalis.shop\/ricardart\/product\/aventurin-fussband-leaf-bronze\/"},"modified":"2025-04-18T07:21:46","modified_gmt":"2025-04-18T05:21:46","slug":"aventurin-fussband-leaf-bronze","status":"publish","type":"product","link":"https:\/\/www.regionalis.shop\/ricardart\/shop\/aventurin-fussband-leaf-bronze\/","title":{"rendered":"AVENTURIN Fu\u00dfband *LEAF bronze"},"content":{"rendered":"<p>Doppelreihiges Fu\u00dfband aus wasserfestem, sehr strapazierf\u00e4higem Makrameegarn,<br \/>\nmit nat\u00fcrlichen Aventurinperlen (4mm) &#038; nickelfreiem Blatt-Anh\u00e4nger in bronze. Der l\u00e4ngenverstellbare Schiebeverschluss l\u00e4sst sich in der Gr\u00f6\u00dfe individuell anpassen <\/p>\n<p>*du bekommst dein Schmuckst\u00fcck h\u00fcbsch verpackt in einem handbedruckten Naturleinenbeutel, mit pers\u00f6nlichem Steckbrief beigelegt auf dem du die wichtigsten Infos zu deinem neuen Begleiter nachlesen kannst <\/p>\n<p>AVENTURIN \u00a0(Herzchakra\/ An\u00e3hata)<br \/>\nOptimismus ~ Selbstbestimmung ~ Lebensfreude ~ innere Ruhe<br \/>\nWie der Amethyst ist auch der Aventurin ein wunderbarer Helfer beim Ein-&#038;, Durchschlafen. Er schenkt dir innere Ruhe &#038; soll dir die facettenreiche Sch\u00f6nheit des Lebens immer wieder vor Augen f\u00fchren und dir so zu mehr Lebensfreude &#038; Zufriedenheit verhelfen  Gr\u00fcn beruhigt au\u00dferdem unsere Nerven<br \/>\nSternzeichen: Krebs<\/p>\n","protected":false},"excerpt":{"rendered":"<p>Doppelreihiges Fu\u00dfband aus wasserfestem, sehr strapazierf\u00e4higem Makrameegarn, mit nat\u00fcrlichen Aventurinperlen (4mm) &#038; nickelfreiem Blatt-Anh\u00e4nger in bronze. Der l\u00e4ngenverstellbare Schiebeverschluss l\u00e4sst sich in der Gr\u00f6\u00dfe individuell anpassen *du bekommst dein Schmuckst\u00fcck h\u00fcbsch verpackt in einem handbedruckten Naturleinenbeutel, mit pers\u00f6nlichem Steckbrief beigelegt auf dem du die wichtigsten Infos zu deinem neuen Begleiter nachlesen kannst AVENTURIN \u00a0(Herzchakra\/ An\u00e3hata) &hellip; <a href=\"https:\/\/www.regionalis.shop\/ricardart\/shop\/aventurin-fussband-leaf-bronze\/\">Continued<\/a><\/p>\n","protected":false},"featured_media":1860,"template":"","meta":{"_acf_changed":false},"product_brand":[],"product_cat":[154,70],"product_tag":[],"class_list":{"0":"post-1859","1":"product","2":"type-product","3":"status-publish","4":"has-post-thumbnail","6":"product_cat-koerperschmuck","7":"product_cat-schmuck","9":"first","10":"instock","11":"purchasable","12":"product-type-simple"},"acf":[],"_links":{"self":[{"href":"https:\/\/www.regionalis.shop\/ricardart\/wp-json\/wp\/v2\/product\/1859","targetHints":{"allow":["GET"]}}],"collection":[{"href":"https:\/\/www.regionalis.shop\/ricardart\/wp-json\/wp\/v2\/product"}],"about":[{"href":"https:\/\/www.regionalis.shop\/ricardart\/wp-json\/wp\/v2\/types\/product"}],"wp:featuredmedia":[{"embeddable":true,"href":"https:\/\/www.regionalis.shop\/ricardart\/wp-json\/wp\/v2\/media\/1860"}],"wp:attachment":[{"href":"https:\/\/www.regionalis.shop\/ricardart\/wp-json\/wp\/v2\/media?parent=1859"}],"wp:term":[{"taxonomy":"product_brand","embeddable":true,"href":"https:\/\/www.regionalis.shop\/ricardart\/wp-json\/wp\/v2\/product_brand?post=1859"},{"taxonomy":"product_cat","embeddable":true,"href":"https:\/\/www.regionalis.shop\/ricardart\/wp-json\/wp\/v2\/product_cat?post=1859"},{"taxonomy":"product_tag","embeddable":true,"href":"https:\/\/www.regionalis.shop\/ricardart\/wp-json\/wp\/v2\/product_tag?post=1859"}],"curies":[{"name":"wp","href":"https:\/\/api.w.org\/{rel}","templated":true}]}}