{"id":1869,"date":"2025-04-18T07:21:06","date_gmt":"2025-04-18T05:21:06","guid":{"rendered":"https:\/\/www.regionalis.shop\/ricardart\/product\/federohrringe-lebensblume-light\/"},"modified":"2025-04-18T07:21:06","modified_gmt":"2025-04-18T05:21:06","slug":"federohrringe-lebensblume-light","status":"publish","type":"product","link":"https:\/\/www.regionalis.shop\/ricardart\/shop\/federohrringe-lebensblume-light\/","title":{"rendered":"Federohrringe *LEBENSBLUME light"},"content":{"rendered":"<p>Federn-Ohrringe mit nickel-&#038; bleifreien Edelstahlbrisuren (verschlie\u00dfbare Ohrhaken)<br \/>\nLebensblume mit 20mm Durchmesser aus robuster Metalllegierung, nat\u00fcrliche Fasanfedern verbunden mit einer naturfarbenen Holzoerle.<br \/>\nGesamtl\u00e4nge: ~ 12cm<\/p>\n","protected":false},"excerpt":{"rendered":"<p>Federn-Ohrringe mit nickel-&#038; bleifreien Edelstahlbrisuren (verschlie\u00dfbare Ohrhaken) Lebensblume mit 20mm Durchmesser aus robuster Metalllegierung, nat\u00fcrliche Fasanfedern verbunden mit einer naturfarbenen Holzoerle. Gesamtl\u00e4nge: ~ 12cm<\/p>\n","protected":false},"featured_media":1870,"template":"","meta":{"_acf_changed":false},"product_brand":[],"product_cat":[163,70],"product_tag":[],"class_list":{"0":"post-1869","1":"product","2":"type-product","3":"status-publish","4":"has-post-thumbnail","6":"product_cat-ohrringe","7":"product_cat-schmuck","9":"first","10":"instock","11":"purchasable","12":"product-type-simple"},"acf":[],"_links":{"self":[{"href":"https:\/\/www.regionalis.shop\/ricardart\/wp-json\/wp\/v2\/product\/1869","targetHints":{"allow":["GET"]}}],"collection":[{"href":"https:\/\/www.regionalis.shop\/ricardart\/wp-json\/wp\/v2\/product"}],"about":[{"href":"https:\/\/www.regionalis.shop\/ricardart\/wp-json\/wp\/v2\/types\/product"}],"wp:featuredmedia":[{"embeddable":true,"href":"https:\/\/www.regionalis.shop\/ricardart\/wp-json\/wp\/v2\/media\/1870"}],"wp:attachment":[{"href":"https:\/\/www.regionalis.shop\/ricardart\/wp-json\/wp\/v2\/media?parent=1869"}],"wp:term":[{"taxonomy":"product_brand","embeddable":true,"href":"https:\/\/www.regionalis.shop\/ricardart\/wp-json\/wp\/v2\/product_brand?post=1869"},{"taxonomy":"product_cat","embeddable":true,"href":"https:\/\/www.regionalis.shop\/ricardart\/wp-json\/wp\/v2\/product_cat?post=1869"},{"taxonomy":"product_tag","embeddable":true,"href":"https:\/\/www.regionalis.shop\/ricardart\/wp-json\/wp\/v2\/product_tag?post=1869"}],"curies":[{"name":"wp","href":"https:\/\/api.w.org\/{rel}","templated":true}]}}