{"id":1874,"date":"2025-04-18T07:20:20","date_gmt":"2025-04-18T05:20:20","guid":{"rendered":"https:\/\/www.regionalis.shop\/ricardart\/product\/rosenquarz-fussband-sunflower-rose\/"},"modified":"2025-04-18T07:20:20","modified_gmt":"2025-04-18T05:20:20","slug":"rosenquarz-fussband-sunflower-rose","status":"publish","type":"product","link":"https:\/\/www.regionalis.shop\/ricardart\/shop\/rosenquarz-fussband-sunflower-rose\/","title":{"rendered":"Rosenquarz Fu\u00dfband *SUNFLOWER ros\u00e9"},"content":{"rendered":"<p>Feiner Begleiter &#8211; vor Allem im Sommer<br \/>\nDas verwendete Makrameegarn ist gewachst, sehr strapazierf\u00e4hig und darf gerne auch nass werden. Best\u00fcckt mit nat\u00fcrlichem Rosenquarz (4mm) &#038; nickelfreiem Anh\u00e4nger aus ros\u00e9vergoldetem Messing<br \/>\nDank l\u00e4ngenverstellbarem Schiebeknoten ist das Fu\u00dfband flexibel &#038; individuell anpassbar<\/p>\n","protected":false},"excerpt":{"rendered":"<p>Feiner Begleiter &#8211; vor Allem im Sommer Das verwendete Makrameegarn ist gewachst, sehr strapazierf\u00e4hig und darf gerne auch nass werden. Best\u00fcckt mit nat\u00fcrlichem Rosenquarz (4mm) &#038; nickelfreiem Anh\u00e4nger aus ros\u00e9vergoldetem Messing Dank l\u00e4ngenverstellbarem Schiebeknoten ist das Fu\u00dfband flexibel &#038; individuell anpassbar<\/p>\n","protected":false},"featured_media":1875,"template":"","meta":{"_acf_changed":false},"product_brand":[],"product_cat":[154,70],"product_tag":[],"class_list":{"0":"post-1874","1":"product","2":"type-product","3":"status-publish","4":"has-post-thumbnail","6":"product_cat-koerperschmuck","7":"product_cat-schmuck","9":"first","10":"instock","11":"purchasable","12":"product-type-simple"},"acf":[],"_links":{"self":[{"href":"https:\/\/www.regionalis.shop\/ricardart\/wp-json\/wp\/v2\/product\/1874","targetHints":{"allow":["GET"]}}],"collection":[{"href":"https:\/\/www.regionalis.shop\/ricardart\/wp-json\/wp\/v2\/product"}],"about":[{"href":"https:\/\/www.regionalis.shop\/ricardart\/wp-json\/wp\/v2\/types\/product"}],"wp:featuredmedia":[{"embeddable":true,"href":"https:\/\/www.regionalis.shop\/ricardart\/wp-json\/wp\/v2\/media\/1875"}],"wp:attachment":[{"href":"https:\/\/www.regionalis.shop\/ricardart\/wp-json\/wp\/v2\/media?parent=1874"}],"wp:term":[{"taxonomy":"product_brand","embeddable":true,"href":"https:\/\/www.regionalis.shop\/ricardart\/wp-json\/wp\/v2\/product_brand?post=1874"},{"taxonomy":"product_cat","embeddable":true,"href":"https:\/\/www.regionalis.shop\/ricardart\/wp-json\/wp\/v2\/product_cat?post=1874"},{"taxonomy":"product_tag","embeddable":true,"href":"https:\/\/www.regionalis.shop\/ricardart\/wp-json\/wp\/v2\/product_tag?post=1874"}],"curies":[{"name":"wp","href":"https:\/\/api.w.org\/{rel}","templated":true}]}}