{"id":1883,"date":"2025-04-18T07:19:24","date_gmt":"2025-04-18T05:19:24","guid":{"rendered":"https:\/\/www.regionalis.shop\/ricardart\/product\/fussband-dalmatinerstein-lotus-silber\/"},"modified":"2025-04-18T07:19:24","modified_gmt":"2025-04-18T05:19:24","slug":"fussband-dalmatinerstein-lotus-silber","status":"publish","type":"product","link":"https:\/\/www.regionalis.shop\/ricardart\/shop\/fussband-dalmatinerstein-lotus-silber\/","title":{"rendered":"Fu\u00dfband *Dalmatinerstein LOTUS* silber"},"content":{"rendered":"<p>Doppelreihiges Fu\u00dfband mit nat\u00fcrlichem<br \/>\nDalmatinerstein &#038; l\u00e4ngenverstellbarem Schiebeverschluss zum individuellen anpassen.<br \/>\nDas verwendete Makrameegarn ist gewachst, sehr strapazierf\u00e4hig und wasserfest, perfekt also f\u00fcr die Badesaison und f\u00fcr dauerhaftes Tragen <\/p>\n<p>*du bekommst dein Schmuckst\u00fcck h\u00fcbsch verpackt &#038; mit pers\u00f6nlichem Steckbrief beigelegt auf dem du die wichtigsten Infos zu deinem neuen Begleiter nachlesen kannst<\/p>\n","protected":false},"excerpt":{"rendered":"<p>Doppelreihiges Fu\u00dfband mit nat\u00fcrlichem Dalmatinerstein &#038; l\u00e4ngenverstellbarem Schiebeverschluss zum individuellen anpassen. Das verwendete Makrameegarn ist gewachst, sehr strapazierf\u00e4hig und wasserfest, perfekt also f\u00fcr die Badesaison und f\u00fcr dauerhaftes Tragen *du bekommst dein Schmuckst\u00fcck h\u00fcbsch verpackt &#038; mit pers\u00f6nlichem Steckbrief beigelegt auf dem du die wichtigsten Infos zu deinem neuen Begleiter nachlesen kannst<\/p>\n","protected":false},"featured_media":1884,"template":"","meta":{"_acf_changed":false},"product_brand":[],"product_cat":[154,70],"product_tag":[],"class_list":{"0":"post-1883","1":"product","2":"type-product","3":"status-publish","4":"has-post-thumbnail","6":"product_cat-koerperschmuck","7":"product_cat-schmuck","9":"first","10":"instock","11":"purchasable","12":"product-type-simple"},"acf":[],"_links":{"self":[{"href":"https:\/\/www.regionalis.shop\/ricardart\/wp-json\/wp\/v2\/product\/1883","targetHints":{"allow":["GET"]}}],"collection":[{"href":"https:\/\/www.regionalis.shop\/ricardart\/wp-json\/wp\/v2\/product"}],"about":[{"href":"https:\/\/www.regionalis.shop\/ricardart\/wp-json\/wp\/v2\/types\/product"}],"wp:featuredmedia":[{"embeddable":true,"href":"https:\/\/www.regionalis.shop\/ricardart\/wp-json\/wp\/v2\/media\/1884"}],"wp:attachment":[{"href":"https:\/\/www.regionalis.shop\/ricardart\/wp-json\/wp\/v2\/media?parent=1883"}],"wp:term":[{"taxonomy":"product_brand","embeddable":true,"href":"https:\/\/www.regionalis.shop\/ricardart\/wp-json\/wp\/v2\/product_brand?post=1883"},{"taxonomy":"product_cat","embeddable":true,"href":"https:\/\/www.regionalis.shop\/ricardart\/wp-json\/wp\/v2\/product_cat?post=1883"},{"taxonomy":"product_tag","embeddable":true,"href":"https:\/\/www.regionalis.shop\/ricardart\/wp-json\/wp\/v2\/product_tag?post=1883"}],"curies":[{"name":"wp","href":"https:\/\/api.w.org\/{rel}","templated":true}]}}