{"id":1888,"date":"2025-04-18T07:19:24","date_gmt":"2025-04-18T05:19:24","guid":{"rendered":"https:\/\/www.regionalis.shop\/ricardart\/product\/rhodochrosit-fussband-palmblatt-rose\/"},"modified":"2025-04-18T07:19:24","modified_gmt":"2025-04-18T05:19:24","slug":"rhodochrosit-fussband-palmblatt-rose","status":"publish","type":"product","link":"https:\/\/www.regionalis.shop\/ricardart\/shop\/rhodochrosit-fussband-palmblatt-rose\/","title":{"rendered":"Rhodochrosit Fu\u00dfband *PALMBLATT ros\u00e9"},"content":{"rendered":"<p>Zartes, doppelreihiges Fu\u00dfband mit nat\u00fcrlichen Rhodochrositperlen (4mm), ros\u00e9vergoldetem Messinganh\u00e4nger (nickelfrei\/13*18mm) &#038; l\u00e4ngenverstellbarem Schiebeverschluss zum individuellen anpassen.<br \/>\nVon Hand gefertigt aus wasserfestem, sehr strapazierf\u00e4higem Makrameegarn  &#8211; ideal  f\u00fcr den Sommer &#038; die Badesaison<\/p>\n","protected":false},"excerpt":{"rendered":"<p>Zartes, doppelreihiges Fu\u00dfband mit nat\u00fcrlichen Rhodochrositperlen (4mm), ros\u00e9vergoldetem Messinganh\u00e4nger (nickelfrei\/13*18mm) &#038; l\u00e4ngenverstellbarem Schiebeverschluss zum individuellen anpassen. Von Hand gefertigt aus wasserfestem, sehr strapazierf\u00e4higem Makrameegarn &#8211; ideal f\u00fcr den Sommer &#038; die Badesaison<\/p>\n","protected":false},"featured_media":1889,"template":"","meta":{"_acf_changed":false},"product_brand":[],"product_cat":[154,70],"product_tag":[],"class_list":{"0":"post-1888","1":"product","2":"type-product","3":"status-publish","4":"has-post-thumbnail","6":"product_cat-koerperschmuck","7":"product_cat-schmuck","9":"first","10":"instock","11":"purchasable","12":"product-type-simple"},"acf":[],"_links":{"self":[{"href":"https:\/\/www.regionalis.shop\/ricardart\/wp-json\/wp\/v2\/product\/1888","targetHints":{"allow":["GET"]}}],"collection":[{"href":"https:\/\/www.regionalis.shop\/ricardart\/wp-json\/wp\/v2\/product"}],"about":[{"href":"https:\/\/www.regionalis.shop\/ricardart\/wp-json\/wp\/v2\/types\/product"}],"wp:featuredmedia":[{"embeddable":true,"href":"https:\/\/www.regionalis.shop\/ricardart\/wp-json\/wp\/v2\/media\/1889"}],"wp:attachment":[{"href":"https:\/\/www.regionalis.shop\/ricardart\/wp-json\/wp\/v2\/media?parent=1888"}],"wp:term":[{"taxonomy":"product_brand","embeddable":true,"href":"https:\/\/www.regionalis.shop\/ricardart\/wp-json\/wp\/v2\/product_brand?post=1888"},{"taxonomy":"product_cat","embeddable":true,"href":"https:\/\/www.regionalis.shop\/ricardart\/wp-json\/wp\/v2\/product_cat?post=1888"},{"taxonomy":"product_tag","embeddable":true,"href":"https:\/\/www.regionalis.shop\/ricardart\/wp-json\/wp\/v2\/product_tag?post=1888"}],"curies":[{"name":"wp","href":"https:\/\/api.w.org\/{rel}","templated":true}]}}