{"id":1893,"date":"2025-04-18T07:10:09","date_gmt":"2025-04-18T05:10:09","guid":{"rendered":"https:\/\/www.regionalis.shop\/ricardart\/product\/labradorit-925-sterlingsilber-doppelarmband-lotus\/"},"modified":"2025-04-18T07:10:09","modified_gmt":"2025-04-18T05:10:09","slug":"labradorit-925-sterlingsilber-doppelarmband-lotus","status":"publish","type":"product","link":"https:\/\/www.regionalis.shop\/ricardart\/shop\/labradorit-925-sterlingsilber-doppelarmband-lotus\/","title":{"rendered":"LABRADORIT 925 Sterlingsilber Doppelarmband *LOTUS*"},"content":{"rendered":"<p>Zartes Labradoritarmband mit Lotusblume &#038; Zwischenperlen aus 925 Sterlingsilber.Von Hand gefertigt aus strapazierf\u00e4higem Makrameegarn (wasserabweisend), mit l\u00e4ngenverstellbarem Schiebeverschluss zum individuellen anpassen.<\/p>\n<p>LABRADORIT \u00a0(alle Chakren)<br \/>\nFantasie &#8211; Kreativit\u00e4t- Intuition &#8211; Balance ~<br \/>\nDer schimmernde Labradorit befl\u00fcgelt den Geist &#038; die kreative Vorstellungskraft. Er unterst\u00fctzt dich dabei im Leben voranzukommen &#038; ist dir ein wunderbarer, unterst\u00fctzender Begleiter in jeder Lebenslage<br \/>\nName: Fundort\/Halbinsel &#8218;Labrador&#8216;<br \/>\nSternzeichen: Wassermann<\/p>\n<p>*Du bekommst dein Armband h\u00fcbsch verpackt in einer handbedruckten Box aus recyceltem Altpapier, mit pers\u00f6nlichem Steckbrief beigelegt, auf dem du die wichtigsten Infos zu deinem neuen Begleiter nachlesen kannst<\/p>\n","protected":false},"excerpt":{"rendered":"<p>Zartes Labradoritarmband mit Lotusblume &#038; Zwischenperlen aus 925 Sterlingsilber.Von Hand gefertigt aus strapazierf\u00e4higem Makrameegarn (wasserabweisend), mit l\u00e4ngenverstellbarem Schiebeverschluss zum individuellen anpassen. LABRADORIT \u00a0(alle Chakren) Fantasie &#8211; Kreativit\u00e4t- Intuition &#8211; Balance ~ Der schimmernde Labradorit befl\u00fcgelt den Geist &#038; die kreative Vorstellungskraft. Er unterst\u00fctzt dich dabei im Leben voranzukommen &#038; ist dir ein wunderbarer, unterst\u00fctzender Begleiter &hellip; <a href=\"https:\/\/www.regionalis.shop\/ricardart\/shop\/labradorit-925-sterlingsilber-doppelarmband-lotus\/\">Continued<\/a><\/p>\n","protected":false},"featured_media":1894,"template":"","meta":{"_acf_changed":false},"product_brand":[],"product_cat":[110,70],"product_tag":[],"class_list":{"0":"post-1893","1":"product","2":"type-product","3":"status-publish","4":"has-post-thumbnail","6":"product_cat-armbaender","7":"product_cat-schmuck","9":"first","10":"instock","11":"purchasable","12":"product-type-simple"},"acf":[],"_links":{"self":[{"href":"https:\/\/www.regionalis.shop\/ricardart\/wp-json\/wp\/v2\/product\/1893","targetHints":{"allow":["GET"]}}],"collection":[{"href":"https:\/\/www.regionalis.shop\/ricardart\/wp-json\/wp\/v2\/product"}],"about":[{"href":"https:\/\/www.regionalis.shop\/ricardart\/wp-json\/wp\/v2\/types\/product"}],"wp:featuredmedia":[{"embeddable":true,"href":"https:\/\/www.regionalis.shop\/ricardart\/wp-json\/wp\/v2\/media\/1894"}],"wp:attachment":[{"href":"https:\/\/www.regionalis.shop\/ricardart\/wp-json\/wp\/v2\/media?parent=1893"}],"wp:term":[{"taxonomy":"product_brand","embeddable":true,"href":"https:\/\/www.regionalis.shop\/ricardart\/wp-json\/wp\/v2\/product_brand?post=1893"},{"taxonomy":"product_cat","embeddable":true,"href":"https:\/\/www.regionalis.shop\/ricardart\/wp-json\/wp\/v2\/product_cat?post=1893"},{"taxonomy":"product_tag","embeddable":true,"href":"https:\/\/www.regionalis.shop\/ricardart\/wp-json\/wp\/v2\/product_tag?post=1893"}],"curies":[{"name":"wp","href":"https:\/\/api.w.org\/{rel}","templated":true}]}}