{"id":1897,"date":"2025-04-18T07:08:46","date_gmt":"2025-04-18T05:08:46","guid":{"rendered":"https:\/\/www.regionalis.shop\/ricardart\/product\/tuerkis-chakraarmband-visuddha-18k-verg\/"},"modified":"2025-04-18T07:08:46","modified_gmt":"2025-04-18T05:08:46","slug":"tuerkis-chakraarmband-visuddha-18k-verg","status":"publish","type":"product","link":"https:\/\/www.regionalis.shop\/ricardart\/shop\/tuerkis-chakraarmband-visuddha-18k-verg\/","title":{"rendered":"T\u00dcRKIS Chakraarmband *VI\u015aUDDHA* 18k verg."},"content":{"rendered":"<p>Zartes Chakraarmband mit nat\u00fcrlichem T\u00fcrkis &#038; 18k vergoldeten Messingperlen.<br \/>\nDas Armband ist aus gewachstem Makrameegarn von Hand gefertigt &#038; l\u00e4sst sich durch den l\u00e4ngenverstellbaren Schiebeknoten individuell an jedes Handgelenk anpassen.<br \/>\nEin kraftvoller Wegbegleiter, ob f\u00fcr dich oder eine\/n deiner Lieben<br \/>\nDu bekommst dein Armband h\u00fcbsch verpackt, mit beigelegtem Steckbrief aufdem du die wichtigsten Infos zu deinem neuen Begleiter nachlesen kannst<br \/>\nT\u00dcRKIS (Halschakra\/ Vi\u015buddha)<br \/>\nKreativit\u00e4t ~ Lebensfreude\/ Lebenskraft ~ Selbstbewusstsein ~ Kommunikation ~<br \/>\nDer wundersch\u00f6ne T\u00fckris ist ein Multitalent &#038; einer meiner pers\u00f6nlichen Lieblinge  Er unterstreicht deine kreativen Z\u00fcge &#038; Krearivit\u00e4t, f\u00f6rdert Selbstbewusstsein &#038; Kommunikation und ist auch im beruflichen Alltag&#038; beim Streben nach Erfolg ein positiver &#038; unterst\u00fctzender Begleiter.\u00a0 Besonders in schweren Krisenzeiten, bei Kummer &#038; Depression &#8211;\u00a0 ist der T\u00fcrkis ein wunderbarer Krisenhelfer<br \/>\nSternzeichen: Skorpion<\/p>\n","protected":false},"excerpt":{"rendered":"<p>Zartes Chakraarmband mit nat\u00fcrlichem T\u00fcrkis &#038; 18k vergoldeten Messingperlen. Das Armband ist aus gewachstem Makrameegarn von Hand gefertigt &#038; l\u00e4sst sich durch den l\u00e4ngenverstellbaren Schiebeknoten individuell an jedes Handgelenk anpassen. Ein kraftvoller Wegbegleiter, ob f\u00fcr dich oder eine\/n deiner Lieben Du bekommst dein Armband h\u00fcbsch verpackt, mit beigelegtem Steckbrief aufdem du die wichtigsten Infos zu &hellip; <a href=\"https:\/\/www.regionalis.shop\/ricardart\/shop\/tuerkis-chakraarmband-visuddha-18k-verg\/\">Continued<\/a><\/p>\n","protected":false},"featured_media":1898,"template":"","meta":{"_acf_changed":false},"product_brand":[],"product_cat":[110,70],"product_tag":[],"class_list":{"0":"post-1897","1":"product","2":"type-product","3":"status-publish","4":"has-post-thumbnail","6":"product_cat-armbaender","7":"product_cat-schmuck","9":"first","10":"instock","11":"purchasable","12":"product-type-simple"},"acf":[],"_links":{"self":[{"href":"https:\/\/www.regionalis.shop\/ricardart\/wp-json\/wp\/v2\/product\/1897","targetHints":{"allow":["GET"]}}],"collection":[{"href":"https:\/\/www.regionalis.shop\/ricardart\/wp-json\/wp\/v2\/product"}],"about":[{"href":"https:\/\/www.regionalis.shop\/ricardart\/wp-json\/wp\/v2\/types\/product"}],"wp:featuredmedia":[{"embeddable":true,"href":"https:\/\/www.regionalis.shop\/ricardart\/wp-json\/wp\/v2\/media\/1898"}],"wp:attachment":[{"href":"https:\/\/www.regionalis.shop\/ricardart\/wp-json\/wp\/v2\/media?parent=1897"}],"wp:term":[{"taxonomy":"product_brand","embeddable":true,"href":"https:\/\/www.regionalis.shop\/ricardart\/wp-json\/wp\/v2\/product_brand?post=1897"},{"taxonomy":"product_cat","embeddable":true,"href":"https:\/\/www.regionalis.shop\/ricardart\/wp-json\/wp\/v2\/product_cat?post=1897"},{"taxonomy":"product_tag","embeddable":true,"href":"https:\/\/www.regionalis.shop\/ricardart\/wp-json\/wp\/v2\/product_tag?post=1897"}],"curies":[{"name":"wp","href":"https:\/\/api.w.org\/{rel}","templated":true}]}}