{"id":1906,"date":"2025-04-18T07:06:18","date_gmt":"2025-04-18T05:06:18","guid":{"rendered":"https:\/\/www.regionalis.shop\/ricardart\/product\/makramee-ohrringe-lotus-circle-bronze\/"},"modified":"2025-04-18T07:06:18","modified_gmt":"2025-04-18T05:06:18","slug":"makramee-ohrringe-lotus-circle-bronze","status":"publish","type":"product","link":"https:\/\/www.regionalis.shop\/ricardart\/shop\/makramee-ohrringe-lotus-circle-bronze\/","title":{"rendered":"Makramee Ohrringe *LOTUS CIrcle bronze"},"content":{"rendered":"<p>Von Hand gefertigte Makramee Ohrsch\u00e4tze im Boho-Stil<br \/>\n30mm Hoops aus robuster, bronzefarbener Legierung, umkn\u00fcpft mit Makrameegarn aus recycelter Baumwolle (OEKOTEX)<br \/>\nDie Ohrhaken sind nickel-, &#038; bleifrei &#038; somit auch f\u00fcr besonders sensible Ohren geeignet<\/p>\n","protected":false},"excerpt":{"rendered":"<p>Von Hand gefertigte Makramee Ohrsch\u00e4tze im Boho-Stil 30mm Hoops aus robuster, bronzefarbener Legierung, umkn\u00fcpft mit Makrameegarn aus recycelter Baumwolle (OEKOTEX) Die Ohrhaken sind nickel-, &#038; bleifrei &#038; somit auch f\u00fcr besonders sensible Ohren geeignet<\/p>\n","protected":false},"featured_media":1907,"template":"","meta":{"_acf_changed":false},"product_brand":[],"product_cat":[163,70],"product_tag":[],"class_list":{"0":"post-1906","1":"product","2":"type-product","3":"status-publish","4":"has-post-thumbnail","6":"product_cat-ohrringe","7":"product_cat-schmuck","9":"first","10":"instock","11":"purchasable","12":"product-type-simple"},"acf":[],"_links":{"self":[{"href":"https:\/\/www.regionalis.shop\/ricardart\/wp-json\/wp\/v2\/product\/1906","targetHints":{"allow":["GET"]}}],"collection":[{"href":"https:\/\/www.regionalis.shop\/ricardart\/wp-json\/wp\/v2\/product"}],"about":[{"href":"https:\/\/www.regionalis.shop\/ricardart\/wp-json\/wp\/v2\/types\/product"}],"wp:featuredmedia":[{"embeddable":true,"href":"https:\/\/www.regionalis.shop\/ricardart\/wp-json\/wp\/v2\/media\/1907"}],"wp:attachment":[{"href":"https:\/\/www.regionalis.shop\/ricardart\/wp-json\/wp\/v2\/media?parent=1906"}],"wp:term":[{"taxonomy":"product_brand","embeddable":true,"href":"https:\/\/www.regionalis.shop\/ricardart\/wp-json\/wp\/v2\/product_brand?post=1906"},{"taxonomy":"product_cat","embeddable":true,"href":"https:\/\/www.regionalis.shop\/ricardart\/wp-json\/wp\/v2\/product_cat?post=1906"},{"taxonomy":"product_tag","embeddable":true,"href":"https:\/\/www.regionalis.shop\/ricardart\/wp-json\/wp\/v2\/product_tag?post=1906"}],"curies":[{"name":"wp","href":"https:\/\/api.w.org\/{rel}","templated":true}]}}