{"id":1910,"date":"2025-04-18T07:04:44","date_gmt":"2025-04-18T05:04:44","guid":{"rendered":"https:\/\/www.regionalis.shop\/ricardart\/product\/amethyst-kristall-armkettchen-edelstahl-vergoldet\/"},"modified":"2025-04-18T07:04:44","modified_gmt":"2025-04-18T05:04:44","slug":"amethyst-kristall-armkettchen-edelstahl-vergoldet","status":"publish","type":"product","link":"https:\/\/www.regionalis.shop\/ricardart\/shop\/amethyst-kristall-armkettchen-edelstahl-vergoldet\/","title":{"rendered":"Amethyst Kristall Armkettchen Edelstahl vergoldet"},"content":{"rendered":"<p>Hochwertige Armkettchen aus nickelfreiem, echtvergoldetem Edelstahl (wasserfest) mit Karabinerverschluss, 18k vergoldeten Kupferperlen &#038; nat\u00fcrlichen Edelsteinen in facettiert geschliffener Kristallform (3-4mm)<\/p>\n<p>Du bekommst dein Armband h\u00fcbsch verpackt in einer handbedruckten Box aus recyceltem Altpapier, mit pers\u00f6nlichem Steckbrief beigelegt, auf dem du die wichtigsten Infos zu deinem neuen Begleiter nachlesen kannst!<\/p>\n","protected":false},"excerpt":{"rendered":"<p>Hochwertige Armkettchen aus nickelfreiem, echtvergoldetem Edelstahl (wasserfest) mit Karabinerverschluss, 18k vergoldeten Kupferperlen &#038; nat\u00fcrlichen Edelsteinen in facettiert geschliffener Kristallform (3-4mm) Du bekommst dein Armband h\u00fcbsch verpackt in einer handbedruckten Box aus recyceltem Altpapier, mit pers\u00f6nlichem Steckbrief beigelegt, auf dem du die wichtigsten Infos zu deinem neuen Begleiter nachlesen kannst!<\/p>\n","protected":false},"featured_media":1911,"template":"","meta":{"_acf_changed":false},"product_brand":[],"product_cat":[110,70],"product_tag":[],"class_list":{"0":"post-1910","1":"product","2":"type-product","3":"status-publish","4":"has-post-thumbnail","6":"product_cat-armbaender","7":"product_cat-schmuck","9":"first","10":"instock","11":"purchasable","12":"product-type-simple"},"acf":[],"_links":{"self":[{"href":"https:\/\/www.regionalis.shop\/ricardart\/wp-json\/wp\/v2\/product\/1910","targetHints":{"allow":["GET"]}}],"collection":[{"href":"https:\/\/www.regionalis.shop\/ricardart\/wp-json\/wp\/v2\/product"}],"about":[{"href":"https:\/\/www.regionalis.shop\/ricardart\/wp-json\/wp\/v2\/types\/product"}],"wp:featuredmedia":[{"embeddable":true,"href":"https:\/\/www.regionalis.shop\/ricardart\/wp-json\/wp\/v2\/media\/1911"}],"wp:attachment":[{"href":"https:\/\/www.regionalis.shop\/ricardart\/wp-json\/wp\/v2\/media?parent=1910"}],"wp:term":[{"taxonomy":"product_brand","embeddable":true,"href":"https:\/\/www.regionalis.shop\/ricardart\/wp-json\/wp\/v2\/product_brand?post=1910"},{"taxonomy":"product_cat","embeddable":true,"href":"https:\/\/www.regionalis.shop\/ricardart\/wp-json\/wp\/v2\/product_cat?post=1910"},{"taxonomy":"product_tag","embeddable":true,"href":"https:\/\/www.regionalis.shop\/ricardart\/wp-json\/wp\/v2\/product_tag?post=1910"}],"curies":[{"name":"wp","href":"https:\/\/api.w.org\/{rel}","templated":true}]}}