{"id":1915,"date":"2025-04-18T07:04:44","date_gmt":"2025-04-18T05:04:44","guid":{"rendered":"https:\/\/www.regionalis.shop\/ricardart\/product\/citrin-rosenquarz-fussband-sun-seed-of-life\/"},"modified":"2025-04-18T07:04:44","modified_gmt":"2025-04-18T05:04:44","slug":"citrin-rosenquarz-fussband-sun-seed-of-life","status":"publish","type":"product","link":"https:\/\/www.regionalis.shop\/ricardart\/shop\/citrin-rosenquarz-fussband-sun-seed-of-life\/","title":{"rendered":"CITRIN\/ROSENQUARZ Fu\u00dfband *SUN &#038; SEED OF LIFE"},"content":{"rendered":"<p>Zartes Fu\u00dfband mit nat\u00fcrlichen Citrin- oder Rosenquarzperlen (4mm), 18k vergoldeten Kupferperlen \/ versilbert (2mm) &#038; kleinen Messinganh\u00e4ngern mit ~ 8mm Durchmesser.  Dank l\u00e4ngenverstellbarem Schiebeverschluss individuell in der Gr\u00f6\u00dfe anpassbar.<br \/>\nAlle meine Fu\u00dfb\u00e4nder werden von Hand gefertigt aus gewachstem, sehr strapazierf\u00e4higem &#038; wasserfestem Makrameegarn  &#8211; ideal also f\u00fcr den Sommer &#038;  f\u00fcr dauerhaftes Tragen<\/p>\n","protected":false},"excerpt":{"rendered":"<p>Zartes Fu\u00dfband mit nat\u00fcrlichen Citrin- oder Rosenquarzperlen (4mm), 18k vergoldeten Kupferperlen \/ versilbert (2mm) &#038; kleinen Messinganh\u00e4ngern mit ~ 8mm Durchmesser. Dank l\u00e4ngenverstellbarem Schiebeverschluss individuell in der Gr\u00f6\u00dfe anpassbar. Alle meine Fu\u00dfb\u00e4nder werden von Hand gefertigt aus gewachstem, sehr strapazierf\u00e4higem &#038; wasserfestem Makrameegarn &#8211; ideal also f\u00fcr den Sommer &#038; f\u00fcr dauerhaftes Tragen<\/p>\n","protected":false},"featured_media":1916,"template":"","meta":{"_acf_changed":false},"product_brand":[],"product_cat":[154,70],"product_tag":[],"class_list":{"0":"post-1915","1":"product","2":"type-product","3":"status-publish","4":"has-post-thumbnail","6":"product_cat-koerperschmuck","7":"product_cat-schmuck","9":"first","10":"instock","11":"purchasable","12":"product-type-simple"},"acf":[],"_links":{"self":[{"href":"https:\/\/www.regionalis.shop\/ricardart\/wp-json\/wp\/v2\/product\/1915","targetHints":{"allow":["GET"]}}],"collection":[{"href":"https:\/\/www.regionalis.shop\/ricardart\/wp-json\/wp\/v2\/product"}],"about":[{"href":"https:\/\/www.regionalis.shop\/ricardart\/wp-json\/wp\/v2\/types\/product"}],"wp:featuredmedia":[{"embeddable":true,"href":"https:\/\/www.regionalis.shop\/ricardart\/wp-json\/wp\/v2\/media\/1916"}],"wp:attachment":[{"href":"https:\/\/www.regionalis.shop\/ricardart\/wp-json\/wp\/v2\/media?parent=1915"}],"wp:term":[{"taxonomy":"product_brand","embeddable":true,"href":"https:\/\/www.regionalis.shop\/ricardart\/wp-json\/wp\/v2\/product_brand?post=1915"},{"taxonomy":"product_cat","embeddable":true,"href":"https:\/\/www.regionalis.shop\/ricardart\/wp-json\/wp\/v2\/product_cat?post=1915"},{"taxonomy":"product_tag","embeddable":true,"href":"https:\/\/www.regionalis.shop\/ricardart\/wp-json\/wp\/v2\/product_tag?post=1915"}],"curies":[{"name":"wp","href":"https:\/\/api.w.org\/{rel}","templated":true}]}}