{"id":1920,"date":"2025-04-18T07:04:44","date_gmt":"2025-04-18T05:04:44","guid":{"rendered":"https:\/\/www.regionalis.shop\/ricardart\/product\/citrin-rosenquarz-armband-sun-seed-of-life\/"},"modified":"2025-04-18T07:04:44","modified_gmt":"2025-04-18T05:04:44","slug":"citrin-rosenquarz-armband-sun-seed-of-life","status":"publish","type":"product","link":"https:\/\/www.regionalis.shop\/ricardart\/shop\/citrin-rosenquarz-armband-sun-seed-of-life\/","title":{"rendered":"CITRIN\/ROSENQUARZ Armband *SUN &#038; SEED OF LIFE"},"content":{"rendered":"<p>Zartes Doppelarmband mit nat\u00fcrlichen Citrin- oder Rosenquarzperlen (4mm), 18k vergoldeten Kupferperlen \/ versilbert (2mm) &#038; kleinen Messinganh\u00e4ngern mit ca. 8mm Durchmesser.  Dank l\u00e4ngenverstellbarem Schiebeverschluss individuell anpassbar.<br \/>\nAlle meine Arm-&#038; Fu\u00dfb\u00e4nder werden von Hand gefertigt aus gewachstem, sehr strapazierf\u00e4higem &#038; wasserfestem Makrameegarn  &#8211; ideal also f\u00fcr den Sommer &#038;  f\u00fcr dauerhaftes Tragen<\/p>\n","protected":false},"excerpt":{"rendered":"<p>Zartes Doppelarmband mit nat\u00fcrlichen Citrin- oder Rosenquarzperlen (4mm), 18k vergoldeten Kupferperlen \/ versilbert (2mm) &#038; kleinen Messinganh\u00e4ngern mit ca. 8mm Durchmesser. Dank l\u00e4ngenverstellbarem Schiebeverschluss individuell anpassbar. Alle meine Arm-&#038; Fu\u00dfb\u00e4nder werden von Hand gefertigt aus gewachstem, sehr strapazierf\u00e4higem &#038; wasserfestem Makrameegarn &#8211; ideal also f\u00fcr den Sommer &#038; f\u00fcr dauerhaftes Tragen<\/p>\n","protected":false},"featured_media":1921,"template":"","meta":{"_acf_changed":false},"product_brand":[],"product_cat":[110,70],"product_tag":[],"class_list":{"0":"post-1920","1":"product","2":"type-product","3":"status-publish","4":"has-post-thumbnail","6":"product_cat-armbaender","7":"product_cat-schmuck","9":"first","10":"instock","11":"purchasable","12":"product-type-simple"},"acf":[],"_links":{"self":[{"href":"https:\/\/www.regionalis.shop\/ricardart\/wp-json\/wp\/v2\/product\/1920","targetHints":{"allow":["GET"]}}],"collection":[{"href":"https:\/\/www.regionalis.shop\/ricardart\/wp-json\/wp\/v2\/product"}],"about":[{"href":"https:\/\/www.regionalis.shop\/ricardart\/wp-json\/wp\/v2\/types\/product"}],"wp:featuredmedia":[{"embeddable":true,"href":"https:\/\/www.regionalis.shop\/ricardart\/wp-json\/wp\/v2\/media\/1921"}],"wp:attachment":[{"href":"https:\/\/www.regionalis.shop\/ricardart\/wp-json\/wp\/v2\/media?parent=1920"}],"wp:term":[{"taxonomy":"product_brand","embeddable":true,"href":"https:\/\/www.regionalis.shop\/ricardart\/wp-json\/wp\/v2\/product_brand?post=1920"},{"taxonomy":"product_cat","embeddable":true,"href":"https:\/\/www.regionalis.shop\/ricardart\/wp-json\/wp\/v2\/product_cat?post=1920"},{"taxonomy":"product_tag","embeddable":true,"href":"https:\/\/www.regionalis.shop\/ricardart\/wp-json\/wp\/v2\/product_tag?post=1920"}],"curies":[{"name":"wp","href":"https:\/\/api.w.org\/{rel}","templated":true}]}}