{"id":1933,"date":"2025-04-18T06:49:32","date_gmt":"2025-04-18T04:49:32","guid":{"rendered":"https:\/\/www.regionalis.shop\/ricardart\/product\/amazonit-fusskettchen-mandala-gold-braun\/"},"modified":"2025-04-18T06:49:32","modified_gmt":"2025-04-18T04:49:32","slug":"amazonit-fusskettchen-mandala-gold-braun","status":"publish","type":"product","link":"https:\/\/www.regionalis.shop\/ricardart\/shop\/amazonit-fusskettchen-mandala-gold-braun\/","title":{"rendered":"Amazonit Fu\u00dfkettchen *MANDALA* gold\/braun"},"content":{"rendered":"<p>Zartes, doppelreihiges Fu\u00dfkettchen mit nat\u00fcrlichem Amazonit, 18k vergoldeten Kupferperlen, nickelfreiem Messingmandala (12mm) &#038; l\u00e4ngenverstellbarem Schiebeverschluss zum individuellen anpassen. Das Band aus gewachstem Makrameegarn ist sehr strapazierf\u00e4hig &#038; wasserfest &#8211; ideal also f\u00fcr den Sommer &#038; die Badesaison.<\/p>\n","protected":false},"excerpt":{"rendered":"<p>Zartes, doppelreihiges Fu\u00dfkettchen mit nat\u00fcrlichem Amazonit, 18k vergoldeten Kupferperlen, nickelfreiem Messingmandala (12mm) &#038; l\u00e4ngenverstellbarem Schiebeverschluss zum individuellen anpassen. Das Band aus gewachstem Makrameegarn ist sehr strapazierf\u00e4hig &#038; wasserfest &#8211; ideal also f\u00fcr den Sommer &#038; die Badesaison.<\/p>\n","protected":false},"featured_media":1934,"template":"","meta":{"_acf_changed":false},"product_brand":[],"product_cat":[154,70],"product_tag":[],"class_list":{"0":"post-1933","1":"product","2":"type-product","3":"status-publish","4":"has-post-thumbnail","6":"product_cat-koerperschmuck","7":"product_cat-schmuck","9":"first","10":"instock","11":"purchasable","12":"product-type-simple"},"acf":[],"_links":{"self":[{"href":"https:\/\/www.regionalis.shop\/ricardart\/wp-json\/wp\/v2\/product\/1933","targetHints":{"allow":["GET"]}}],"collection":[{"href":"https:\/\/www.regionalis.shop\/ricardart\/wp-json\/wp\/v2\/product"}],"about":[{"href":"https:\/\/www.regionalis.shop\/ricardart\/wp-json\/wp\/v2\/types\/product"}],"wp:featuredmedia":[{"embeddable":true,"href":"https:\/\/www.regionalis.shop\/ricardart\/wp-json\/wp\/v2\/media\/1934"}],"wp:attachment":[{"href":"https:\/\/www.regionalis.shop\/ricardart\/wp-json\/wp\/v2\/media?parent=1933"}],"wp:term":[{"taxonomy":"product_brand","embeddable":true,"href":"https:\/\/www.regionalis.shop\/ricardart\/wp-json\/wp\/v2\/product_brand?post=1933"},{"taxonomy":"product_cat","embeddable":true,"href":"https:\/\/www.regionalis.shop\/ricardart\/wp-json\/wp\/v2\/product_cat?post=1933"},{"taxonomy":"product_tag","embeddable":true,"href":"https:\/\/www.regionalis.shop\/ricardart\/wp-json\/wp\/v2\/product_tag?post=1933"}],"curies":[{"name":"wp","href":"https:\/\/api.w.org\/{rel}","templated":true}]}}