{"id":1951,"date":"2025-04-18T06:43:27","date_gmt":"2025-04-18T04:43:27","guid":{"rendered":"https:\/\/www.regionalis.shop\/ricardart\/product\/malachit-ohrringe-kaleidoskop18k-vergoldet\/"},"modified":"2025-04-18T06:43:27","modified_gmt":"2025-04-18T04:43:27","slug":"malachit-ohrringe-kaleidoskop18k-vergoldet","status":"publish","type":"product","link":"https:\/\/www.regionalis.shop\/ricardart\/shop\/malachit-ohrringe-kaleidoskop18k-vergoldet\/","title":{"rendered":"MALACHIT Ohrringe *Kaleidoskop*18k vergoldet"},"content":{"rendered":"<p>Strahlender Ohrschmuck mit nat\u00fcrlichem Malachit in seiner wundersch\u00f6nen &#038; einzigartigen Form \u2661<br \/>\nDie Ohrhaken aus nickelfreiem, echtvergoldetem Edelstahl sind auch f\u00fcr sensible Ohren geeignet<br \/>\nDie Pendants aus hochwertig vergoldetem Kupfer in Kombination mit nat\u00fcrlichem Malachit in seinen wundersch\u00f6nen &#038; einzigartigen Gr\u00fcnt\u00f6nen machen die Ohrringe zu einem echten Hingucker.<br \/>\nGesamtl\u00e4nge der Ohrringe (ohne Ohrhake): ~ 7cm<\/p>\n","protected":false},"excerpt":{"rendered":"<p>Strahlender Ohrschmuck mit nat\u00fcrlichem Malachit in seiner wundersch\u00f6nen &#038; einzigartigen Form \u2661 Die Ohrhaken aus nickelfreiem, echtvergoldetem Edelstahl sind auch f\u00fcr sensible Ohren geeignet Die Pendants aus hochwertig vergoldetem Kupfer in Kombination mit nat\u00fcrlichem Malachit in seinen wundersch\u00f6nen &#038; einzigartigen Gr\u00fcnt\u00f6nen machen die Ohrringe zu einem echten Hingucker. Gesamtl\u00e4nge der Ohrringe (ohne Ohrhake): ~ 7cm<\/p>\n","protected":false},"featured_media":1952,"template":"","meta":{"_acf_changed":false},"product_brand":[],"product_cat":[163,70],"product_tag":[],"class_list":{"0":"post-1951","1":"product","2":"type-product","3":"status-publish","4":"has-post-thumbnail","6":"product_cat-ohrringe","7":"product_cat-schmuck","9":"first","10":"instock","11":"purchasable","12":"product-type-simple"},"acf":[],"_links":{"self":[{"href":"https:\/\/www.regionalis.shop\/ricardart\/wp-json\/wp\/v2\/product\/1951","targetHints":{"allow":["GET"]}}],"collection":[{"href":"https:\/\/www.regionalis.shop\/ricardart\/wp-json\/wp\/v2\/product"}],"about":[{"href":"https:\/\/www.regionalis.shop\/ricardart\/wp-json\/wp\/v2\/types\/product"}],"wp:featuredmedia":[{"embeddable":true,"href":"https:\/\/www.regionalis.shop\/ricardart\/wp-json\/wp\/v2\/media\/1952"}],"wp:attachment":[{"href":"https:\/\/www.regionalis.shop\/ricardart\/wp-json\/wp\/v2\/media?parent=1951"}],"wp:term":[{"taxonomy":"product_brand","embeddable":true,"href":"https:\/\/www.regionalis.shop\/ricardart\/wp-json\/wp\/v2\/product_brand?post=1951"},{"taxonomy":"product_cat","embeddable":true,"href":"https:\/\/www.regionalis.shop\/ricardart\/wp-json\/wp\/v2\/product_cat?post=1951"},{"taxonomy":"product_tag","embeddable":true,"href":"https:\/\/www.regionalis.shop\/ricardart\/wp-json\/wp\/v2\/product_tag?post=1951"}],"curies":[{"name":"wp","href":"https:\/\/api.w.org\/{rel}","templated":true}]}}