{"id":1956,"date":"2025-04-18T06:43:27","date_gmt":"2025-04-18T04:43:27","guid":{"rendered":"https:\/\/www.regionalis.shop\/ricardart\/product\/rhodonit-creolen-strass-silber\/"},"modified":"2025-04-18T06:43:27","modified_gmt":"2025-04-18T04:43:27","slug":"rhodonit-creolen-strass-silber","status":"publish","type":"product","link":"https:\/\/www.regionalis.shop\/ricardart\/shop\/rhodonit-creolen-strass-silber\/","title":{"rendered":"RHODONIT Creolen *STRASS silber"},"content":{"rendered":"<p>Kraftvoller Ohrschmuck mit nat\u00fcrlichem Rhodonit in seiner wundersch\u00f6nen &#038; einzigartigen Form &#038; kleinen, eingefassten Strasssteinchen \u2661<br \/>\nDie Creolen sind hergestellt aus nickelfreiem Edelstahl und haben einen Durchmesser von 25mm<br \/>\n*du bekommst deine Sch\u00e4tze h\u00fcbsch verpackt in einer handbedruckten Box aus recyceltem Altpapier, mit pers\u00f6nlichem Steckbrief beigelegt, auf dem du die wichtigsten Infos zu deinem neuen Begleiter nachlesen kannst <\/p>\n<p>*aufgrund der Einzigartigkeit der einzelnen Edelsteine wird auch jedes Schmuckst\u00fcck zu einem Unikat &#038; somit einzigartig- so einzigartig wie du \u2661<\/p>\n","protected":false},"excerpt":{"rendered":"<p>Kraftvoller Ohrschmuck mit nat\u00fcrlichem Rhodonit in seiner wundersch\u00f6nen &#038; einzigartigen Form &#038; kleinen, eingefassten Strasssteinchen \u2661 Die Creolen sind hergestellt aus nickelfreiem Edelstahl und haben einen Durchmesser von 25mm *du bekommst deine Sch\u00e4tze h\u00fcbsch verpackt in einer handbedruckten Box aus recyceltem Altpapier, mit pers\u00f6nlichem Steckbrief beigelegt, auf dem du die wichtigsten Infos zu deinem neuen &hellip; <a href=\"https:\/\/www.regionalis.shop\/ricardart\/shop\/rhodonit-creolen-strass-silber\/\">Continued<\/a><\/p>\n","protected":false},"featured_media":1957,"template":"","meta":{"_acf_changed":false},"product_brand":[],"product_cat":[163,70],"product_tag":[],"class_list":{"0":"post-1956","1":"product","2":"type-product","3":"status-publish","4":"has-post-thumbnail","6":"product_cat-ohrringe","7":"product_cat-schmuck","9":"first","10":"instock","11":"purchasable","12":"product-type-simple"},"acf":[],"_links":{"self":[{"href":"https:\/\/www.regionalis.shop\/ricardart\/wp-json\/wp\/v2\/product\/1956","targetHints":{"allow":["GET"]}}],"collection":[{"href":"https:\/\/www.regionalis.shop\/ricardart\/wp-json\/wp\/v2\/product"}],"about":[{"href":"https:\/\/www.regionalis.shop\/ricardart\/wp-json\/wp\/v2\/types\/product"}],"wp:featuredmedia":[{"embeddable":true,"href":"https:\/\/www.regionalis.shop\/ricardart\/wp-json\/wp\/v2\/media\/1957"}],"wp:attachment":[{"href":"https:\/\/www.regionalis.shop\/ricardart\/wp-json\/wp\/v2\/media?parent=1956"}],"wp:term":[{"taxonomy":"product_brand","embeddable":true,"href":"https:\/\/www.regionalis.shop\/ricardart\/wp-json\/wp\/v2\/product_brand?post=1956"},{"taxonomy":"product_cat","embeddable":true,"href":"https:\/\/www.regionalis.shop\/ricardart\/wp-json\/wp\/v2\/product_cat?post=1956"},{"taxonomy":"product_tag","embeddable":true,"href":"https:\/\/www.regionalis.shop\/ricardart\/wp-json\/wp\/v2\/product_tag?post=1956"}],"curies":[{"name":"wp","href":"https:\/\/api.w.org\/{rel}","templated":true}]}}