{"id":1961,"date":"2025-04-18T06:43:27","date_gmt":"2025-04-18T04:43:27","guid":{"rendered":"https:\/\/www.regionalis.shop\/ricardart\/product\/rhodonit-ohrringe-libelle-rose\/"},"modified":"2025-04-18T06:43:27","modified_gmt":"2025-04-18T04:43:27","slug":"rhodonit-ohrringe-libelle-rose","status":"publish","type":"product","link":"https:\/\/www.regionalis.shop\/ricardart\/shop\/rhodonit-ohrringe-libelle-rose\/","title":{"rendered":"Rhodonit Ohrringe *LIBELLE* ros\u00e9"},"content":{"rendered":"<p>Zarte Ohrringe mit facettiertem Rhodonit (4mm),  Anh\u00e4nger aus ros\u00e9vergoldetem Messing &#038; geschlossenen Brisuren aus nickelfreiem, ros\u00e9vergoldetem Edelstahl<br \/>\nGesamtl\u00e4nge: ~40mm<br \/>\n*du bekommst deine Ohrringe liebevoll verpackt in einer handbedruckten Box aus recyceltem Altpapier- individuell &#038; umweltbewusst \u2661<\/p>\n","protected":false},"excerpt":{"rendered":"<p>Zarte Ohrringe mit facettiertem Rhodonit (4mm), Anh\u00e4nger aus ros\u00e9vergoldetem Messing &#038; geschlossenen Brisuren aus nickelfreiem, ros\u00e9vergoldetem Edelstahl Gesamtl\u00e4nge: ~40mm *du bekommst deine Ohrringe liebevoll verpackt in einer handbedruckten Box aus recyceltem Altpapier- individuell &#038; umweltbewusst \u2661<\/p>\n","protected":false},"featured_media":1962,"template":"","meta":{"_acf_changed":false},"product_brand":[],"product_cat":[163,70],"product_tag":[],"class_list":{"0":"post-1961","1":"product","2":"type-product","3":"status-publish","4":"has-post-thumbnail","6":"product_cat-ohrringe","7":"product_cat-schmuck","9":"first","10":"instock","11":"purchasable","12":"product-type-simple"},"acf":[],"_links":{"self":[{"href":"https:\/\/www.regionalis.shop\/ricardart\/wp-json\/wp\/v2\/product\/1961","targetHints":{"allow":["GET"]}}],"collection":[{"href":"https:\/\/www.regionalis.shop\/ricardart\/wp-json\/wp\/v2\/product"}],"about":[{"href":"https:\/\/www.regionalis.shop\/ricardart\/wp-json\/wp\/v2\/types\/product"}],"wp:featuredmedia":[{"embeddable":true,"href":"https:\/\/www.regionalis.shop\/ricardart\/wp-json\/wp\/v2\/media\/1962"}],"wp:attachment":[{"href":"https:\/\/www.regionalis.shop\/ricardart\/wp-json\/wp\/v2\/media?parent=1961"}],"wp:term":[{"taxonomy":"product_brand","embeddable":true,"href":"https:\/\/www.regionalis.shop\/ricardart\/wp-json\/wp\/v2\/product_brand?post=1961"},{"taxonomy":"product_cat","embeddable":true,"href":"https:\/\/www.regionalis.shop\/ricardart\/wp-json\/wp\/v2\/product_cat?post=1961"},{"taxonomy":"product_tag","embeddable":true,"href":"https:\/\/www.regionalis.shop\/ricardart\/wp-json\/wp\/v2\/product_tag?post=1961"}],"curies":[{"name":"wp","href":"https:\/\/api.w.org\/{rel}","templated":true}]}}