{"id":1965,"date":"2025-04-18T06:36:24","date_gmt":"2025-04-18T04:36:24","guid":{"rendered":"https:\/\/www.regionalis.shop\/ricardart\/product\/makramee-lotus-ohrringe-tigerauge-bronze\/"},"modified":"2025-04-18T06:36:24","modified_gmt":"2025-04-18T04:36:24","slug":"makramee-lotus-ohrringe-tigerauge-bronze","status":"publish","type":"product","link":"https:\/\/www.regionalis.shop\/ricardart\/shop\/makramee-lotus-ohrringe-tigerauge-bronze\/","title":{"rendered":"Makramee LOTUS Ohrringe *Tigerauge bronze"},"content":{"rendered":"<p>Von Hand gefertigte Ohrsch\u00e4tze, gekn\u00fcpft mit gewachstem, wasserfestem Makrameegarn &#038; nat\u00fcrlichen Edelsteinperlen. Die Ohrhaken aus nickel-&#038; bleifreier Legierung sind auch f\u00fcr sensible Ohren geeignet.<br \/>\nGesamtl\u00e4nge ~35mm<\/p>\n<p>***du bekommst deine Ohrringe liebevoll verpackt in einer handbedruckten Box aus recyceltem Altpapier &#8211; individuell &#038; umweltbewusst \u2661<\/p>\n","protected":false},"excerpt":{"rendered":"<p>Von Hand gefertigte Ohrsch\u00e4tze, gekn\u00fcpft mit gewachstem, wasserfestem Makrameegarn &#038; nat\u00fcrlichen Edelsteinperlen. Die Ohrhaken aus nickel-&#038; bleifreier Legierung sind auch f\u00fcr sensible Ohren geeignet. Gesamtl\u00e4nge ~35mm ***du bekommst deine Ohrringe liebevoll verpackt in einer handbedruckten Box aus recyceltem Altpapier &#8211; individuell &#038; umweltbewusst \u2661<\/p>\n","protected":false},"featured_media":1966,"template":"","meta":{"_acf_changed":false},"product_brand":[],"product_cat":[163,70],"product_tag":[],"class_list":{"0":"post-1965","1":"product","2":"type-product","3":"status-publish","4":"has-post-thumbnail","6":"product_cat-ohrringe","7":"product_cat-schmuck","9":"first","10":"instock","11":"purchasable","12":"product-type-simple"},"acf":[],"_links":{"self":[{"href":"https:\/\/www.regionalis.shop\/ricardart\/wp-json\/wp\/v2\/product\/1965","targetHints":{"allow":["GET"]}}],"collection":[{"href":"https:\/\/www.regionalis.shop\/ricardart\/wp-json\/wp\/v2\/product"}],"about":[{"href":"https:\/\/www.regionalis.shop\/ricardart\/wp-json\/wp\/v2\/types\/product"}],"wp:featuredmedia":[{"embeddable":true,"href":"https:\/\/www.regionalis.shop\/ricardart\/wp-json\/wp\/v2\/media\/1966"}],"wp:attachment":[{"href":"https:\/\/www.regionalis.shop\/ricardart\/wp-json\/wp\/v2\/media?parent=1965"}],"wp:term":[{"taxonomy":"product_brand","embeddable":true,"href":"https:\/\/www.regionalis.shop\/ricardart\/wp-json\/wp\/v2\/product_brand?post=1965"},{"taxonomy":"product_cat","embeddable":true,"href":"https:\/\/www.regionalis.shop\/ricardart\/wp-json\/wp\/v2\/product_cat?post=1965"},{"taxonomy":"product_tag","embeddable":true,"href":"https:\/\/www.regionalis.shop\/ricardart\/wp-json\/wp\/v2\/product_tag?post=1965"}],"curies":[{"name":"wp","href":"https:\/\/api.w.org\/{rel}","templated":true}]}}