{"id":1973,"date":"2025-04-18T06:33:43","date_gmt":"2025-04-18T04:33:43","guid":{"rendered":"https:\/\/www.regionalis.shop\/ricardart\/product\/makramee-ohrringe-kauri-circles-nature\/"},"modified":"2025-04-18T06:33:43","modified_gmt":"2025-04-18T04:33:43","slug":"makramee-ohrringe-kauri-circles-nature","status":"publish","type":"product","link":"https:\/\/www.regionalis.shop\/ricardart\/shop\/makramee-ohrringe-kauri-circles-nature\/","title":{"rendered":"Makramee Ohrringe *KAURI CIRCLES* nature"},"content":{"rendered":"<p>Von Hand gefertigte Ohrsch\u00e4tze im sommerlichen Boho- Stil, mit nat\u00fcrlichen Kaurimuscheln, vergoldeten Messinghoops &#038; Makrameegarn aus recycelter Baumwolle in naturwei\u00df\/creme. Die Ohrhaken aus vergoldetem Edelstahl sind nickel-&#038; bleifrei und somit auch f\u00fcr sensible Ohren geeignet. Durchmesser Hoops: 30mm<br \/>\n*Die Makrameefransen k\u00f6nnen bei Bedarf mit einem Kamm wieder in Form gebracht werden <\/p>\n<p>***du bekommst deine Ohrringe liebevoll verpackt in einer handbedruckten Box aus recyceltem Altpapier &#8211; individuell &#038; umweltbewusst<\/p>\n","protected":false},"excerpt":{"rendered":"<p>Von Hand gefertigte Ohrsch\u00e4tze im sommerlichen Boho- Stil, mit nat\u00fcrlichen Kaurimuscheln, vergoldeten Messinghoops &#038; Makrameegarn aus recycelter Baumwolle in naturwei\u00df\/creme. Die Ohrhaken aus vergoldetem Edelstahl sind nickel-&#038; bleifrei und somit auch f\u00fcr sensible Ohren geeignet. Durchmesser Hoops: 30mm *Die Makrameefransen k\u00f6nnen bei Bedarf mit einem Kamm wieder in Form gebracht werden ***du bekommst deine Ohrringe &hellip; <a href=\"https:\/\/www.regionalis.shop\/ricardart\/shop\/makramee-ohrringe-kauri-circles-nature\/\">Continued<\/a><\/p>\n","protected":false},"featured_media":1974,"template":"","meta":{"_acf_changed":false},"product_brand":[],"product_cat":[163,70],"product_tag":[],"class_list":{"0":"post-1973","1":"product","2":"type-product","3":"status-publish","4":"has-post-thumbnail","6":"product_cat-ohrringe","7":"product_cat-schmuck","9":"first","10":"instock","11":"purchasable","12":"product-type-simple"},"acf":[],"_links":{"self":[{"href":"https:\/\/www.regionalis.shop\/ricardart\/wp-json\/wp\/v2\/product\/1973","targetHints":{"allow":["GET"]}}],"collection":[{"href":"https:\/\/www.regionalis.shop\/ricardart\/wp-json\/wp\/v2\/product"}],"about":[{"href":"https:\/\/www.regionalis.shop\/ricardart\/wp-json\/wp\/v2\/types\/product"}],"wp:featuredmedia":[{"embeddable":true,"href":"https:\/\/www.regionalis.shop\/ricardart\/wp-json\/wp\/v2\/media\/1974"}],"wp:attachment":[{"href":"https:\/\/www.regionalis.shop\/ricardart\/wp-json\/wp\/v2\/media?parent=1973"}],"wp:term":[{"taxonomy":"product_brand","embeddable":true,"href":"https:\/\/www.regionalis.shop\/ricardart\/wp-json\/wp\/v2\/product_brand?post=1973"},{"taxonomy":"product_cat","embeddable":true,"href":"https:\/\/www.regionalis.shop\/ricardart\/wp-json\/wp\/v2\/product_cat?post=1973"},{"taxonomy":"product_tag","embeddable":true,"href":"https:\/\/www.regionalis.shop\/ricardart\/wp-json\/wp\/v2\/product_tag?post=1973"}],"curies":[{"name":"wp","href":"https:\/\/api.w.org\/{rel}","templated":true}]}}