{"id":1982,"date":"2025-04-18T06:15:23","date_gmt":"2025-04-18T04:15:23","guid":{"rendered":"https:\/\/www.regionalis.shop\/ricardart\/product\/lavendel-makramee-lotusflower-mit-prismaglaskristall\/"},"modified":"2025-04-18T06:15:23","modified_gmt":"2025-04-18T04:15:23","slug":"lavendel-makramee-lotusflower-mit-prismaglaskristall","status":"publish","type":"product","link":"https:\/\/www.regionalis.shop\/ricardart\/shop\/lavendel-makramee-lotusflower-mit-prismaglaskristall\/","title":{"rendered":"Lavendel MAKRAMEE *LOTUSFLOWER* mit Prismaglaskristall"},"content":{"rendered":"<p>Energetisches Makramee Wohnaccessoire, von Hand gefertigt aus Holz (15cm Durchmesser), Bio-Lavendel aus dem eigenen Garten, Makrameegarn aus recycelter Baumwolle (OEKOTEX) &#038; Prismaglaskristallen f\u00fcr den Sonnenf\u00e4nger-Effekt (f\u00e4llt Licht auf die Kristalle so wird es gespalten &#038; in Regenbogenfarben an die W\u00e4nde reflektiert)<\/p>\n","protected":false},"excerpt":{"rendered":"<p>Energetisches Makramee Wohnaccessoire, von Hand gefertigt aus Holz (15cm Durchmesser), Bio-Lavendel aus dem eigenen Garten, Makrameegarn aus recycelter Baumwolle (OEKOTEX) &#038; Prismaglaskristallen f\u00fcr den Sonnenf\u00e4nger-Effekt (f\u00e4llt Licht auf die Kristalle so wird es gespalten &#038; in Regenbogenfarben an die W\u00e4nde reflektiert)<\/p>\n","protected":false},"featured_media":1983,"template":"","meta":{"_acf_changed":false},"product_brand":[],"product_cat":[174,103],"product_tag":[],"class_list":{"0":"post-1982","1":"product","2":"type-product","3":"status-publish","4":"has-post-thumbnail","6":"product_cat-wohndekoration","7":"product_cat-wohnen-deko","9":"first","10":"instock","11":"purchasable","12":"product-type-simple"},"acf":[],"_links":{"self":[{"href":"https:\/\/www.regionalis.shop\/ricardart\/wp-json\/wp\/v2\/product\/1982","targetHints":{"allow":["GET"]}}],"collection":[{"href":"https:\/\/www.regionalis.shop\/ricardart\/wp-json\/wp\/v2\/product"}],"about":[{"href":"https:\/\/www.regionalis.shop\/ricardart\/wp-json\/wp\/v2\/types\/product"}],"wp:featuredmedia":[{"embeddable":true,"href":"https:\/\/www.regionalis.shop\/ricardart\/wp-json\/wp\/v2\/media\/1983"}],"wp:attachment":[{"href":"https:\/\/www.regionalis.shop\/ricardart\/wp-json\/wp\/v2\/media?parent=1982"}],"wp:term":[{"taxonomy":"product_brand","embeddable":true,"href":"https:\/\/www.regionalis.shop\/ricardart\/wp-json\/wp\/v2\/product_brand?post=1982"},{"taxonomy":"product_cat","embeddable":true,"href":"https:\/\/www.regionalis.shop\/ricardart\/wp-json\/wp\/v2\/product_cat?post=1982"},{"taxonomy":"product_tag","embeddable":true,"href":"https:\/\/www.regionalis.shop\/ricardart\/wp-json\/wp\/v2\/product_tag?post=1982"}],"curies":[{"name":"wp","href":"https:\/\/api.w.org\/{rel}","templated":true}]}}