{"id":2007,"date":"2025-04-18T06:14:22","date_gmt":"2025-04-18T04:14:22","guid":{"rendered":"https:\/\/www.regionalis.shop\/ricardart\/product\/mondstein-ohrringe-india-vergoldet\/"},"modified":"2025-04-18T06:14:22","modified_gmt":"2025-04-18T04:14:22","slug":"mondstein-ohrringe-india-vergoldet","status":"publish","type":"product","link":"https:\/\/www.regionalis.shop\/ricardart\/shop\/mondstein-ohrringe-india-vergoldet\/","title":{"rendered":"MONDSTEIN Ohrringe *INDIA vergoldet"},"content":{"rendered":"<p>Kraftvolle Edelsteinsch\u00e4tze mit nat\u00fcrlichem Mondstein in seiner wundersch\u00f6nen &#038; einzigartigen Form \u2661<br \/>\nVon Hand gefertigt aus vergoldetem Edelstahl, mit 18k vergoldeten Kupferperlen &#038; Ohrhakrn aus nickelfreiem Edelstahl (vergoldet)<br \/>\n*aufgrund der Einzigartigkeit der einzelnen Edelsteine wird auch jedes Schmuckst\u00fcck zu einem Unikat &#038; somit einzigartig- so einzigartig wie du \u2661<br \/>\n**Du bekommst deine Sch\u00e4tze h\u00fcbsch verpackt in einer handbedruckten Box aus recyceltem Altpapier, mit pers\u00f6nlichem Steckbrief beigelegt auf dem du die wichtigsten Infos zu deinem neuen Begleiter nachlesen kannst <\/p>\n<p>MONDSTEIN\u00a0(Sakralchakra\/Sv\u00e3dhisth\u00e3na)<br \/>\nIntuition ~ Sch\u00f6pferkraft &#8211; Weiblichkeit &#8211; Fruchtbarkeit\u00a0 <\/p>\n<p>Der Mondstein f\u00f6rdert die Empathie dir selbst gegen\u00fcber. Ganz besonders unterst\u00fctzt dich der Mondstein in allen Aspekten deiner wunderbaren Weiblichkeit und hilft dir, deine Yin-Energie zu entdecken und in Balance zu bringen. Er ist dir auch bei Kinderwunsch, in der Schwangerschaft und als Mama ein wunderbarer &#038; unterst\u00fctzenden Begleiter\u00a0<\/p>\n","protected":false},"excerpt":{"rendered":"<p>Kraftvolle Edelsteinsch\u00e4tze mit nat\u00fcrlichem Mondstein in seiner wundersch\u00f6nen &#038; einzigartigen Form \u2661 Von Hand gefertigt aus vergoldetem Edelstahl, mit 18k vergoldeten Kupferperlen &#038; Ohrhakrn aus nickelfreiem Edelstahl (vergoldet) *aufgrund der Einzigartigkeit der einzelnen Edelsteine wird auch jedes Schmuckst\u00fcck zu einem Unikat &#038; somit einzigartig- so einzigartig wie du \u2661 **Du bekommst deine Sch\u00e4tze h\u00fcbsch verpackt &hellip; <a href=\"https:\/\/www.regionalis.shop\/ricardart\/shop\/mondstein-ohrringe-india-vergoldet\/\">Continued<\/a><\/p>\n","protected":false},"featured_media":2008,"template":"","meta":{"_acf_changed":false},"product_brand":[],"product_cat":[163,70],"product_tag":[],"class_list":{"0":"post-2007","1":"product","2":"type-product","3":"status-publish","4":"has-post-thumbnail","6":"product_cat-ohrringe","7":"product_cat-schmuck","9":"first","10":"instock","11":"purchasable","12":"product-type-simple"},"acf":[],"_links":{"self":[{"href":"https:\/\/www.regionalis.shop\/ricardart\/wp-json\/wp\/v2\/product\/2007","targetHints":{"allow":["GET"]}}],"collection":[{"href":"https:\/\/www.regionalis.shop\/ricardart\/wp-json\/wp\/v2\/product"}],"about":[{"href":"https:\/\/www.regionalis.shop\/ricardart\/wp-json\/wp\/v2\/types\/product"}],"wp:featuredmedia":[{"embeddable":true,"href":"https:\/\/www.regionalis.shop\/ricardart\/wp-json\/wp\/v2\/media\/2008"}],"wp:attachment":[{"href":"https:\/\/www.regionalis.shop\/ricardart\/wp-json\/wp\/v2\/media?parent=2007"}],"wp:term":[{"taxonomy":"product_brand","embeddable":true,"href":"https:\/\/www.regionalis.shop\/ricardart\/wp-json\/wp\/v2\/product_brand?post=2007"},{"taxonomy":"product_cat","embeddable":true,"href":"https:\/\/www.regionalis.shop\/ricardart\/wp-json\/wp\/v2\/product_cat?post=2007"},{"taxonomy":"product_tag","embeddable":true,"href":"https:\/\/www.regionalis.shop\/ricardart\/wp-json\/wp\/v2\/product_tag?post=2007"}],"curies":[{"name":"wp","href":"https:\/\/api.w.org\/{rel}","templated":true}]}}