{"id":2012,"date":"2025-04-18T06:07:48","date_gmt":"2025-04-18T04:07:48","guid":{"rendered":"https:\/\/www.regionalis.shop\/ricardart\/product\/citrin-doppelarmband-blume-des-lebens\/"},"modified":"2025-04-18T06:07:48","modified_gmt":"2025-04-18T04:07:48","slug":"citrin-doppelarmband-blume-des-lebens","status":"publish","type":"product","link":"https:\/\/www.regionalis.shop\/ricardart\/shop\/citrin-doppelarmband-blume-des-lebens\/","title":{"rendered":"CITRIN Doppelarmband *BLUME DES LEBENS*"},"content":{"rendered":"<p>Die Blume des Lebens\u00a0<br \/>\n&#8230;das Urmuster der Sch\u00f6pfung &#038; Symbol der heiligen Geometrie.\u00a0 Mit ihren 19 gleichm\u00e4\u00dfigen Kreisen symbolisiert sie kosmische Ordnung, Vollkommenheit &#038; Harmonie. Ihr einzigartiges &#038; vollkommenes Schwingungsmuster wird weit verbreitet zur Harmonisierung negativer Energien &#038; als Schutzschild davor eingesetzt. In Wohnr\u00e4umen sorgt sie f\u00fcr ein harmonisches,\u00a0 positives Raumklima &#038; f\u00fcr ein angenehmes Wohn-&#038; Wohlgef\u00fchl\u00a0<br \/>\n***<br \/>\nHandgefertigtes Armband aus strapazierf\u00e4higem Makrameegarn (gewachst &#038; wasserfest), mit nat\u00fcrlichem Citrin (4&#038;6mm) in seiner wundersch\u00f6nen &#038; strahlenden Form &#038; 20mm Lebensblume aus robuster Metalllegierung. Dank l\u00e4ngenverstellbarem Schiebeverschluss ist das Armband individuell an fast jedes Handgelenk anpassbar.<\/p>\n","protected":false},"excerpt":{"rendered":"<p>Die Blume des Lebens\u00a0 &#8230;das Urmuster der Sch\u00f6pfung &#038; Symbol der heiligen Geometrie.\u00a0 Mit ihren 19 gleichm\u00e4\u00dfigen Kreisen symbolisiert sie kosmische Ordnung, Vollkommenheit &#038; Harmonie. Ihr einzigartiges &#038; vollkommenes Schwingungsmuster wird weit verbreitet zur Harmonisierung negativer Energien &#038; als Schutzschild davor eingesetzt. In Wohnr\u00e4umen sorgt sie f\u00fcr ein harmonisches,\u00a0 positives Raumklima &#038; f\u00fcr ein angenehmes &hellip; <a href=\"https:\/\/www.regionalis.shop\/ricardart\/shop\/citrin-doppelarmband-blume-des-lebens\/\">Continued<\/a><\/p>\n","protected":false},"featured_media":2013,"template":"","meta":{"_acf_changed":false},"product_brand":[],"product_cat":[110,70],"product_tag":[],"class_list":{"0":"post-2012","1":"product","2":"type-product","3":"status-publish","4":"has-post-thumbnail","6":"product_cat-armbaender","7":"product_cat-schmuck","9":"first","10":"instock","11":"purchasable","12":"product-type-simple"},"acf":[],"_links":{"self":[{"href":"https:\/\/www.regionalis.shop\/ricardart\/wp-json\/wp\/v2\/product\/2012","targetHints":{"allow":["GET"]}}],"collection":[{"href":"https:\/\/www.regionalis.shop\/ricardart\/wp-json\/wp\/v2\/product"}],"about":[{"href":"https:\/\/www.regionalis.shop\/ricardart\/wp-json\/wp\/v2\/types\/product"}],"wp:featuredmedia":[{"embeddable":true,"href":"https:\/\/www.regionalis.shop\/ricardart\/wp-json\/wp\/v2\/media\/2013"}],"wp:attachment":[{"href":"https:\/\/www.regionalis.shop\/ricardart\/wp-json\/wp\/v2\/media?parent=2012"}],"wp:term":[{"taxonomy":"product_brand","embeddable":true,"href":"https:\/\/www.regionalis.shop\/ricardart\/wp-json\/wp\/v2\/product_brand?post=2012"},{"taxonomy":"product_cat","embeddable":true,"href":"https:\/\/www.regionalis.shop\/ricardart\/wp-json\/wp\/v2\/product_cat?post=2012"},{"taxonomy":"product_tag","embeddable":true,"href":"https:\/\/www.regionalis.shop\/ricardart\/wp-json\/wp\/v2\/product_tag?post=2012"}],"curies":[{"name":"wp","href":"https:\/\/api.w.org\/{rel}","templated":true}]}}