{"id":2017,"date":"2025-04-18T06:07:48","date_gmt":"2025-04-18T04:07:48","guid":{"rendered":"https:\/\/www.regionalis.shop\/ricardart\/product\/chakra-armband-blume-des-lebens\/"},"modified":"2025-04-18T06:07:48","modified_gmt":"2025-04-18T04:07:48","slug":"chakra-armband-blume-des-lebens","status":"publish","type":"product","link":"https:\/\/www.regionalis.shop\/ricardart\/shop\/chakra-armband-blume-des-lebens\/","title":{"rendered":"CHAKRA Armband *BLUME DES LEBENS*"},"content":{"rendered":"<p>Kraftvolles Chakraarmband mit 7 sorgf\u00e4ltig ausgew\u00e4hlten Edelsteinen (4mm Perlen) zur Harmonisierung unserer Chakren &#038; f\u00fcr innere Balance  (mit Amethyst, Lapislazuli, T\u00fcrkis, Aventurin, Tigerauge, Karneol &#038; Achat)<br \/>\nVon Hand gefertigt aus strapazierf\u00e4higem Makrameegarn (gewachst &#038; wasserfest) mit 20mm Lebensblume &#038; l\u00e4ngenverstellbarem Schiebeverschluss zum individuellen anpassen.<\/p>\n<p>*du bekommst dein Armband h\u00fcbsch verpackt in einer handbedruckten Box aus recyceltem Altpapier &#8211;  individuell &#038; umweltbewusst<\/p>\n","protected":false},"excerpt":{"rendered":"<p>Kraftvolles Chakraarmband mit 7 sorgf\u00e4ltig ausgew\u00e4hlten Edelsteinen (4mm Perlen) zur Harmonisierung unserer Chakren &#038; f\u00fcr innere Balance (mit Amethyst, Lapislazuli, T\u00fcrkis, Aventurin, Tigerauge, Karneol &#038; Achat) Von Hand gefertigt aus strapazierf\u00e4higem Makrameegarn (gewachst &#038; wasserfest) mit 20mm Lebensblume &#038; l\u00e4ngenverstellbarem Schiebeverschluss zum individuellen anpassen. *du bekommst dein Armband h\u00fcbsch verpackt in einer handbedruckten Box aus &hellip; <a href=\"https:\/\/www.regionalis.shop\/ricardart\/shop\/chakra-armband-blume-des-lebens\/\">Continued<\/a><\/p>\n","protected":false},"featured_media":2018,"template":"","meta":{"_acf_changed":false},"product_brand":[],"product_cat":[110,70],"product_tag":[],"class_list":{"0":"post-2017","1":"product","2":"type-product","3":"status-publish","4":"has-post-thumbnail","6":"product_cat-armbaender","7":"product_cat-schmuck","9":"first","10":"instock","11":"purchasable","12":"product-type-simple"},"acf":[],"_links":{"self":[{"href":"https:\/\/www.regionalis.shop\/ricardart\/wp-json\/wp\/v2\/product\/2017","targetHints":{"allow":["GET"]}}],"collection":[{"href":"https:\/\/www.regionalis.shop\/ricardart\/wp-json\/wp\/v2\/product"}],"about":[{"href":"https:\/\/www.regionalis.shop\/ricardart\/wp-json\/wp\/v2\/types\/product"}],"wp:featuredmedia":[{"embeddable":true,"href":"https:\/\/www.regionalis.shop\/ricardart\/wp-json\/wp\/v2\/media\/2018"}],"wp:attachment":[{"href":"https:\/\/www.regionalis.shop\/ricardart\/wp-json\/wp\/v2\/media?parent=2017"}],"wp:term":[{"taxonomy":"product_brand","embeddable":true,"href":"https:\/\/www.regionalis.shop\/ricardart\/wp-json\/wp\/v2\/product_brand?post=2017"},{"taxonomy":"product_cat","embeddable":true,"href":"https:\/\/www.regionalis.shop\/ricardart\/wp-json\/wp\/v2\/product_cat?post=2017"},{"taxonomy":"product_tag","embeddable":true,"href":"https:\/\/www.regionalis.shop\/ricardart\/wp-json\/wp\/v2\/product_tag?post=2017"}],"curies":[{"name":"wp","href":"https:\/\/api.w.org\/{rel}","templated":true}]}}