{"id":2022,"date":"2025-04-18T06:07:48","date_gmt":"2025-04-18T04:07:48","guid":{"rendered":"https:\/\/www.regionalis.shop\/ricardart\/product\/granat-fussband-stern-gold-oliv\/"},"modified":"2025-04-18T06:07:48","modified_gmt":"2025-04-18T04:07:48","slug":"granat-fussband-stern-gold-oliv","status":"publish","type":"product","link":"https:\/\/www.regionalis.shop\/ricardart\/shop\/granat-fussband-stern-gold-oliv\/","title":{"rendered":"GRANAT Fu\u00dfband *STERN* gold\/oliv"},"content":{"rendered":"<p>Zartes, wasserfestes Fu\u00dfkettchen mit nat\u00fcrlichen Granatperlen (4mm), 18k vergoldeten Kupferperlen, nickelfreiem Messinganh\u00e4nger in gold (~13mm) &#038; l\u00e4ngenverstellbarem Schiebeverschluss zum individuellen anpassen.<br \/>\nVon Hand gefertigt aus gewachstem, sehr strapazierf\u00e4higem &#038; wasserfestem Makrameegarn  &#8211; ideal also f\u00fcr den Sommer &#038; die Badesaison<\/p>\n","protected":false},"excerpt":{"rendered":"<p>Zartes, wasserfestes Fu\u00dfkettchen mit nat\u00fcrlichen Granatperlen (4mm), 18k vergoldeten Kupferperlen, nickelfreiem Messinganh\u00e4nger in gold (~13mm) &#038; l\u00e4ngenverstellbarem Schiebeverschluss zum individuellen anpassen. Von Hand gefertigt aus gewachstem, sehr strapazierf\u00e4higem &#038; wasserfestem Makrameegarn &#8211; ideal also f\u00fcr den Sommer &#038; die Badesaison<\/p>\n","protected":false},"featured_media":2023,"template":"","meta":{"_acf_changed":false},"product_brand":[],"product_cat":[154,70],"product_tag":[],"class_list":{"0":"post-2022","1":"product","2":"type-product","3":"status-publish","4":"has-post-thumbnail","6":"product_cat-koerperschmuck","7":"product_cat-schmuck","9":"first","10":"instock","11":"purchasable","12":"product-type-simple"},"acf":[],"_links":{"self":[{"href":"https:\/\/www.regionalis.shop\/ricardart\/wp-json\/wp\/v2\/product\/2022","targetHints":{"allow":["GET"]}}],"collection":[{"href":"https:\/\/www.regionalis.shop\/ricardart\/wp-json\/wp\/v2\/product"}],"about":[{"href":"https:\/\/www.regionalis.shop\/ricardart\/wp-json\/wp\/v2\/types\/product"}],"wp:featuredmedia":[{"embeddable":true,"href":"https:\/\/www.regionalis.shop\/ricardart\/wp-json\/wp\/v2\/media\/2023"}],"wp:attachment":[{"href":"https:\/\/www.regionalis.shop\/ricardart\/wp-json\/wp\/v2\/media?parent=2022"}],"wp:term":[{"taxonomy":"product_brand","embeddable":true,"href":"https:\/\/www.regionalis.shop\/ricardart\/wp-json\/wp\/v2\/product_brand?post=2022"},{"taxonomy":"product_cat","embeddable":true,"href":"https:\/\/www.regionalis.shop\/ricardart\/wp-json\/wp\/v2\/product_cat?post=2022"},{"taxonomy":"product_tag","embeddable":true,"href":"https:\/\/www.regionalis.shop\/ricardart\/wp-json\/wp\/v2\/product_tag?post=2022"}],"curies":[{"name":"wp","href":"https:\/\/api.w.org\/{rel}","templated":true}]}}