{"id":2027,"date":"2025-04-18T06:07:48","date_gmt":"2025-04-18T04:07:48","guid":{"rendered":"https:\/\/www.regionalis.shop\/ricardart\/product\/lavendel-traumfaenger-natural-white-mit-prismakristall\/"},"modified":"2025-04-18T06:07:48","modified_gmt":"2025-04-18T04:07:48","slug":"lavendel-traumfaenger-natural-white-mit-prismakristall","status":"publish","type":"product","link":"https:\/\/www.regionalis.shop\/ricardart\/shop\/lavendel-traumfaenger-natural-white-mit-prismakristall\/","title":{"rendered":"Lavendel Traumf\u00e4nger *natural white mit Prismakristall"},"content":{"rendered":"<p>Ein einzigartiges &#038; wohlduftendes Wohnaccessoire, von Hand gefertigt mit Bio-Lavendel aus dem eigenen Garten \u2661<br \/>\nim Schlafzimmer: um mit seinem entspannendem Aroma zum Tr\u00e4umen anzuregen &#038;  b\u00f6se Tr\u00e4ume abzufangen ODER als harmonisierendes Highlight im Wohnbereich &#8211; ein duftendes Herzst\u00fcck f\u00fcr jeden Ort deiner Wahl \u2661<br \/>\nDer \u00e4u\u00dfere Metallreifen hat einen Durchmesser von 15cm, umkn\u00fcpft mit recycelter Baumwolle &#038; Holzperlen, best\u00fcckt mit nat\u00fcrlichem Amethyst &#038; Prismaglaskristall , dieser sorgt mit seinem &#8222;Sonnenf\u00e4nger-Effekt&#8220; f\u00fcr ein angenehmes &#038; harmonisches Wohn-,&#038; Wohlgef\u00fchl \u2661<br \/>\n***Sonnenf\u00e4nger-Effekt: F\u00e4llt Licht auf einen Prismakristall wird\u00a0 es gespalten &#038; reflektiert und zeigt sich so in den wundersch\u00f6nen Farben des Regenbogens (Spektralfarben) auf deinen W\u00e4nden &#038; auf umgebenden Fl\u00e4chen wieder<\/p>\n<p>Gesamtl\u00e4nge ca. 40cm (ohne Aufh\u00e4ngung)<\/p>\n","protected":false},"excerpt":{"rendered":"<p>Ein einzigartiges &#038; wohlduftendes Wohnaccessoire, von Hand gefertigt mit Bio-Lavendel aus dem eigenen Garten \u2661 im Schlafzimmer: um mit seinem entspannendem Aroma zum Tr\u00e4umen anzuregen &#038; b\u00f6se Tr\u00e4ume abzufangen ODER als harmonisierendes Highlight im Wohnbereich &#8211; ein duftendes Herzst\u00fcck f\u00fcr jeden Ort deiner Wahl \u2661 Der \u00e4u\u00dfere Metallreifen hat einen Durchmesser von 15cm, umkn\u00fcpft mit &hellip; <a href=\"https:\/\/www.regionalis.shop\/ricardart\/shop\/lavendel-traumfaenger-natural-white-mit-prismakristall\/\">Continued<\/a><\/p>\n","protected":false},"featured_media":2028,"template":"","meta":{"_acf_changed":false},"product_brand":[],"product_cat":[174,103],"product_tag":[],"class_list":{"0":"post-2027","1":"product","2":"type-product","3":"status-publish","4":"has-post-thumbnail","6":"product_cat-wohndekoration","7":"product_cat-wohnen-deko","9":"first","10":"instock","11":"purchasable","12":"product-type-simple"},"acf":[],"_links":{"self":[{"href":"https:\/\/www.regionalis.shop\/ricardart\/wp-json\/wp\/v2\/product\/2027","targetHints":{"allow":["GET"]}}],"collection":[{"href":"https:\/\/www.regionalis.shop\/ricardart\/wp-json\/wp\/v2\/product"}],"about":[{"href":"https:\/\/www.regionalis.shop\/ricardart\/wp-json\/wp\/v2\/types\/product"}],"wp:featuredmedia":[{"embeddable":true,"href":"https:\/\/www.regionalis.shop\/ricardart\/wp-json\/wp\/v2\/media\/2028"}],"wp:attachment":[{"href":"https:\/\/www.regionalis.shop\/ricardart\/wp-json\/wp\/v2\/media?parent=2027"}],"wp:term":[{"taxonomy":"product_brand","embeddable":true,"href":"https:\/\/www.regionalis.shop\/ricardart\/wp-json\/wp\/v2\/product_brand?post=2027"},{"taxonomy":"product_cat","embeddable":true,"href":"https:\/\/www.regionalis.shop\/ricardart\/wp-json\/wp\/v2\/product_cat?post=2027"},{"taxonomy":"product_tag","embeddable":true,"href":"https:\/\/www.regionalis.shop\/ricardart\/wp-json\/wp\/v2\/product_tag?post=2027"}],"curies":[{"name":"wp","href":"https:\/\/api.w.org\/{rel}","templated":true}]}}