{"id":2037,"date":"2025-04-18T06:02:08","date_gmt":"2025-04-18T04:02:08","guid":{"rendered":"https:\/\/www.regionalis.shop\/ricardart\/product\/citrin-aventurin-doppelarmband-circle-ellipse-18k-vergoldet\/"},"modified":"2025-04-18T06:02:08","modified_gmt":"2025-04-18T04:02:08","slug":"citrin-aventurin-doppelarmband-circle-ellipse-18k-vergoldet","status":"publish","type":"product","link":"https:\/\/www.regionalis.shop\/ricardart\/shop\/citrin-aventurin-doppelarmband-circle-ellipse-18k-vergoldet\/","title":{"rendered":"Citrin\/Aventurin Doppelarmband *CIRCLE\/ELLIPSE* 18k vergoldet"},"content":{"rendered":"<p>Hochwertige Edelsteinarmb\u00e4nder aus strapazierf\u00e4higem Makrameegarn (gewachst &#038; wasserfest), mit nat\u00fcrlichem Citrin oder Aventurin (4-6mm), 18k vvergoldeten Messingperlen (~2mm) &#038; echtvergoldetem Edelstahlverbinder (nickelfrei, langlebig &#038; wasserfest)<br \/>\nDank l\u00e4ngenverstellbarem Schiebeverschluss   sind die Armb\u00e4nder an jedes Handgelenk individuell anpassbar<\/p>\n<p>*du bekommst dein Armband h\u00fcbsch verpackt in einer handbedruckten Box aus recyceltem Altpapier, mit pers\u00f6nlichem Steckbrief beigelegt, auf dem du die wichtigsten Infos zu deinem neuen Begleiter nachlesen kannst<\/p>\n","protected":false},"excerpt":{"rendered":"<p>Hochwertige Edelsteinarmb\u00e4nder aus strapazierf\u00e4higem Makrameegarn (gewachst &#038; wasserfest), mit nat\u00fcrlichem Citrin oder Aventurin (4-6mm), 18k vvergoldeten Messingperlen (~2mm) &#038; echtvergoldetem Edelstahlverbinder (nickelfrei, langlebig &#038; wasserfest) Dank l\u00e4ngenverstellbarem Schiebeverschluss sind die Armb\u00e4nder an jedes Handgelenk individuell anpassbar *du bekommst dein Armband h\u00fcbsch verpackt in einer handbedruckten Box aus recyceltem Altpapier, mit pers\u00f6nlichem Steckbrief beigelegt, auf dem &hellip; <a href=\"https:\/\/www.regionalis.shop\/ricardart\/shop\/citrin-aventurin-doppelarmband-circle-ellipse-18k-vergoldet\/\">Continued<\/a><\/p>\n","protected":false},"featured_media":2038,"template":"","meta":{"_acf_changed":false},"product_brand":[],"product_cat":[110,70],"product_tag":[],"class_list":{"0":"post-2037","1":"product","2":"type-product","3":"status-publish","4":"has-post-thumbnail","6":"product_cat-armbaender","7":"product_cat-schmuck","9":"first","10":"instock","11":"purchasable","12":"product-type-simple"},"acf":[],"_links":{"self":[{"href":"https:\/\/www.regionalis.shop\/ricardart\/wp-json\/wp\/v2\/product\/2037","targetHints":{"allow":["GET"]}}],"collection":[{"href":"https:\/\/www.regionalis.shop\/ricardart\/wp-json\/wp\/v2\/product"}],"about":[{"href":"https:\/\/www.regionalis.shop\/ricardart\/wp-json\/wp\/v2\/types\/product"}],"wp:featuredmedia":[{"embeddable":true,"href":"https:\/\/www.regionalis.shop\/ricardart\/wp-json\/wp\/v2\/media\/2038"}],"wp:attachment":[{"href":"https:\/\/www.regionalis.shop\/ricardart\/wp-json\/wp\/v2\/media?parent=2037"}],"wp:term":[{"taxonomy":"product_brand","embeddable":true,"href":"https:\/\/www.regionalis.shop\/ricardart\/wp-json\/wp\/v2\/product_brand?post=2037"},{"taxonomy":"product_cat","embeddable":true,"href":"https:\/\/www.regionalis.shop\/ricardart\/wp-json\/wp\/v2\/product_cat?post=2037"},{"taxonomy":"product_tag","embeddable":true,"href":"https:\/\/www.regionalis.shop\/ricardart\/wp-json\/wp\/v2\/product_tag?post=2037"}],"curies":[{"name":"wp","href":"https:\/\/api.w.org\/{rel}","templated":true}]}}