{"id":2042,"date":"2025-04-18T06:02:08","date_gmt":"2025-04-18T04:02:08","guid":{"rendered":"https:\/\/www.regionalis.shop\/ricardart\/product\/crystal-circle-amethyst-bergkristall-kronenchakra\/"},"modified":"2025-04-18T06:02:08","modified_gmt":"2025-04-18T04:02:08","slug":"crystal-circle-amethyst-bergkristall-kronenchakra","status":"publish","type":"product","link":"https:\/\/www.regionalis.shop\/ricardart\/shop\/crystal-circle-amethyst-bergkristall-kronenchakra\/","title":{"rendered":"Crystal Circle *AMETHYST-BERGKRISTALL* Kronenchakra"},"content":{"rendered":"<p>Hol dir Licht &#038; positive Energie ins Haus!!!<br \/>\nDie &#8218;Crystal Circles&#8216; sind ganz besondere Sch\u00e4tze in meinem Sortiment &#038; jeder Circle ist aufgrund der individuellen Beschaffenheit der einzelnen Rohsteine absolut einzigartig &#8211; so einzigartig wie DU <\/p>\n<p>Die Crystal Circles lieben es besonders im Licht, vorallem in der Sonne oder vor Fenstern zu h\u00e4ngen. Die Prismaglaskristalle sorgen mit ihrem &#8222;Sonnenf\u00e4nger-Effekt&#8220; f\u00fcr ein angenehmes &#038; harmonisches Wohn-,&#038; Wohlgef\u00fchl<br \/>\n*Sonnenf\u00e4nger-Effekt: F\u00e4llt Licht auf ein Prisma\/ einen Prismakristall, so wird\u00a0 es gespalten &#038; in den wundersch\u00f6nen\u00a0 Farben des Regenbogens (Spektralfarben) auf deinen W\u00e4nden &#038; auf umgebenden Fl\u00e4chen reflektiert<br \/>\n***Laut Fengh Shui soll das Anbringen vorm Fenster verhindern, dass positive Energien zu schnell wieder hinaus str\u00f6men***<\/p>\n<p>MATERIALIEN:<br \/>\n&#8211; mit nat\u00fcrlichen Edelsteinen in ihrer wundersch\u00f6nen &#038; strahlenden Form (Amethyst &#038; Bergkristall)<br \/>\n&#8211; vergoldeter Metallreifen mit 16cm \u00e4u\u00dferem Durchmesser,<br \/>\n&#8211; vergoldete Zwischenelemente &#038;<br \/>\n&#8211; facettiert geschliffene Prismaglaskristalle zur Reflexion des Sonnenlichts <\/p>\n<p>*du bekommst deinen Circle h\u00fcbsch verpackt in handbedrucktem, recyceltem Altpapier, mit pers\u00f6nlichem Steckbrief beigelegt auf dem du die wichtigsten Infos zu deinem neuen Herzst\u00fcck nachlesen kannst <\/p>\n<p>BERGKRISTALL \u00a0(Kronenchakra\/Sahasr\u00e3ra)<br \/>\nKlarheit ~ Intuition ~ Geisteskraft ~ Erkenntnis  ~ Konzentration<br \/>\nDer Bergkristall geh\u00f6rt zu den Quarzen &#038; ist einer der wichtigsten &#038; st\u00e4rksten Heilsteine \u00fcberhaupt. Er steht f\u00fcr Spiritualit\u00e4t, Intuition, Erkenntnis &#038; Erleuchtung. Ein wertvolller Begleiter in jeder Phase des Lebens, insbesondere beim geistigen Lern-, &#038; Reifeprozess. Der Bergkristall wird au\u00dferdem zur Aufladung anderer Edelsteine verwendet &#038; sollte auch selbst regelm\u00e4\u00dfig gereinigt\/ ge-\/entladen werden<br \/>\nGeburtsstein: April<\/p>\n<p>AMETHYST \u00a0(Kronenchakra\/Sahasr\u00e2ra)<br \/>\nKonzentration ~ Klarheit ~ Wahrnehmung\u00a0 ~ Ruhe<br \/>\nDer Amethyst, mit seiner wundersch\u00f6nen &#038; unverkennbar violetten Farbe ist ein wunderbarer &#8222;Lern-Stein&#8220; &#038; ideal zum Einschlafen.<br \/>\nAnwendungsgebiete: bei Kopfschmerzen, Schlafproblemen oder Konzentrationsschwierigkeiten. Zur Unterst\u00fctzung in Lern-&#038;, Pr\u00fcfungssituationen<br \/>\nGeburtsstein: Februar<\/p>\n","protected":false},"excerpt":{"rendered":"<p>Hol dir Licht &#038; positive Energie ins Haus!!! Die &#8218;Crystal Circles&#8216; sind ganz besondere Sch\u00e4tze in meinem Sortiment &#038; jeder Circle ist aufgrund der individuellen Beschaffenheit der einzelnen Rohsteine absolut einzigartig &#8211; so einzigartig wie DU Die Crystal Circles lieben es besonders im Licht, vorallem in der Sonne oder vor Fenstern zu h\u00e4ngen. Die Prismaglaskristalle &hellip; <a href=\"https:\/\/www.regionalis.shop\/ricardart\/shop\/crystal-circle-amethyst-bergkristall-kronenchakra\/\">Continued<\/a><\/p>\n","protected":false},"featured_media":2043,"template":"","meta":{"_acf_changed":false},"product_brand":[],"product_cat":[174,103],"product_tag":[],"class_list":{"0":"post-2042","1":"product","2":"type-product","3":"status-publish","4":"has-post-thumbnail","6":"product_cat-wohndekoration","7":"product_cat-wohnen-deko","9":"first","10":"instock","11":"purchasable","12":"product-type-simple"},"acf":[],"_links":{"self":[{"href":"https:\/\/www.regionalis.shop\/ricardart\/wp-json\/wp\/v2\/product\/2042","targetHints":{"allow":["GET"]}}],"collection":[{"href":"https:\/\/www.regionalis.shop\/ricardart\/wp-json\/wp\/v2\/product"}],"about":[{"href":"https:\/\/www.regionalis.shop\/ricardart\/wp-json\/wp\/v2\/types\/product"}],"wp:featuredmedia":[{"embeddable":true,"href":"https:\/\/www.regionalis.shop\/ricardart\/wp-json\/wp\/v2\/media\/2043"}],"wp:attachment":[{"href":"https:\/\/www.regionalis.shop\/ricardart\/wp-json\/wp\/v2\/media?parent=2042"}],"wp:term":[{"taxonomy":"product_brand","embeddable":true,"href":"https:\/\/www.regionalis.shop\/ricardart\/wp-json\/wp\/v2\/product_brand?post=2042"},{"taxonomy":"product_cat","embeddable":true,"href":"https:\/\/www.regionalis.shop\/ricardart\/wp-json\/wp\/v2\/product_cat?post=2042"},{"taxonomy":"product_tag","embeddable":true,"href":"https:\/\/www.regionalis.shop\/ricardart\/wp-json\/wp\/v2\/product_tag?post=2042"}],"curies":[{"name":"wp","href":"https:\/\/api.w.org\/{rel}","templated":true}]}}